{"id":8245,"date":"2024-04-05T11:11:22","date_gmt":"2024-04-05T11:11:22","guid":{"rendered":"https:\/\/steponguides.com\/?page_id=8245"},"modified":"2024-05-03T23:50:58","modified_gmt":"2024-05-03T23:50:58","slug":"new","status":"publish","type":"page","link":"https:\/\/steponguides.com\/fr\/new.html","title":{"rendered":"What&#8217;s New"},"content":{"rendered":"<div data-elementor-type=\"wp-page\" data-elementor-id=\"8245\" class=\"elementor elementor-8245\">\n\t\t\t\t\t\t<section class=\"elementor-section elementor-top-section elementor-element elementor-element-c4eae63 elementor-section-boxed elementor-section-height-default elementor-section-height-default tf-sticky-no tf-sticky-scroll-down-yes\" data-id=\"c4eae63\" data-element_type=\"section\" data-e-type=\"section\" data-settings=\"{&quot;background_background&quot;:&quot;classic&quot;,&quot;tf_sticky&quot;:&quot;no&quot;,&quot;tf_sticky_scroll_down&quot;:&quot;yes&quot;}\">\n\t\t\t\t\t\t<div class=\"elementor-container elementor-column-gap-no\">\n\t\t\t\t\t<div class=\"elementor-column elementor-col-100 elementor-top-column elementor-element elementor-element-e420434\" data-id=\"e420434\" data-element_type=\"column\" data-e-type=\"column\">\n\t\t\t<div class=\"elementor-widget-wrap elementor-element-populated\">\n\t\t\t\t\t\t<div class=\"elementor-element elementor-element-b156504 elementor-widget elementor-widget-spacer\" data-id=\"b156504\" data-element_type=\"widget\" data-e-type=\"widget\" data-widget_type=\"spacer.default\">\n\t\t\t\t<div class=\"elementor-widget-container\">\n\t\t\t\t\t\t\t<div class=\"elementor-spacer\">\n\t\t\t<div class=\"elementor-spacer-inner\"><\/div>\n\t\t<\/div>\n\t\t\t\t\t\t<\/div>\n\t\t\t\t<\/div>\n\t\t\t\t<div class=\"elementor-element elementor-element-81b0c7b elementor-widget elementor-widget-heading\" data-id=\"81b0c7b\" data-element_type=\"widget\" data-e-type=\"widget\" data-widget_type=\"heading.default\">\n\t\t\t\t<div class=\"elementor-widget-container\">\n\t\t\t\t\t<h2 class=\"elementor-heading-title elementor-size-default\">Nouveaut\u00e9s<\/h2>\t\t\t\t<\/div>\n\t\t\t\t<\/div>\n\t\t\t\t<div class=\"elementor-element elementor-element-f2cc2fa elementor-widget elementor-widget-spacer\" data-id=\"f2cc2fa\" data-element_type=\"widget\" data-e-type=\"widget\" data-widget_type=\"spacer.default\">\n\t\t\t\t<div class=\"elementor-widget-container\">\n\t\t\t\t\t\t\t<div class=\"elementor-spacer\">\n\t\t\t<div class=\"elementor-spacer-inner\"><\/div>\n\t\t<\/div>\n\t\t\t\t\t\t<\/div>\n\t\t\t\t<\/div>\n\t\t\t\t<section class=\"elementor-section elementor-inner-section elementor-element elementor-element-6bfb62f elementor-section-boxed elementor-section-height-default elementor-section-height-default tf-sticky-no tf-sticky-scroll-down-yes\" data-id=\"6bfb62f\" data-element_type=\"section\" data-e-type=\"section\" data-settings=\"{&quot;tf_sticky&quot;:&quot;no&quot;,&quot;tf_sticky_scroll_down&quot;:&quot;yes&quot;}\">\n\t\t\t\t\t\t<div class=\"elementor-container elementor-column-gap-extended\">\n\t\t\t\t\t<div class=\"elementor-column elementor-col-50 elementor-inner-column elementor-element elementor-element-5d7fc58 tfl-col-7\" data-id=\"5d7fc58\" data-element_type=\"column\" data-e-type=\"column\">\n\t\t\t<div class=\"elementor-widget-wrap elementor-element-populated\">\n\t\t\t\t\t\t<div class=\"elementor-element elementor-element-6a78ce7 has-detail lh-1313-em sub-mb-4 elementor-widget elementor-widget-tfl-heading\" data-id=\"6a78ce7\" data-element_type=\"widget\" data-e-type=\"widget\" data-widget_type=\"tfl-heading.default\">\n\t\t\t\t<div class=\"elementor-widget-container\">\n\t\t\t\t\t\n<div class=\"tfl-heading tfl-style1 tfl-align\" >\n        <div class=\"tfl-title\">\n    Cantons de l'Est\n    \n<\/div>\n<\/div>\t\t\t\t<\/div>\n\t\t\t\t<\/div>\n\t\t\t\t<div class=\"elementor-element elementor-element-451d844 elementor-widget elementor-widget-spacer\" data-id=\"451d844\" data-element_type=\"widget\" data-e-type=\"widget\" data-widget_type=\"spacer.default\">\n\t\t\t\t<div class=\"elementor-widget-container\">\n\t\t\t\t\t\t\t<div class=\"elementor-spacer\">\n\t\t\t<div class=\"elementor-spacer-inner\"><\/div>\n\t\t<\/div>\n\t\t\t\t\t\t<\/div>\n\t\t\t\t<\/div>\n\t\t\t\t<div class=\"elementor-element elementor-element-f249c6b elementor-widget elementor-widget-text-editor\" data-id=\"f249c6b\" data-element_type=\"widget\" data-e-type=\"widget\" data-widget_type=\"text-editor.default\">\n\t\t\t\t<div class=\"elementor-widget-container\">\n\t\t\t\t\t\t\t\t\t<p>Les Cantons de l'Est offrent un charmant m\u00e9lange de styles et de traditions loyalistes de l'Empire-Uni et fran\u00e7ais. Un itin\u00e9raire pourrait inclure l'Abbaye de Saint-Beno\u00eet-du-Lac, une promenade le long des rives du lac Memphr\u00e9magog, une visite du mus\u00e9e et de l'usine Bombardier (berceau de la motoneige !), une visite dans l'un des nombreux vignobles de la r\u00e9gion sp\u00e9cialis\u00e9s dans le vin de glace, ainsi que les charmants villages parsemant la r\u00e9gion tels que North Hatley ou Magog.<\/p><p>Sherbrooke, la plus grande ville de la r\u00e9gion, compte 18 murales \u00e0 travers la ville. Votre groupe s'amusera \u00e0 trouver le lutin cach\u00e9 dans chaque murale, tout en profitant d'une visite au march\u00e9 fermier local.<\/p><p>Le d\u00e9jeuner peut \u00eatre organis\u00e9 dans un restaurant local ou une cabane \u00e0 sucre.<\/p>\t\t\t\t\t\t\t\t<\/div>\n\t\t\t\t<\/div>\n\t\t\t\t<div class=\"elementor-element elementor-element-7037bad elementor-widget elementor-widget-spacer\" data-id=\"7037bad\" data-element_type=\"widget\" data-e-type=\"widget\" data-widget_type=\"spacer.default\">\n\t\t\t\t<div class=\"elementor-widget-container\">\n\t\t\t\t\t\t\t<div class=\"elementor-spacer\">\n\t\t\t<div class=\"elementor-spacer-inner\"><\/div>\n\t\t<\/div>\n\t\t\t\t\t\t<\/div>\n\t\t\t\t<\/div>\n\t\t\t\t\t<\/div>\n\t\t<\/div>\n\t\t\t\t<div class=\"elementor-column elementor-col-50 elementor-inner-column elementor-element elementor-element-575a4e3 tfl-col-7\" data-id=\"575a4e3\" data-element_type=\"column\" data-e-type=\"column\">\n\t\t\t<div class=\"elementor-widget-wrap elementor-element-populated\">\n\t\t\t\t\t\t<div class=\"elementor-element elementor-element-b42679b elementor-widget elementor-widget-image\" data-id=\"b42679b\" data-element_type=\"widget\" data-e-type=\"widget\" data-widget_type=\"image.default\">\n\t\t\t\t<div class=\"elementor-widget-container\">\n\t\t\t\t\t\t\t\t\t\t\t\t\t\t\t<img fetchpriority=\"high\" decoding=\"async\" width=\"1920\" height=\"1080\" src=\"https:\/\/steponguides.com\/wp-content\/uploads\/2024\/05\/Whats-New-Eastern-Townships.png\" class=\"attachment-full size-full wp-image-8676\" alt=\"\" srcset=\"https:\/\/steponguides.com\/wp-content\/uploads\/2024\/05\/Whats-New-Eastern-Townships.png 1920w, https:\/\/steponguides.com\/wp-content\/uploads\/2024\/05\/Whats-New-Eastern-Townships-300x169.png 300w, https:\/\/steponguides.com\/wp-content\/uploads\/2024\/05\/Whats-New-Eastern-Townships-1024x576.png 1024w, https:\/\/steponguides.com\/wp-content\/uploads\/2024\/05\/Whats-New-Eastern-Townships-768x432.png 768w, https:\/\/steponguides.com\/wp-content\/uploads\/2024\/05\/Whats-New-Eastern-Townships-1536x864.png 1536w, https:\/\/steponguides.com\/wp-content\/uploads\/2024\/05\/Whats-New-Eastern-Townships-18x10.png 18w\" sizes=\"(max-width: 1920px) 100vw, 1920px\" \/>\t\t\t\t\t\t\t\t\t\t\t\t\t\t\t<\/div>\n\t\t\t\t<\/div>\n\t\t\t\t\t<\/div>\n\t\t<\/div>\n\t\t\t\t\t<\/div>\n\t\t<\/section>\n\t\t\t\t<section class=\"elementor-section elementor-inner-section elementor-element elementor-element-9ae4dd9 elementor-reverse-mobile elementor-section-boxed elementor-section-height-default elementor-section-height-default tf-sticky-no tf-sticky-scroll-down-yes\" data-id=\"9ae4dd9\" data-element_type=\"section\" data-e-type=\"section\" data-settings=\"{&quot;tf_sticky&quot;:&quot;no&quot;,&quot;tf_sticky_scroll_down&quot;:&quot;yes&quot;}\">\n\t\t\t\t\t\t<div class=\"elementor-container elementor-column-gap-extended\">\n\t\t\t\t\t<div class=\"elementor-column elementor-col-50 elementor-inner-column elementor-element elementor-element-0328690 tfl-col-7\" data-id=\"0328690\" data-element_type=\"column\" data-e-type=\"column\">\n\t\t\t<div class=\"elementor-widget-wrap elementor-element-populated\">\n\t\t\t\t\t\t<div class=\"elementor-element elementor-element-d702da3 elementor-widget elementor-widget-image\" data-id=\"d702da3\" data-element_type=\"widget\" data-e-type=\"widget\" data-widget_type=\"image.default\">\n\t\t\t\t<div class=\"elementor-widget-container\">\n\t\t\t\t\t\t\t\t\t\t\t\t\t\t\t<img decoding=\"async\" width=\"1794\" height=\"1080\" src=\"https:\/\/steponguides.com\/wp-content\/uploads\/2024\/05\/Whats-New-Saguenay.png\" class=\"attachment-full size-full wp-image-8677\" alt=\"\" srcset=\"https:\/\/steponguides.com\/wp-content\/uploads\/2024\/05\/Whats-New-Saguenay.png 1794w, https:\/\/steponguides.com\/wp-content\/uploads\/2024\/05\/Whats-New-Saguenay-300x181.png 300w, https:\/\/steponguides.com\/wp-content\/uploads\/2024\/05\/Whats-New-Saguenay-1024x616.png 1024w, https:\/\/steponguides.com\/wp-content\/uploads\/2024\/05\/Whats-New-Saguenay-768x462.png 768w, https:\/\/steponguides.com\/wp-content\/uploads\/2024\/05\/Whats-New-Saguenay-1536x925.png 1536w, https:\/\/steponguides.com\/wp-content\/uploads\/2024\/05\/Whats-New-Saguenay-18x12.png 18w\" sizes=\"(max-width: 1794px) 100vw, 1794px\" \/>\t\t\t\t\t\t\t\t\t\t\t\t\t\t\t<\/div>\n\t\t\t\t<\/div>\n\t\t\t\t\t<\/div>\n\t\t<\/div>\n\t\t\t\t<div class=\"elementor-column elementor-col-50 elementor-inner-column elementor-element elementor-element-b65dbac tfl-col-7\" data-id=\"b65dbac\" data-element_type=\"column\" data-e-type=\"column\">\n\t\t\t<div class=\"elementor-widget-wrap elementor-element-populated\">\n\t\t\t\t\t\t<div class=\"elementor-element elementor-element-4f7c08c has-detail lh-1313-em sub-mb-4 elementor-widget elementor-widget-tfl-heading\" data-id=\"4f7c08c\" data-element_type=\"widget\" data-e-type=\"widget\" data-widget_type=\"tfl-heading.default\">\n\t\t\t\t<div class=\"elementor-widget-container\">\n\t\t\t\t\t\n<div class=\"tfl-heading tfl-style1 tfl-align\" >\n        <div class=\"tfl-title\">\n    Saguenay\n    \n<\/div>\n<\/div>\t\t\t\t<\/div>\n\t\t\t\t<\/div>\n\t\t\t\t<div class=\"elementor-element elementor-element-97481cd elementor-widget elementor-widget-spacer\" data-id=\"97481cd\" data-element_type=\"widget\" data-e-type=\"widget\" data-widget_type=\"spacer.default\">\n\t\t\t\t<div class=\"elementor-widget-container\">\n\t\t\t\t\t\t\t<div class=\"elementor-spacer\">\n\t\t\t<div class=\"elementor-spacer-inner\"><\/div>\n\t\t<\/div>\n\t\t\t\t\t\t<\/div>\n\t\t\t\t<\/div>\n\t\t\t\t<div class=\"elementor-element elementor-element-4985592 elementor-widget elementor-widget-text-editor\" data-id=\"4985592\" data-element_type=\"widget\" data-e-type=\"widget\" data-widget_type=\"text-editor.default\">\n\t\t\t\t<div class=\"elementor-widget-container\">\n\t\t\t\t\t\t\t\t\t<p>La r\u00e9gion du Saguenay offre un aper\u00e7u d'une r\u00e9gion r\u00e9cemment isol\u00e9e qui est maintenant visit\u00e9e par des navires de croisi\u00e8re. Step On Guides propose des visites de cette zone pittoresque qui peuvent inclure des visites chez des artisans locaux tels que des souffleurs de verre, des fromagers et un producteur de ch\u00e8vres Agora qui con\u00e7oit et fabrique des v\u00eatements uniques.<\/p><p>Soyez \u00e9merveill\u00e9 par la Maison Blanche, qui a surv\u00e9cu \u00e0 l'inondation d\u00e9vastatrice de 1996 qui a an\u00e9anti tout un quartier.<\/p>\t\t\t\t\t\t\t\t<\/div>\n\t\t\t\t<\/div>\n\t\t\t\t<div class=\"elementor-element elementor-element-cbf7d02 elementor-widget elementor-widget-spacer\" data-id=\"cbf7d02\" data-element_type=\"widget\" data-e-type=\"widget\" data-widget_type=\"spacer.default\">\n\t\t\t\t<div class=\"elementor-widget-container\">\n\t\t\t\t\t\t\t<div class=\"elementor-spacer\">\n\t\t\t<div class=\"elementor-spacer-inner\"><\/div>\n\t\t<\/div>\n\t\t\t\t\t\t<\/div>\n\t\t\t\t<\/div>\n\t\t\t\t\t<\/div>\n\t\t<\/div>\n\t\t\t\t\t<\/div>\n\t\t<\/section>\n\t\t\t\t\t<\/div>\n\t\t<\/div>\n\t\t\t\t\t<\/div>\n\t\t<\/section>\n\t\t\t\t<section class=\"elementor-section elementor-top-section elementor-element elementor-element-4ab571d elementor-section-stretched text-center elementor-section-boxed elementor-section-height-default elementor-section-height-default tf-sticky-no tf-sticky-scroll-down-yes\" data-id=\"4ab571d\" data-element_type=\"section\" data-e-type=\"section\" data-settings=\"{&quot;stretch_section&quot;:&quot;section-stretched&quot;,&quot;background_background&quot;:&quot;classic&quot;,&quot;tf_sticky&quot;:&quot;no&quot;,&quot;tf_sticky_scroll_down&quot;:&quot;yes&quot;}\">\n\t\t\t\t\t\t\t<div class=\"elementor-background-overlay\"><\/div>\n\t\t\t\t\t\t\t<div class=\"elementor-container elementor-column-gap-default\">\n\t\t\t\t\t<div class=\"elementor-column elementor-col-100 elementor-top-column elementor-element elementor-element-a121896\" data-id=\"a121896\" data-element_type=\"column\" data-e-type=\"column\">\n\t\t\t<div class=\"elementor-widget-wrap elementor-element-populated\">\n\t\t\t\t\t\t<div class=\"elementor-element elementor-element-66ead11 elementor-widget elementor-widget-spacer\" data-id=\"66ead11\" data-element_type=\"widget\" data-e-type=\"widget\" data-widget_type=\"spacer.default\">\n\t\t\t\t<div class=\"elementor-widget-container\">\n\t\t\t\t\t\t\t<div class=\"elementor-spacer\">\n\t\t\t<div class=\"elementor-spacer-inner\"><\/div>\n\t\t<\/div>\n\t\t\t\t\t\t<\/div>\n\t\t\t\t<\/div>\n\t\t\t\t<div class=\"elementor-element elementor-element-3dbc31f facts-style elementor-widget__width-initial elementor-widget elementor-widget-text-editor\" data-id=\"3dbc31f\" data-element_type=\"widget\" data-e-type=\"widget\" data-widget_type=\"text-editor.default\">\n\t\t\t\t<div class=\"elementor-widget-container\">\n\t\t\t\t\t\t\t\t\tNOUS SOMMES L\u00c0 POUR VOUS AIDER\t\t\t\t\t\t\t\t<\/div>\n\t\t\t\t<\/div>\n\t\t\t\t<div class=\"elementor-element elementor-element-b84a0fc elementor-widget elementor-widget-spacer\" data-id=\"b84a0fc\" data-element_type=\"widget\" data-e-type=\"widget\" data-widget_type=\"spacer.default\">\n\t\t\t\t<div class=\"elementor-widget-container\">\n\t\t\t\t\t\t\t<div class=\"elementor-spacer\">\n\t\t\t<div class=\"elementor-spacer-inner\"><\/div>\n\t\t<\/div>\n\t\t\t\t\t\t<\/div>\n\t\t\t\t<\/div>\n\t\t\t\t<div class=\"elementor-element elementor-element-888a8c1 elementor-widget elementor-widget-tfl-button\" data-id=\"888a8c1\" data-element_type=\"widget\" data-e-type=\"widget\" data-widget_type=\"tfl-button.default\">\n\t\t\t\t<div class=\"elementor-widget-container\">\n\t\t\t\t\t\n<div class=\"tfl-button tfl-style1 tfl-align-left\" >\n    <div class=\"tfl-content-wrapper\">\n        <a href=\"https:\/\/steponguides.com\/contact.html\">\n        \t<span class=\"text\"> Contactez-nous<\/span>\n            <span class=\"icon\">\n                 <i class=\"fas fa-plus\"><\/i>            <\/span>\n        <\/a>\n    <\/div>\n<\/div>\t\t\t\t<\/div>\n\t\t\t\t<\/div>\n\t\t\t\t<div class=\"elementor-element elementor-element-d3499fc elementor-widget elementor-widget-spacer\" data-id=\"d3499fc\" data-element_type=\"widget\" data-e-type=\"widget\" data-widget_type=\"spacer.default\">\n\t\t\t\t<div class=\"elementor-widget-container\">\n\t\t\t\t\t\t\t<div class=\"elementor-spacer\">\n\t\t\t<div class=\"elementor-spacer-inner\"><\/div>\n\t\t<\/div>\n\t\t\t\t\t\t<\/div>\n\t\t\t\t<\/div>\n\t\t\t\t\t<\/div>\n\t\t<\/div>\n\t\t\t\t\t<\/div>\n\t\t<\/section>\n\t\t\t\t<section class=\"elementor-section elementor-top-section elementor-element elementor-element-15b57c4 our-testimonials elementor-section-boxed elementor-section-height-default elementor-section-height-default tf-sticky-no tf-sticky-scroll-down-yes\" data-id=\"15b57c4\" data-element_type=\"section\" data-e-type=\"section\" data-settings=\"{&quot;tf_sticky&quot;:&quot;no&quot;,&quot;tf_sticky_scroll_down&quot;:&quot;yes&quot;}\">\n\t\t\t\t\t\t<div class=\"elementor-container elementor-column-gap-extended\">\n\t\t\t\t\t<div class=\"elementor-column elementor-col-100 elementor-top-column elementor-element elementor-element-68d2932\" data-id=\"68d2932\" data-element_type=\"column\" data-e-type=\"column\">\n\t\t\t<div class=\"elementor-widget-wrap elementor-element-populated\">\n\t\t\t\t\t\t<div class=\"elementor-element elementor-element-a493a1b elementor-widget elementor-widget-spacer\" data-id=\"a493a1b\" data-element_type=\"widget\" data-e-type=\"widget\" data-widget_type=\"spacer.default\">\n\t\t\t\t<div class=\"elementor-widget-container\">\n\t\t\t\t\t\t\t<div class=\"elementor-spacer\">\n\t\t\t<div class=\"elementor-spacer-inner\"><\/div>\n\t\t<\/div>\n\t\t\t\t\t\t<\/div>\n\t\t\t\t<\/div>\n\t\t\t\t<div class=\"elementor-element elementor-element-83dd989 sub-mb-19 elementor-widget elementor-widget-tfl-heading\" data-id=\"83dd989\" data-element_type=\"widget\" data-e-type=\"widget\" data-widget_type=\"tfl-heading.default\">\n\t\t\t\t<div class=\"elementor-widget-container\">\n\t\t\t\t\t\n<div class=\"tfl-heading tfl-style1 tfl-aligncenter\" >\n            <div class=\"tfl-subtitle\">\n            Nos T\u00e9moignages\n        <\/div>\n        <div class=\"tfl-title\">\n     NOUS APPORTONS DES CONTRIBUTIONS FORMIDABLES POUR NOS CLIENTS.<br>D\u00c9COUVREZ CE QUE DISENT CERTAINS DE NOS CLIENTS !\n    \n<\/div>\n<\/div>\t\t\t\t<\/div>\n\t\t\t\t<\/div>\n\t\t\t\t<div class=\"elementor-element elementor-element-d1a9e1e elementor-widget elementor-widget-tf-testimonial-carousel\" data-id=\"d1a9e1e\" data-element_type=\"widget\" data-e-type=\"widget\" data-widget_type=\"tf-testimonial-carousel.default\">\n\t\t\t\t<div class=\"elementor-widget-container\">\n\t\t\t\t\t\t\t<div class=\"tf-testimonial-carousel style-1 no-arrow has-bullets\" data-loop=\"yes\" data-auto=\"yes\" data-column=\"1\" data-column2=\"1\" data-column3=\"1\" data-spacer=\"30\" data-prev_icon=\"\" data-next_icon=\"\" data-arrow=\"no\" data-bullets=\"yes\">\n\t\t\t<div class=\"owl-carousel owl-theme\">\n\t\t\t\t\t\t\t\n\t\t\t\t<div class=\"item\">\n\n\t\t\t\t\t\t<div class=\"item-testimonial\">\n                                                            <div class=\"icon-quote\">\n                                    <img decoding=\"async\" src=\"https:\/\/steponguides.com\/wp-content\/plugins\/themesflat-addons\/assets\/img\/quote.png\" alt=\"image\">\n                                <\/div>\n                            \n\t\t\t\t\t\t\t<div class=\"description\"><p>Step On Guides has been taking care of our groups for almost 15 years every time they travel to Montreal, Quebec and Ottawa. We've probably had several hundred groups that were served by Stepon Guides and every time, we can count on the guides being on time, bilingual and knowledgeable of the areas.<\/p><p>I strongly recommend Step on Guides to anybody!<\/p><\/div>\n\t\t\t\t\t\t\t<div class=\"wrap-author\">\t\t\t\t\n\t\t\t\t\t\t\t\t<div class=\"content\">\n\t\t\t\t\t\t\t\t\t<div class=\"name\">Adam Hyde<\/div>\n\t\t\t\t\t\t\t\t\t<div class=\"position\">Niagara Falls Tours<\/div>\n\t\t\t\t\t\t\t\t<\/div>\n\t\t\t\t\t\t<\/div>\n\t\t\t\t\t\t<\/div>\n\t\t\t\t<\/div>\n\t\t\t\t\t\t<\/div>\n\t\t<\/div>\n\t\t\t\t\t\t<\/div>\n\t\t\t\t<\/div>\n\t\t\t\t\t<\/div>\n\t\t<\/div>\n\t\t\t\t\t<\/div>\n\t\t<\/section>\n\t\t\t\t<\/div>","protected":false},"excerpt":{"rendered":"<p>What\u2019s New Eastern Townships The Eastern Townships are a charming mix of United Empire Loyalist and French styles and traditions. An itinerary could include the St. Benoit du Lac Abby, a tour along the shores of Lake Memphremagog, a tour of the [&hellip;]<\/p>\n","protected":false},"author":1,"featured_media":8673,"parent":0,"menu_order":0,"comment_status":"closed","ping_status":"closed","template":"page-nopadding.php","meta":{"footnotes":""},"class_list":["post-8245","page","type-page","status-publish","has-post-thumbnail","hentry"],"yoast_head":"<!-- This site is optimized with the Yoast SEO plugin v27.4 - https:\/\/yoast.com\/product\/yoast-seo-wordpress\/ -->\n<title>Stepon Guides Canada Inc. | What&#039;s New<\/title>\n<meta name=\"robots\" content=\"index, follow, max-snippet:-1, max-image-preview:large, max-video-preview:-1\" \/>\n<link rel=\"canonical\" href=\"https:\/\/steponguides.com\/fr\/new.html\/\" \/>\n<meta property=\"og:locale\" content=\"fr_FR\" \/>\n<meta property=\"og:type\" content=\"article\" \/>\n<meta property=\"og:title\" content=\"Stepon Guides Canada Inc. | What&#039;s New\" \/>\n<meta property=\"og:description\" content=\"What\u2019s New Eastern Townships The Eastern Townships are a charming mix of United Empire Loyalist and French styles and traditions. An itinerary could include the St. Benoit du Lac Abby, a tour along the shores of Lake Memphremagog, a tour of the [&hellip;]\" \/>\n<meta property=\"og:url\" content=\"https:\/\/steponguides.com\/fr\/new.html\/\" \/>\n<meta property=\"og:site_name\" content=\"Welcome to Stepon Guides Canada Inc.\" \/>\n<meta property=\"article:modified_time\" content=\"2024-05-03T23:50:58+00:00\" \/>\n<meta property=\"og:image\" content=\"https:\/\/steponguides.com\/wp-content\/uploads\/2024\/05\/Whats-New-en-tete-1024x603.png\" \/>\n\t<meta property=\"og:image:width\" content=\"1024\" \/>\n\t<meta property=\"og:image:height\" content=\"603\" \/>\n\t<meta property=\"og:image:type\" content=\"image\/png\" \/>\n<meta name=\"twitter:card\" content=\"summary_large_image\" \/>\n<meta name=\"twitter:label1\" content=\"Dur\u00e9e de lecture estim\u00e9e\" \/>\n\t<meta name=\"twitter:data1\" content=\"4 minutes\" \/>\n<script type=\"application\/ld+json\" class=\"yoast-schema-graph\">{\"@context\":\"https:\\\/\\\/schema.org\",\"@graph\":[{\"@type\":\"WebPage\",\"@id\":\"https:\\\/\\\/steponguides.com\\\/new.html\",\"url\":\"https:\\\/\\\/steponguides.com\\\/new.html\",\"name\":\"Stepon Guides Canada Inc. | What's New\",\"isPartOf\":{\"@id\":\"https:\\\/\\\/steponguides.com:443\\\/#website\"},\"primaryImageOfPage\":{\"@id\":\"https:\\\/\\\/steponguides.com\\\/new.html#primaryimage\"},\"image\":{\"@id\":\"https:\\\/\\\/steponguides.com\\\/new.html#primaryimage\"},\"thumbnailUrl\":\"https:\\\/\\\/steponguides.com\\\/wp-content\\\/uploads\\\/2024\\\/05\\\/Whats-New-en-tete.png\",\"datePublished\":\"2024-04-05T11:11:22+00:00\",\"dateModified\":\"2024-05-03T23:50:58+00:00\",\"breadcrumb\":{\"@id\":\"https:\\\/\\\/steponguides.com\\\/new.html#breadcrumb\"},\"inLanguage\":\"fr-FR\",\"potentialAction\":[{\"@type\":\"ReadAction\",\"target\":[\"https:\\\/\\\/steponguides.com\\\/new.html\"]}]},{\"@type\":\"ImageObject\",\"inLanguage\":\"fr-FR\",\"@id\":\"https:\\\/\\\/steponguides.com\\\/new.html#primaryimage\",\"url\":\"https:\\\/\\\/steponguides.com\\\/wp-content\\\/uploads\\\/2024\\\/05\\\/Whats-New-en-tete.png\",\"contentUrl\":\"https:\\\/\\\/steponguides.com\\\/wp-content\\\/uploads\\\/2024\\\/05\\\/Whats-New-en-tete.png\",\"width\":1834,\"height\":1080},{\"@type\":\"BreadcrumbList\",\"@id\":\"https:\\\/\\\/steponguides.com\\\/new.html#breadcrumb\",\"itemListElement\":[{\"@type\":\"ListItem\",\"position\":1,\"name\":\"Home\",\"item\":\"https:\\\/\\\/steponguides.com:443\\\/\"},{\"@type\":\"ListItem\",\"position\":2,\"name\":\"What&#8217;s New\"}]},{\"@type\":\"WebSite\",\"@id\":\"https:\\\/\\\/steponguides.com:443\\\/#website\",\"url\":\"https:\\\/\\\/steponguides.com:443\\\/\",\"name\":\"Welcome to Stepon Guides Canada Inc.\",\"description\":\"Welcome to Stepon Guides Canada Inc.\",\"potentialAction\":[{\"@type\":\"SearchAction\",\"target\":{\"@type\":\"EntryPoint\",\"urlTemplate\":\"https:\\\/\\\/steponguides.com:443\\\/?s={search_term_string}\"},\"query-input\":{\"@type\":\"PropertyValueSpecification\",\"valueRequired\":true,\"valueName\":\"search_term_string\"}}],\"inLanguage\":\"fr-FR\"}]}<\/script>\n<!-- \/ Yoast SEO plugin. -->","yoast_head_json":{"title":"Stepon Guides Canada Inc. | What's New","robots":{"index":"index","follow":"follow","max-snippet":"max-snippet:-1","max-image-preview":"max-image-preview:large","max-video-preview":"max-video-preview:-1"},"canonical":"https:\/\/steponguides.com\/fr\/new.html\/","og_locale":"fr_FR","og_type":"article","og_title":"Stepon Guides Canada Inc. | What's New","og_description":"What\u2019s New Eastern Townships The Eastern Townships are a charming mix of United Empire Loyalist and French styles and traditions. An itinerary could include the St. Benoit du Lac Abby, a tour along the shores of Lake Memphremagog, a tour of the [&hellip;]","og_url":"https:\/\/steponguides.com\/fr\/new.html\/","og_site_name":"Welcome to Stepon Guides Canada Inc.","article_modified_time":"2024-05-03T23:50:58+00:00","og_image":[{"width":1024,"height":603,"url":"https:\/\/steponguides.com\/wp-content\/uploads\/2024\/05\/Whats-New-en-tete-1024x603.png","type":"image\/png"}],"twitter_card":"summary_large_image","twitter_misc":{"Dur\u00e9e de lecture estim\u00e9e":"4 minutes"},"schema":{"@context":"https:\/\/schema.org","@graph":[{"@type":"WebPage","@id":"https:\/\/steponguides.com\/new.html","url":"https:\/\/steponguides.com\/new.html","name":"Stepon Guides Canada Inc. | What's New","isPartOf":{"@id":"https:\/\/steponguides.com:443\/#website"},"primaryImageOfPage":{"@id":"https:\/\/steponguides.com\/new.html#primaryimage"},"image":{"@id":"https:\/\/steponguides.com\/new.html#primaryimage"},"thumbnailUrl":"https:\/\/steponguides.com\/wp-content\/uploads\/2024\/05\/Whats-New-en-tete.png","datePublished":"2024-04-05T11:11:22+00:00","dateModified":"2024-05-03T23:50:58+00:00","breadcrumb":{"@id":"https:\/\/steponguides.com\/new.html#breadcrumb"},"inLanguage":"fr-FR","potentialAction":[{"@type":"ReadAction","target":["https:\/\/steponguides.com\/new.html"]}]},{"@type":"ImageObject","inLanguage":"fr-FR","@id":"https:\/\/steponguides.com\/new.html#primaryimage","url":"https:\/\/steponguides.com\/wp-content\/uploads\/2024\/05\/Whats-New-en-tete.png","contentUrl":"https:\/\/steponguides.com\/wp-content\/uploads\/2024\/05\/Whats-New-en-tete.png","width":1834,"height":1080},{"@type":"BreadcrumbList","@id":"https:\/\/steponguides.com\/new.html#breadcrumb","itemListElement":[{"@type":"ListItem","position":1,"name":"Home","item":"https:\/\/steponguides.com:443\/"},{"@type":"ListItem","position":2,"name":"What&#8217;s New"}]},{"@type":"WebSite","@id":"https:\/\/steponguides.com:443\/#website","url":"https:\/\/steponguides.com:443\/","name":"Bienvenu \u00e0 Stepon Guides Canada Inc.","description":"Bienvenu \u00e0 Stepon Guides Canada Inc.","potentialAction":[{"@type":"SearchAction","target":{"@type":"EntryPoint","urlTemplate":"https:\/\/steponguides.com:443\/?s={search_term_string}"},"query-input":{"@type":"PropertyValueSpecification","valueRequired":true,"valueName":"search_term_string"}}],"inLanguage":"fr-FR"}]}},"_links":{"self":[{"href":"https:\/\/steponguides.com\/fr\/wp-json\/wp\/v2\/pages\/8245","targetHints":{"allow":["GET"]}}],"collection":[{"href":"https:\/\/steponguides.com\/fr\/wp-json\/wp\/v2\/pages"}],"about":[{"href":"https:\/\/steponguides.com\/fr\/wp-json\/wp\/v2\/types\/page"}],"author":[{"embeddable":true,"href":"https:\/\/steponguides.com\/fr\/wp-json\/wp\/v2\/users\/1"}],"replies":[{"embeddable":true,"href":"https:\/\/steponguides.com\/fr\/wp-json\/wp\/v2\/comments?post=8245"}],"version-history":[{"count":38,"href":"https:\/\/steponguides.com\/fr\/wp-json\/wp\/v2\/pages\/8245\/revisions"}],"predecessor-version":[{"id":8680,"href":"https:\/\/steponguides.com\/fr\/wp-json\/wp\/v2\/pages\/8245\/revisions\/8680"}],"wp:featuredmedia":[{"embeddable":true,"href":"https:\/\/steponguides.com\/fr\/wp-json\/wp\/v2\/media\/8673"}],"wp:attachment":[{"href":"https:\/\/steponguides.com\/fr\/wp-json\/wp\/v2\/media?parent=8245"}],"curies":[{"name":"wp","href":"https:\/\/api.w.org\/{rel}","templated":true}]}}