{"id":8115,"date":"2024-04-04T11:53:34","date_gmt":"2024-04-04T11:53:34","guid":{"rendered":"https:\/\/steponguides.com\/?page_id=8115"},"modified":"2026-04-03T05:05:46","modified_gmt":"2026-04-03T05:05:46","slug":"tour-managers","status":"publish","type":"page","link":"https:\/\/steponguides.com\/fr\/tour-managers.html","title":{"rendered":"Accompagnateurs"},"content":{"rendered":"<div data-elementor-type=\"wp-page\" data-elementor-id=\"8115\" class=\"elementor elementor-8115\">\n\t\t\t\t\t\t<section class=\"elementor-section elementor-top-section elementor-element elementor-element-c4eae63 elementor-section-boxed elementor-section-height-default elementor-section-height-default tf-sticky-no tf-sticky-scroll-down-yes\" data-id=\"c4eae63\" data-element_type=\"section\" data-e-type=\"section\" data-settings=\"{&quot;background_background&quot;:&quot;classic&quot;,&quot;tf_sticky&quot;:&quot;no&quot;,&quot;tf_sticky_scroll_down&quot;:&quot;yes&quot;}\">\n\t\t\t\t\t\t<div class=\"elementor-container elementor-column-gap-no\">\n\t\t\t\t\t<div class=\"elementor-column elementor-col-100 elementor-top-column elementor-element elementor-element-e420434\" data-id=\"e420434\" data-element_type=\"column\" data-e-type=\"column\">\n\t\t\t<div class=\"elementor-widget-wrap elementor-element-populated\">\n\t\t\t\t\t\t<div class=\"elementor-element elementor-element-b156504 elementor-widget elementor-widget-spacer\" data-id=\"b156504\" data-element_type=\"widget\" data-e-type=\"widget\" data-widget_type=\"spacer.default\">\n\t\t\t\t<div class=\"elementor-widget-container\">\n\t\t\t\t\t\t\t<div class=\"elementor-spacer\">\n\t\t\t<div class=\"elementor-spacer-inner\"><\/div>\n\t\t<\/div>\n\t\t\t\t\t\t<\/div>\n\t\t\t\t<\/div>\n\t\t\t\t<div class=\"elementor-element elementor-element-81b0c7b elementor-widget elementor-widget-heading\" data-id=\"81b0c7b\" data-element_type=\"widget\" data-e-type=\"widget\" data-widget_type=\"heading.default\">\n\t\t\t\t<div class=\"elementor-widget-container\">\n\t\t\t\t\t<h2 class=\"elementor-heading-title elementor-size-default\">Accompagnateurs<\/h2>\t\t\t\t<\/div>\n\t\t\t\t<\/div>\n\t\t\t\t<div class=\"elementor-element elementor-element-f2cc2fa elementor-widget elementor-widget-spacer\" data-id=\"f2cc2fa\" data-element_type=\"widget\" data-e-type=\"widget\" data-widget_type=\"spacer.default\">\n\t\t\t\t<div class=\"elementor-widget-container\">\n\t\t\t\t\t\t\t<div class=\"elementor-spacer\">\n\t\t\t<div class=\"elementor-spacer-inner\"><\/div>\n\t\t<\/div>\n\t\t\t\t\t\t<\/div>\n\t\t\t\t<\/div>\n\t\t\t\t<section class=\"elementor-section elementor-inner-section elementor-element elementor-element-6bfb62f elementor-section-boxed elementor-section-height-default elementor-section-height-default tf-sticky-no tf-sticky-scroll-down-yes\" data-id=\"6bfb62f\" data-element_type=\"section\" data-e-type=\"section\" data-settings=\"{&quot;tf_sticky&quot;:&quot;no&quot;,&quot;tf_sticky_scroll_down&quot;:&quot;yes&quot;}\">\n\t\t\t\t\t\t<div class=\"elementor-container elementor-column-gap-extended\">\n\t\t\t\t\t<div class=\"elementor-column elementor-col-50 elementor-inner-column elementor-element elementor-element-5d7fc58 tfl-col-7\" data-id=\"5d7fc58\" data-element_type=\"column\" data-e-type=\"column\">\n\t\t\t<div class=\"elementor-widget-wrap elementor-element-populated\">\n\t\t\t\t\t\t<div class=\"elementor-element elementor-element-6a78ce7 has-detail lh-1313-em sub-mb-4 elementor-widget elementor-widget-tfl-heading\" data-id=\"6a78ce7\" data-element_type=\"widget\" data-e-type=\"widget\" data-widget_type=\"tfl-heading.default\">\n\t\t\t\t<div class=\"elementor-widget-container\">\n\t\t\t\t\t\n<div class=\"tfl-heading tfl-style1 tfl-align\" >\n        <div class=\"tfl-title\">\n    Step On Guides\n    \n<\/div>\n<\/div>\t\t\t\t<\/div>\n\t\t\t\t<\/div>\n\t\t\t\t<div class=\"elementor-element elementor-element-451d844 elementor-widget elementor-widget-spacer\" data-id=\"451d844\" data-element_type=\"widget\" data-e-type=\"widget\" data-widget_type=\"spacer.default\">\n\t\t\t\t<div class=\"elementor-widget-container\">\n\t\t\t\t\t\t\t<div class=\"elementor-spacer\">\n\t\t\t<div class=\"elementor-spacer-inner\"><\/div>\n\t\t<\/div>\n\t\t\t\t\t\t<\/div>\n\t\t\t\t<\/div>\n\t\t\t\t<div class=\"elementor-element elementor-element-f249c6b elementor-widget elementor-widget-text-editor\" data-id=\"f249c6b\" data-element_type=\"widget\" data-e-type=\"widget\" data-widget_type=\"text-editor.default\">\n\t\t\t\t<div class=\"elementor-widget-container\">\n\t\t\t\t\t\t\t\t\t<p>Step On Guides offre des services d'accompagnateurs professionnels \u00e0 travers l'Am\u00e9rique du Nord. Nos guides sont comp\u00e9tents, organis\u00e9s et divertissants, et ils poss\u00e8dent la flexibilit\u00e9 n\u00e9cessaire pour s'adapter \u00e0 votre itin\u00e9raire. Alors que nos guides repr\u00e9sentent votre marque sur le terrain, notre bureau leur fournit un soutien logistique en coulisses.<\/p><p>Besoin d'un guide de derni\u00e8re minute ? Appelez-nous et nous pourrons vous trouver quelqu'un n'importe o\u00f9 en Am\u00e9rique du Nord !<\/p><p><strong>Tarifs :<\/strong><\/p><p><strong>$380.00<\/strong> \/ day (English &amp; French) \/ <strong>$480.00<\/strong> \/ day (all other languages), plus <strong>$70.00<\/strong> daily stipend (depending on meal plan), accommodations, and transportation to and from meeting and ending point. (minimum 7 days)<\/p><p><strong>Vous fournissez :<\/strong><\/p><p>Votre itin\u00e9raire (y compris les contacts, les informations de r\u00e9servation et les activit\u00e9s optionnelles) ; vos badges d'identification de marque ; les informations de contact d'urgence ; vos politiques et proc\u00e9dures.<\/p>\t\t\t\t\t\t\t\t<\/div>\n\t\t\t\t<\/div>\n\t\t\t\t<div class=\"elementor-element elementor-element-7037bad elementor-widget elementor-widget-spacer\" data-id=\"7037bad\" data-element_type=\"widget\" data-e-type=\"widget\" data-widget_type=\"spacer.default\">\n\t\t\t\t<div class=\"elementor-widget-container\">\n\t\t\t\t\t\t\t<div class=\"elementor-spacer\">\n\t\t\t<div class=\"elementor-spacer-inner\"><\/div>\n\t\t<\/div>\n\t\t\t\t\t\t<\/div>\n\t\t\t\t<\/div>\n\t\t\t\t\t<\/div>\n\t\t<\/div>\n\t\t\t\t<div class=\"elementor-column elementor-col-50 elementor-inner-column elementor-element elementor-element-575a4e3 tfl-col-7\" data-id=\"575a4e3\" data-element_type=\"column\" data-e-type=\"column\">\n\t\t\t<div class=\"elementor-widget-wrap elementor-element-populated\">\n\t\t\t\t\t\t<div class=\"elementor-element elementor-element-b42679b elementor-widget elementor-widget-image\" data-id=\"b42679b\" data-element_type=\"widget\" data-e-type=\"widget\" data-widget_type=\"image.default\">\n\t\t\t\t<div class=\"elementor-widget-container\">\n\t\t\t\t\t\t\t\t\t\t\t\t\t\t\t<img fetchpriority=\"high\" decoding=\"async\" width=\"1240\" height=\"1368\" src=\"https:\/\/steponguides.com\/wp-content\/uploads\/2024\/05\/aboutus-1-copy.jpg\" class=\"attachment-full size-full wp-image-8682\" alt=\"\" srcset=\"https:\/\/steponguides.com\/wp-content\/uploads\/2024\/05\/aboutus-1-copy.jpg 1240w, https:\/\/steponguides.com\/wp-content\/uploads\/2024\/05\/aboutus-1-copy-272x300.jpg 272w, https:\/\/steponguides.com\/wp-content\/uploads\/2024\/05\/aboutus-1-copy-928x1024.jpg 928w, https:\/\/steponguides.com\/wp-content\/uploads\/2024\/05\/aboutus-1-copy-768x847.jpg 768w, https:\/\/steponguides.com\/wp-content\/uploads\/2024\/05\/aboutus-1-copy-11x12.jpg 11w\" sizes=\"(max-width: 1240px) 100vw, 1240px\" \/>\t\t\t\t\t\t\t\t\t\t\t\t\t\t\t<\/div>\n\t\t\t\t<\/div>\n\t\t\t\t\t<\/div>\n\t\t<\/div>\n\t\t\t\t\t<\/div>\n\t\t<\/section>\n\t\t\t\t<div class=\"elementor-element elementor-element-72c21f2 elementor-widget elementor-widget-spacer\" data-id=\"72c21f2\" data-element_type=\"widget\" data-e-type=\"widget\" data-widget_type=\"spacer.default\">\n\t\t\t\t<div class=\"elementor-widget-container\">\n\t\t\t\t\t\t\t<div class=\"elementor-spacer\">\n\t\t\t<div class=\"elementor-spacer-inner\"><\/div>\n\t\t<\/div>\n\t\t\t\t\t\t<\/div>\n\t\t\t\t<\/div>\n\t\t\t\t<div class=\"elementor-element elementor-element-91b19ca elementor-widget elementor-widget-spacer\" data-id=\"91b19ca\" data-element_type=\"widget\" data-e-type=\"widget\" data-widget_type=\"spacer.default\">\n\t\t\t\t<div class=\"elementor-widget-container\">\n\t\t\t\t\t\t\t<div class=\"elementor-spacer\">\n\t\t\t<div class=\"elementor-spacer-inner\"><\/div>\n\t\t<\/div>\n\t\t\t\t\t\t<\/div>\n\t\t\t\t<\/div>\n\t\t\t\t\t<\/div>\n\t\t<\/div>\n\t\t\t\t\t<\/div>\n\t\t<\/section>\n\t\t\t\t<section class=\"elementor-section elementor-top-section elementor-element elementor-element-9293115 elementor-section-stretched text-center elementor-section-boxed elementor-section-height-default elementor-section-height-default tf-sticky-no tf-sticky-scroll-down-yes\" data-id=\"9293115\" data-element_type=\"section\" data-e-type=\"section\" data-settings=\"{&quot;stretch_section&quot;:&quot;section-stretched&quot;,&quot;background_background&quot;:&quot;classic&quot;,&quot;tf_sticky&quot;:&quot;no&quot;,&quot;tf_sticky_scroll_down&quot;:&quot;yes&quot;}\">\n\t\t\t\t\t\t\t<div class=\"elementor-background-overlay\"><\/div>\n\t\t\t\t\t\t\t<div class=\"elementor-container elementor-column-gap-default\">\n\t\t\t\t\t<div class=\"elementor-column elementor-col-100 elementor-top-column elementor-element elementor-element-a42518d\" data-id=\"a42518d\" data-element_type=\"column\" data-e-type=\"column\">\n\t\t\t<div class=\"elementor-widget-wrap elementor-element-populated\">\n\t\t\t\t\t\t<div class=\"elementor-element elementor-element-15bd664 elementor-widget elementor-widget-spacer\" data-id=\"15bd664\" data-element_type=\"widget\" data-e-type=\"widget\" data-widget_type=\"spacer.default\">\n\t\t\t\t<div class=\"elementor-widget-container\">\n\t\t\t\t\t\t\t<div class=\"elementor-spacer\">\n\t\t\t<div class=\"elementor-spacer-inner\"><\/div>\n\t\t<\/div>\n\t\t\t\t\t\t<\/div>\n\t\t\t\t<\/div>\n\t\t\t\t<div class=\"elementor-element elementor-element-5dc33da facts-style elementor-widget__width-initial elementor-widget elementor-widget-text-editor\" data-id=\"5dc33da\" data-element_type=\"widget\" data-e-type=\"widget\" data-widget_type=\"text-editor.default\">\n\t\t\t\t<div class=\"elementor-widget-container\">\n\t\t\t\t\t\t\t\t\tNOUS SOMMES L\u00c0 POUR VOUS AIDER\t\t\t\t\t\t\t\t<\/div>\n\t\t\t\t<\/div>\n\t\t\t\t<div class=\"elementor-element elementor-element-c134e80 elementor-widget elementor-widget-spacer\" data-id=\"c134e80\" data-element_type=\"widget\" data-e-type=\"widget\" data-widget_type=\"spacer.default\">\n\t\t\t\t<div class=\"elementor-widget-container\">\n\t\t\t\t\t\t\t<div class=\"elementor-spacer\">\n\t\t\t<div class=\"elementor-spacer-inner\"><\/div>\n\t\t<\/div>\n\t\t\t\t\t\t<\/div>\n\t\t\t\t<\/div>\n\t\t\t\t<div class=\"elementor-element elementor-element-99cdd40 elementor-widget elementor-widget-tfl-button\" data-id=\"99cdd40\" data-element_type=\"widget\" data-e-type=\"widget\" data-widget_type=\"tfl-button.default\">\n\t\t\t\t<div class=\"elementor-widget-container\">\n\t\t\t\t\t\n<div class=\"tfl-button tfl-style1 tfl-align-left\" >\n    <div class=\"tfl-content-wrapper\">\n        <a href=\"https:\/\/steponguides.com\/contact.html\">\n        \t<span class=\"text\"> Contactez-nous<\/span>\n            <span class=\"icon\">\n                 <i class=\"fas fa-plus\"><\/i>            <\/span>\n        <\/a>\n    <\/div>\n<\/div>\t\t\t\t<\/div>\n\t\t\t\t<\/div>\n\t\t\t\t<div class=\"elementor-element elementor-element-6af6666 elementor-widget elementor-widget-spacer\" data-id=\"6af6666\" data-element_type=\"widget\" data-e-type=\"widget\" data-widget_type=\"spacer.default\">\n\t\t\t\t<div class=\"elementor-widget-container\">\n\t\t\t\t\t\t\t<div class=\"elementor-spacer\">\n\t\t\t<div class=\"elementor-spacer-inner\"><\/div>\n\t\t<\/div>\n\t\t\t\t\t\t<\/div>\n\t\t\t\t<\/div>\n\t\t\t\t\t<\/div>\n\t\t<\/div>\n\t\t\t\t\t<\/div>\n\t\t<\/section>\n\t\t\t\t<section class=\"elementor-section elementor-top-section elementor-element elementor-element-b6c8bf3 our-testimonials elementor-section-boxed elementor-section-height-default elementor-section-height-default tf-sticky-no tf-sticky-scroll-down-yes\" data-id=\"b6c8bf3\" data-element_type=\"section\" data-e-type=\"section\" data-settings=\"{&quot;tf_sticky&quot;:&quot;no&quot;,&quot;tf_sticky_scroll_down&quot;:&quot;yes&quot;}\">\n\t\t\t\t\t\t<div class=\"elementor-container elementor-column-gap-extended\">\n\t\t\t\t\t<div class=\"elementor-column elementor-col-100 elementor-top-column elementor-element elementor-element-30bc9b4\" data-id=\"30bc9b4\" data-element_type=\"column\" data-e-type=\"column\">\n\t\t\t<div class=\"elementor-widget-wrap elementor-element-populated\">\n\t\t\t\t\t\t<div class=\"elementor-element elementor-element-aae6305 elementor-widget elementor-widget-spacer\" data-id=\"aae6305\" data-element_type=\"widget\" data-e-type=\"widget\" data-widget_type=\"spacer.default\">\n\t\t\t\t<div class=\"elementor-widget-container\">\n\t\t\t\t\t\t\t<div class=\"elementor-spacer\">\n\t\t\t<div class=\"elementor-spacer-inner\"><\/div>\n\t\t<\/div>\n\t\t\t\t\t\t<\/div>\n\t\t\t\t<\/div>\n\t\t\t\t<div class=\"elementor-element elementor-element-0c70c76 sub-mb-19 elementor-widget elementor-widget-tfl-heading\" data-id=\"0c70c76\" data-element_type=\"widget\" data-e-type=\"widget\" data-widget_type=\"tfl-heading.default\">\n\t\t\t\t<div class=\"elementor-widget-container\">\n\t\t\t\t\t\n<div class=\"tfl-heading tfl-style1 tfl-aligncenter\" >\n            <div class=\"tfl-subtitle\">\n            Nos T\u00e9moignages\n        <\/div>\n        <div class=\"tfl-title\">\n     NOUS APPORTONS DES CONTRIBUTIONS FORMIDABLES POUR NOS CLIENTS.<br>D\u00c9COUVREZ CE QUE DISENT CERTAINS DE NOS CLIENTS !\n    \n<\/div>\n<\/div>\t\t\t\t<\/div>\n\t\t\t\t<\/div>\n\t\t\t\t<div class=\"elementor-element elementor-element-f5a0c5c elementor-widget elementor-widget-spacer\" data-id=\"f5a0c5c\" data-element_type=\"widget\" data-e-type=\"widget\" data-widget_type=\"spacer.default\">\n\t\t\t\t<div class=\"elementor-widget-container\">\n\t\t\t\t\t\t\t<div class=\"elementor-spacer\">\n\t\t\t<div class=\"elementor-spacer-inner\"><\/div>\n\t\t<\/div>\n\t\t\t\t\t\t<\/div>\n\t\t\t\t<\/div>\n\t\t\t\t<div class=\"elementor-element elementor-element-0942dbe elementor-widget elementor-widget-tf-testimonial-carousel\" data-id=\"0942dbe\" data-element_type=\"widget\" data-e-type=\"widget\" data-widget_type=\"tf-testimonial-carousel.default\">\n\t\t\t\t<div class=\"elementor-widget-container\">\n\t\t\t\t\t\t\t<div class=\"tf-testimonial-carousel style-1 no-arrow has-bullets\" data-loop=\"yes\" data-auto=\"yes\" data-column=\"1\" data-column2=\"1\" data-column3=\"1\" data-spacer=\"30\" data-prev_icon=\"\" data-next_icon=\"\" data-arrow=\"no\" data-bullets=\"yes\">\n\t\t\t<div class=\"owl-carousel owl-theme\">\n\t\t\t\t\t\t\t\n\t\t\t\t<div class=\"item\">\n\n\t\t\t\t\t\t<div class=\"item-testimonial\">\n                                                            <div class=\"icon-quote\">\n                                    <img decoding=\"async\" src=\"https:\/\/steponguides.com\/wp-content\/plugins\/themesflat-addons\/assets\/img\/quote.png\" alt=\"image\">\n                                <\/div>\n                            \n\t\t\t\t\t\t\t<div class=\"description\"><p>Step On Guides has been taking care of our groups for almost 15 years every time they travel to Montreal, Quebec and Ottawa. We've probably had several hundred groups that were served by Stepon Guides and every time, we can count on the guides being on time, bilingual and knowledgeable of the areas.<\/p><p>I strongly recommend Step on Guides to anybody!<\/p><\/div>\n\t\t\t\t\t\t\t<div class=\"wrap-author\">\t\t\t\t\n\t\t\t\t\t\t\t\t<div class=\"content\">\n\t\t\t\t\t\t\t\t\t<div class=\"name\">Adam Hyde<\/div>\n\t\t\t\t\t\t\t\t\t<div class=\"position\">Niagara Falls Tours<\/div>\n\t\t\t\t\t\t\t\t<\/div>\n\t\t\t\t\t\t<\/div>\n\t\t\t\t\t\t<\/div>\n\t\t\t\t<\/div>\n\t\t\t\t\t\t<\/div>\n\t\t<\/div>\n\t\t\t\t\t\t<\/div>\n\t\t\t\t<\/div>\n\t\t\t\t\t<\/div>\n\t\t<\/div>\n\t\t\t\t\t<\/div>\n\t\t<\/section>\n\t\t\t\t<\/div>","protected":false},"excerpt":{"rendered":"<p>Tour Managers Step On Guides Step On Guides provides professional tour managers throughout North America. They are knowledgeable, organized and fun and are flexible enough to adapt to your itinerary. While our people represent your brand on the road, our office provides [&hellip;]<\/p>\n","protected":false},"author":1,"featured_media":8686,"parent":0,"menu_order":0,"comment_status":"closed","ping_status":"closed","template":"page-nopadding.php","meta":{"footnotes":""},"class_list":["post-8115","page","type-page","status-publish","has-post-thumbnail","hentry"],"yoast_head":"<!-- This site is optimized with the Yoast SEO plugin v27.4 - https:\/\/yoast.com\/product\/yoast-seo-wordpress\/ -->\n<title>Stepon Guides Canada Inc. | Tour Managers<\/title>\n<meta name=\"robots\" content=\"index, follow, max-snippet:-1, max-image-preview:large, max-video-preview:-1\" \/>\n<link rel=\"canonical\" href=\"https:\/\/steponguides.com\/fr\/tour-managers.html\/\" \/>\n<meta property=\"og:locale\" content=\"fr_FR\" \/>\n<meta property=\"og:type\" content=\"article\" \/>\n<meta property=\"og:title\" content=\"Stepon Guides Canada Inc. | Tour Managers\" \/>\n<meta property=\"og:description\" content=\"Tour Managers Step On Guides Step On Guides provides professional tour managers throughout North America. They are knowledgeable, organized and fun and are flexible enough to adapt to your itinerary. While our people represent your brand on the road, our office provides [&hellip;]\" \/>\n<meta property=\"og:url\" content=\"https:\/\/steponguides.com\/fr\/tour-managers.html\/\" \/>\n<meta property=\"og:site_name\" content=\"Welcome to Stepon Guides Canada Inc.\" \/>\n<meta property=\"article:modified_time\" content=\"2026-04-03T05:05:46+00:00\" \/>\n<meta property=\"og:image\" content=\"https:\/\/steponguides.com\/wp-content\/uploads\/2024\/05\/Tour-Managers-en-tete-1024x576.png\" \/>\n\t<meta property=\"og:image:width\" content=\"1024\" \/>\n\t<meta property=\"og:image:height\" content=\"576\" \/>\n\t<meta property=\"og:image:type\" content=\"image\/png\" \/>\n<meta name=\"twitter:card\" content=\"summary_large_image\" \/>\n<meta name=\"twitter:label1\" content=\"Dur\u00e9e de lecture estim\u00e9e\" \/>\n\t<meta name=\"twitter:data1\" content=\"4 minutes\" \/>\n<script type=\"application\/ld+json\" class=\"yoast-schema-graph\">{\"@context\":\"https:\\\/\\\/schema.org\",\"@graph\":[{\"@type\":\"WebPage\",\"@id\":\"https:\\\/\\\/steponguides.com\\\/tour-managers.html\",\"url\":\"https:\\\/\\\/steponguides.com\\\/tour-managers.html\",\"name\":\"Stepon Guides Canada Inc. | Tour Managers\",\"isPartOf\":{\"@id\":\"https:\\\/\\\/steponguides.com\\\/#website\"},\"primaryImageOfPage\":{\"@id\":\"https:\\\/\\\/steponguides.com\\\/tour-managers.html#primaryimage\"},\"image\":{\"@id\":\"https:\\\/\\\/steponguides.com\\\/tour-managers.html#primaryimage\"},\"thumbnailUrl\":\"https:\\\/\\\/steponguides.com\\\/wp-content\\\/uploads\\\/2024\\\/05\\\/Tour-Managers-en-tete.png\",\"datePublished\":\"2024-04-04T11:53:34+00:00\",\"dateModified\":\"2026-04-03T05:05:46+00:00\",\"breadcrumb\":{\"@id\":\"https:\\\/\\\/steponguides.com\\\/tour-managers.html#breadcrumb\"},\"inLanguage\":\"fr-FR\",\"potentialAction\":[{\"@type\":\"ReadAction\",\"target\":[\"https:\\\/\\\/steponguides.com\\\/tour-managers.html\"]}]},{\"@type\":\"ImageObject\",\"inLanguage\":\"fr-FR\",\"@id\":\"https:\\\/\\\/steponguides.com\\\/tour-managers.html#primaryimage\",\"url\":\"https:\\\/\\\/steponguides.com\\\/wp-content\\\/uploads\\\/2024\\\/05\\\/Tour-Managers-en-tete.png\",\"contentUrl\":\"https:\\\/\\\/steponguides.com\\\/wp-content\\\/uploads\\\/2024\\\/05\\\/Tour-Managers-en-tete.png\",\"width\":1920,\"height\":1080},{\"@type\":\"BreadcrumbList\",\"@id\":\"https:\\\/\\\/steponguides.com\\\/tour-managers.html#breadcrumb\",\"itemListElement\":[{\"@type\":\"ListItem\",\"position\":1,\"name\":\"Home\",\"item\":\"https:\\\/\\\/steponguides.com\\\/\"},{\"@type\":\"ListItem\",\"position\":2,\"name\":\"Tour Managers\"}]},{\"@type\":\"WebSite\",\"@id\":\"https:\\\/\\\/steponguides.com\\\/#website\",\"url\":\"https:\\\/\\\/steponguides.com\\\/\",\"name\":\"Welcome to Stepon Guides Canada Inc.\",\"description\":\"Welcome to Stepon Guides Canada Inc.\",\"potentialAction\":[{\"@type\":\"SearchAction\",\"target\":{\"@type\":\"EntryPoint\",\"urlTemplate\":\"https:\\\/\\\/steponguides.com\\\/?s={search_term_string}\"},\"query-input\":{\"@type\":\"PropertyValueSpecification\",\"valueRequired\":true,\"valueName\":\"search_term_string\"}}],\"inLanguage\":\"fr-FR\"}]}<\/script>\n<!-- \/ Yoast SEO plugin. -->","yoast_head_json":{"title":"Stepon Guides Canada Inc. | Tour Managers","robots":{"index":"index","follow":"follow","max-snippet":"max-snippet:-1","max-image-preview":"max-image-preview:large","max-video-preview":"max-video-preview:-1"},"canonical":"https:\/\/steponguides.com\/fr\/tour-managers.html\/","og_locale":"fr_FR","og_type":"article","og_title":"Stepon Guides Canada Inc. | Tour Managers","og_description":"Tour Managers Step On Guides Step On Guides provides professional tour managers throughout North America. They are knowledgeable, organized and fun and are flexible enough to adapt to your itinerary. While our people represent your brand on the road, our office provides [&hellip;]","og_url":"https:\/\/steponguides.com\/fr\/tour-managers.html\/","og_site_name":"Welcome to Stepon Guides Canada Inc.","article_modified_time":"2026-04-03T05:05:46+00:00","og_image":[{"width":1024,"height":576,"url":"https:\/\/steponguides.com\/wp-content\/uploads\/2024\/05\/Tour-Managers-en-tete-1024x576.png","type":"image\/png"}],"twitter_card":"summary_large_image","twitter_misc":{"Dur\u00e9e de lecture estim\u00e9e":"4 minutes"},"schema":{"@context":"https:\/\/schema.org","@graph":[{"@type":"WebPage","@id":"https:\/\/steponguides.com\/tour-managers.html","url":"https:\/\/steponguides.com\/tour-managers.html","name":"Stepon Guides Canada Inc. | Tour Managers","isPartOf":{"@id":"https:\/\/steponguides.com\/#website"},"primaryImageOfPage":{"@id":"https:\/\/steponguides.com\/tour-managers.html#primaryimage"},"image":{"@id":"https:\/\/steponguides.com\/tour-managers.html#primaryimage"},"thumbnailUrl":"https:\/\/steponguides.com\/wp-content\/uploads\/2024\/05\/Tour-Managers-en-tete.png","datePublished":"2024-04-04T11:53:34+00:00","dateModified":"2026-04-03T05:05:46+00:00","breadcrumb":{"@id":"https:\/\/steponguides.com\/tour-managers.html#breadcrumb"},"inLanguage":"fr-FR","potentialAction":[{"@type":"ReadAction","target":["https:\/\/steponguides.com\/tour-managers.html"]}]},{"@type":"ImageObject","inLanguage":"fr-FR","@id":"https:\/\/steponguides.com\/tour-managers.html#primaryimage","url":"https:\/\/steponguides.com\/wp-content\/uploads\/2024\/05\/Tour-Managers-en-tete.png","contentUrl":"https:\/\/steponguides.com\/wp-content\/uploads\/2024\/05\/Tour-Managers-en-tete.png","width":1920,"height":1080},{"@type":"BreadcrumbList","@id":"https:\/\/steponguides.com\/tour-managers.html#breadcrumb","itemListElement":[{"@type":"ListItem","position":1,"name":"Home","item":"https:\/\/steponguides.com\/"},{"@type":"ListItem","position":2,"name":"Tour Managers"}]},{"@type":"WebSite","@id":"https:\/\/steponguides.com\/#website","url":"https:\/\/steponguides.com\/","name":"Bienvenu \u00e0 Stepon Guides Canada Inc.","description":"Bienvenu \u00e0 Stepon Guides Canada Inc.","potentialAction":[{"@type":"SearchAction","target":{"@type":"EntryPoint","urlTemplate":"https:\/\/steponguides.com\/?s={search_term_string}"},"query-input":{"@type":"PropertyValueSpecification","valueRequired":true,"valueName":"search_term_string"}}],"inLanguage":"fr-FR"}]}},"_links":{"self":[{"href":"https:\/\/steponguides.com\/fr\/wp-json\/wp\/v2\/pages\/8115","targetHints":{"allow":["GET"]}}],"collection":[{"href":"https:\/\/steponguides.com\/fr\/wp-json\/wp\/v2\/pages"}],"about":[{"href":"https:\/\/steponguides.com\/fr\/wp-json\/wp\/v2\/types\/page"}],"author":[{"embeddable":true,"href":"https:\/\/steponguides.com\/fr\/wp-json\/wp\/v2\/users\/1"}],"replies":[{"embeddable":true,"href":"https:\/\/steponguides.com\/fr\/wp-json\/wp\/v2\/comments?post=8115"}],"version-history":[{"count":45,"href":"https:\/\/steponguides.com\/fr\/wp-json\/wp\/v2\/pages\/8115\/revisions"}],"predecessor-version":[{"id":8789,"href":"https:\/\/steponguides.com\/fr\/wp-json\/wp\/v2\/pages\/8115\/revisions\/8789"}],"wp:featuredmedia":[{"embeddable":true,"href":"https:\/\/steponguides.com\/fr\/wp-json\/wp\/v2\/media\/8686"}],"wp:attachment":[{"href":"https:\/\/steponguides.com\/fr\/wp-json\/wp\/v2\/media?parent=8115"}],"curies":[{"name":"wp","href":"https:\/\/api.w.org\/{rel}","templated":true}]}}