{"id":8087,"date":"2024-04-04T11:29:40","date_gmt":"2024-04-04T11:29:40","guid":{"rendered":"https:\/\/steponguides.com\/?page_id=8087"},"modified":"2026-01-06T18:24:01","modified_gmt":"2026-01-06T18:24:01","slug":"rates","status":"publish","type":"page","link":"https:\/\/steponguides.com\/fr\/rates.html","title":{"rendered":"TARIFS"},"content":{"rendered":"<div data-elementor-type=\"wp-page\" data-elementor-id=\"8087\" class=\"elementor elementor-8087\">\n\t\t\t\t\t\t<section class=\"elementor-section elementor-top-section elementor-element elementor-element-5d42715 elementor-section-boxed elementor-section-height-default elementor-section-height-default tf-sticky-no tf-sticky-scroll-down-yes\" data-id=\"5d42715\" data-element_type=\"section\" data-e-type=\"section\" data-settings=\"{&quot;tf_sticky&quot;:&quot;no&quot;,&quot;tf_sticky_scroll_down&quot;:&quot;yes&quot;}\">\n\t\t\t\t\t\t<div class=\"elementor-container elementor-column-gap-no\">\n\t\t\t\t\t<div class=\"elementor-column elementor-col-100 elementor-top-column elementor-element elementor-element-e12706b\" data-id=\"e12706b\" data-element_type=\"column\" data-e-type=\"column\">\n\t\t\t<div class=\"elementor-widget-wrap elementor-element-populated\">\n\t\t\t\t\t\t<div class=\"elementor-element elementor-element-7875ac68 elementor-widget elementor-widget-spacer\" data-id=\"7875ac68\" data-element_type=\"widget\" data-e-type=\"widget\" data-widget_type=\"spacer.default\">\n\t\t\t\t<div class=\"elementor-widget-container\">\n\t\t\t\t\t\t\t<div class=\"elementor-spacer\">\n\t\t\t<div class=\"elementor-spacer-inner\"><\/div>\n\t\t<\/div>\n\t\t\t\t\t\t<\/div>\n\t\t\t\t<\/div>\n\t\t\t\t<div class=\"elementor-element elementor-element-a7ba3d7 w-3cols elementor-widget elementor-widget-tfl-pricing-table\" data-id=\"a7ba3d7\" data-element_type=\"widget\" data-e-type=\"widget\" data-widget_type=\"tfl-pricing-table.default\">\n\t\t\t\t<div class=\"elementor-widget-container\">\n\t\t\t\t\t\n<div class=\"tfl-pricing-table tfl-uber-grid-container  grid-3-columns\">\n\n    \n        \n        <div class=\"tfl-pricing-plan-outter\">\n    <div class=\"tfl-grid-item tfl-pricing-plan\" >\n\n        <div class=\"tfl-top-header\">\n\n            \n                \n            \n            \n            <h3 class=\"tfl-plan-name tfl-center\">VISITES EN ANGLAIS &amp; FRAN\u00c7AIS            <\/h3>\n\n\n        <\/div>\n\n        <h4 class=\"tfl-plan-price tfl-plan-header        tfl-center\">\n\n            <span class=\"tfl-text\"><\/span>\n\n        <\/h4>\n\n        <div class=\"tfl-plan-details\">\n\n            \n<ul class=\"list-table\">\n  <li><strong>Qu\u00e9bec \u00b7 Montreal \u00b7 Ottawa<\/strong><\/li>\n  <li>2.5 heures \u2014 $215.00<\/li>\n  <li>3 heures \u2014  240,00 $<\/li>\n  <li>3.5 heures \u2014 $285.00<\/li>\n  <li>4 heures \u2014 $320.00<\/li>\n  <li>4.5 heures \u2014 $360.00<\/li>\n  <li>5 heures \u2014 $395.00<\/li>\n  <li>5.5 heures \u2014 $435.00<\/li>\n  <li>6 heures \u2014 $480.00<\/li>\n  <li>6.5 heures \u2014 $510.00<\/li>\n  <li>7 heures \u2014 $545.00<\/li>\n  <li>7.5 heures \u2014 $585.00<\/li>\n  <li>8 heures \u2014 $630.00<\/li>\n  <li>8.5 heures \u2014 $660.00<\/li>\n  <li>9 heures \u2014 $695.00<\/li>\n  <li>10 heures \u2014 $770.00<\/li>\n  <li>11 heures \u2014 $845.00<\/li>\n  <li>12 heures \u2014 $920.00<\/li>\n  <li>13 heures \u2014 $995.00<\/li>\n<\/ul>\n        <\/div><!-- .tfl-plan-details -->\n\n        <div class=\"tfl-purchase\">\n\n            <div class=\"tfl-button tfl-style1 tfl-align\">\n                <div class=\"tfl-content-wrapper\">\n                    <a href=\"https:\/\/steponguides.com\/contact.html\"  target=\"_blank\">\n                        <span class=\"text\"> Contactez-nous<\/span>\n                        <span class=\"icon\">\n                             <i class=\"fas fa-plus\"><\/i>                        <\/span>\n                    <\/a>\n                <\/div>\n            <\/div>\n\n        <\/div>\n    <\/div>\n<\/div><!-- .tfl-pricing-plan -->\n    \n        \n        <div class=\"tfl-pricing-plan-outter\">\n    <div class=\"tfl-grid-item tfl-pricing-plan\" >\n\n        <div class=\"tfl-top-header\">\n\n            \n                \n            \n            \n            <h3 class=\"tfl-plan-name tfl-center\">TOUTES AUTRES LANGUES            <\/h3>\n\n\n        <\/div>\n\n        <h4 class=\"tfl-plan-price tfl-plan-header        tfl-center\">\n\n            <span class=\"tfl-text\"><\/span>\n\n        <\/h4>\n\n        <div class=\"tfl-plan-details\">\n\n            <ul class=\"list-table\">\n  <li><strong>Qu\u00e9bec \u00b7 Montreal \u00b7 Ottawa<\/strong><\/li>\n  <li>2.5 heures \u2014 $270.00<\/li>\n  <li>3 heures \u2014 $320.00<\/li>\n  <li>3.5 heures \u2014 $360.00<\/li>\n  <li>4 heures \u2014 $425.00<\/li>\n  <li>5 heures \u2014 $525.00<\/li>\n  <li>6 heures \u2014 $625.00<\/li>\n  <li>7 heures \u2014 $725.00<\/li>\n  <li>8 heures \u2014 $825.00<\/li>\n  <li>9 heures \u2014 $925.00<\/li>\n  <li>10 heures \u2014 $1,025.00<\/li>\n  <li>11 heures \u2014 $1,125.00<\/li>\n  <li>12 heures \u2014 $1,225.00<\/li>\n  <li>13 heures \u2014 $1,325.00<\/li>\n<\/ul>\n<br>\n(Veuillez noter que pour les prestations de plus de 8 heures o\u00f9 les repas des guides ne sont pas inclus, une indemnit\u00e9 de 70 $ est pr\u00e9vue.)\n\n        <\/div><!-- .tfl-plan-details -->\n\n        <div class=\"tfl-purchase\">\n\n            <div class=\"tfl-button tfl-style1 tfl-align\">\n                <div class=\"tfl-content-wrapper\">\n                    <a href=\"https:\/\/steponguides.com\/contact.html\"  target=\"_blank\">\n                        <span class=\"text\"> Contactez-nous<\/span>\n                        <span class=\"icon\">\n                             <i class=\"fas fa-plus\"><\/i>                        <\/span>\n                    <\/a>\n                <\/div>\n            <\/div>\n\n        <\/div>\n    <\/div>\n<\/div><!-- .tfl-pricing-plan -->\n    \n        \n        <div class=\"tfl-pricing-plan-outter\">\n    <div class=\"tfl-grid-item tfl-pricing-plan\" >\n\n        <div class=\"tfl-top-header\">\n\n            \n                \n            \n            \n            <h3 class=\"tfl-plan-name tfl-center\">ACCUEIL            <\/h3>\n\n\n        <\/div>\n\n        <h4 class=\"tfl-plan-price tfl-plan-header        tfl-center\">\n\n            <span class=\"tfl-text\"><\/span>\n\n        <\/h4>\n\n        <div class=\"tfl-plan-details\">\n\n            <ul class=\"list-table\">\n  <li><strong>Transferts a\u00e9roport et h\u00f4tel<\/strong><\/li>\n  <li>A\u00e9roport de Qu\u00e9bec \u2014 270,00 $<\/li>\n  <li>A\u00e9roport Trudeau (Montr\u00e9al) \u2014 270,00 $<\/li>\n  <li>A\u00e9roport d'Ottawa \u2014 270,00 $<\/li>\n  <li>Transferts h\u00f4tel \u2014 270,00 $<\/li>\n<\/ul>\n\n        <\/div><!-- .tfl-plan-details -->\n\n        <div class=\"tfl-purchase\">\n\n            <div class=\"tfl-button tfl-style1 tfl-align\">\n                <div class=\"tfl-content-wrapper\">\n                    <a href=\"https:\/\/steponguides.com\/contact.html\"  target=\"_blank\">\n                        <span class=\"text\"> Contactez-nous<\/span>\n                        <span class=\"icon\">\n                             <i class=\"fas fa-plus\"><\/i>                        <\/span>\n                    <\/a>\n                <\/div>\n            <\/div>\n\n        <\/div>\n    <\/div>\n<\/div><!-- .tfl-pricing-plan -->\n    \n<\/div><!-- .tfl-pricing-table -->\n\n<div class=\"tfl-clear\"><\/div>\t\t\t\t<\/div>\n\t\t\t\t<\/div>\n\t\t\t\t\t<\/div>\n\t\t<\/div>\n\t\t\t\t\t<\/div>\n\t\t<\/section>\n\t\t\t\t<\/div>","protected":false},"excerpt":{"rendered":"<p>TOURS IN ENGLISH &amp; FRENCH Quebec City \u00b7 Montreal \u00b7 Ottawa 2.5 hours \u2014 $215.00 3 hours \u2014 $240.00 3.5 hours \u2014 $285.00 4 hours \u2014 $320.00 4.5 hours \u2014 $360.00 5 hours \u2014 $395.00 5.5 hours \u2014 $435.00 6 hours \u2014 [&hellip;]<\/p>\n","protected":false},"author":1,"featured_media":8608,"parent":0,"menu_order":0,"comment_status":"closed","ping_status":"closed","template":"page-nopadding.php","meta":{"footnotes":""},"class_list":["post-8087","page","type-page","status-publish","has-post-thumbnail","hentry"],"yoast_head":"<!-- This site is optimized with the Yoast SEO plugin v27.3 - https:\/\/yoast.com\/product\/yoast-seo-wordpress\/ -->\n<title>Stepon Guides Canada Inc. | Rates<\/title>\n<meta name=\"robots\" content=\"index, follow, max-snippet:-1, max-image-preview:large, max-video-preview:-1\" \/>\n<link rel=\"canonical\" href=\"https:\/\/steponguides.com\/fr\/rates.html\/\" \/>\n<meta property=\"og:locale\" content=\"fr_FR\" \/>\n<meta property=\"og:type\" content=\"article\" \/>\n<meta property=\"og:title\" content=\"Stepon Guides Canada Inc. | Rates\" \/>\n<meta property=\"og:description\" content=\"TOURS IN ENGLISH &amp; FRENCH Quebec City \u00b7 Montreal \u00b7 Ottawa 2.5 hours \u2014 $215.00 3 hours \u2014 $240.00 3.5 hours \u2014 $285.00 4 hours \u2014 $320.00 4.5 hours \u2014 $360.00 5 hours \u2014 $395.00 5.5 hours \u2014 $435.00 6 hours \u2014 [&hellip;]\" \/>\n<meta property=\"og:url\" content=\"https:\/\/steponguides.com\/fr\/rates.html\/\" \/>\n<meta property=\"og:site_name\" content=\"Welcome to Stepon Guides Canada Inc.\" \/>\n<meta property=\"article:modified_time\" content=\"2026-01-06T18:24:01+00:00\" \/>\n<meta property=\"og:image\" content=\"https:\/\/steponguides.com\/wp-content\/uploads\/2024\/05\/Rates-e1714780991649-1024x600.png\" \/>\n\t<meta property=\"og:image:width\" content=\"1024\" \/>\n\t<meta property=\"og:image:height\" content=\"600\" \/>\n\t<meta property=\"og:image:type\" content=\"image\/png\" \/>\n<meta name=\"twitter:card\" content=\"summary_large_image\" \/>\n<meta name=\"twitter:label1\" content=\"Dur\u00e9e de lecture estim\u00e9e\" \/>\n\t<meta name=\"twitter:data1\" content=\"1 minute\" \/>\n<script type=\"application\/ld+json\" class=\"yoast-schema-graph\">{\"@context\":\"https:\\\/\\\/schema.org\",\"@graph\":[{\"@type\":\"WebPage\",\"@id\":\"https:\\\/\\\/steponguides.com\\\/rates.html\",\"url\":\"https:\\\/\\\/steponguides.com\\\/rates.html\",\"name\":\"Stepon Guides Canada Inc. | Rates\",\"isPartOf\":{\"@id\":\"https:\\\/\\\/15.157.98.217\\\/#website\"},\"primaryImageOfPage\":{\"@id\":\"https:\\\/\\\/steponguides.com\\\/rates.html#primaryimage\"},\"image\":{\"@id\":\"https:\\\/\\\/steponguides.com\\\/rates.html#primaryimage\"},\"thumbnailUrl\":\"https:\\\/\\\/steponguides.com\\\/wp-content\\\/uploads\\\/2024\\\/05\\\/Rates-e1714780991649.png\",\"datePublished\":\"2024-04-04T11:29:40+00:00\",\"dateModified\":\"2026-01-06T18:24:01+00:00\",\"breadcrumb\":{\"@id\":\"https:\\\/\\\/steponguides.com\\\/rates.html#breadcrumb\"},\"inLanguage\":\"fr-FR\",\"potentialAction\":[{\"@type\":\"ReadAction\",\"target\":[\"https:\\\/\\\/steponguides.com\\\/rates.html\"]}]},{\"@type\":\"ImageObject\",\"inLanguage\":\"fr-FR\",\"@id\":\"https:\\\/\\\/steponguides.com\\\/rates.html#primaryimage\",\"url\":\"https:\\\/\\\/steponguides.com\\\/wp-content\\\/uploads\\\/2024\\\/05\\\/Rates-e1714780991649.png\",\"contentUrl\":\"https:\\\/\\\/steponguides.com\\\/wp-content\\\/uploads\\\/2024\\\/05\\\/Rates-e1714780991649.png\",\"width\":1616,\"height\":947},{\"@type\":\"BreadcrumbList\",\"@id\":\"https:\\\/\\\/steponguides.com\\\/rates.html#breadcrumb\",\"itemListElement\":[{\"@type\":\"ListItem\",\"position\":1,\"name\":\"Home\",\"item\":\"https:\\\/\\\/steponguides.com\\\/fr\\\/\"},{\"@type\":\"ListItem\",\"position\":2,\"name\":\"Rates\"}]},{\"@type\":\"WebSite\",\"@id\":\"https:\\\/\\\/15.157.98.217\\\/#website\",\"url\":\"https:\\\/\\\/15.157.98.217\\\/\",\"name\":\"Welcome to Stepon Guides Canada Inc.\",\"description\":\"Welcome to Stepon Guides Canada Inc.\",\"potentialAction\":[{\"@type\":\"SearchAction\",\"target\":{\"@type\":\"EntryPoint\",\"urlTemplate\":\"https:\\\/\\\/15.157.98.217\\\/?s={search_term_string}\"},\"query-input\":{\"@type\":\"PropertyValueSpecification\",\"valueRequired\":true,\"valueName\":\"search_term_string\"}}],\"inLanguage\":\"fr-FR\"}]}<\/script>\n<!-- \/ Yoast SEO plugin. -->","yoast_head_json":{"title":"Stepon Guides Canada Inc. | Rates","robots":{"index":"index","follow":"follow","max-snippet":"max-snippet:-1","max-image-preview":"max-image-preview:large","max-video-preview":"max-video-preview:-1"},"canonical":"https:\/\/steponguides.com\/fr\/rates.html\/","og_locale":"fr_FR","og_type":"article","og_title":"Stepon Guides Canada Inc. | Rates","og_description":"TOURS IN ENGLISH &amp; FRENCH Quebec City \u00b7 Montreal \u00b7 Ottawa 2.5 hours \u2014 $215.00 3 hours \u2014 $240.00 3.5 hours \u2014 $285.00 4 hours \u2014 $320.00 4.5 hours \u2014 $360.00 5 hours \u2014 $395.00 5.5 hours \u2014 $435.00 6 hours \u2014 [&hellip;]","og_url":"https:\/\/steponguides.com\/fr\/rates.html\/","og_site_name":"Welcome to Stepon Guides Canada Inc.","article_modified_time":"2026-01-06T18:24:01+00:00","og_image":[{"width":1024,"height":600,"url":"https:\/\/steponguides.com\/wp-content\/uploads\/2024\/05\/Rates-e1714780991649-1024x600.png","type":"image\/png"}],"twitter_card":"summary_large_image","twitter_misc":{"Dur\u00e9e de lecture estim\u00e9e":"1 minute"},"schema":{"@context":"https:\/\/schema.org","@graph":[{"@type":"WebPage","@id":"https:\/\/steponguides.com\/rates.html","url":"https:\/\/steponguides.com\/rates.html","name":"Stepon Guides Canada Inc. | Rates","isPartOf":{"@id":"https:\/\/15.157.98.217\/#website"},"primaryImageOfPage":{"@id":"https:\/\/steponguides.com\/rates.html#primaryimage"},"image":{"@id":"https:\/\/steponguides.com\/rates.html#primaryimage"},"thumbnailUrl":"https:\/\/steponguides.com\/wp-content\/uploads\/2024\/05\/Rates-e1714780991649.png","datePublished":"2024-04-04T11:29:40+00:00","dateModified":"2026-01-06T18:24:01+00:00","breadcrumb":{"@id":"https:\/\/steponguides.com\/rates.html#breadcrumb"},"inLanguage":"fr-FR","potentialAction":[{"@type":"ReadAction","target":["https:\/\/steponguides.com\/rates.html"]}]},{"@type":"ImageObject","inLanguage":"fr-FR","@id":"https:\/\/steponguides.com\/rates.html#primaryimage","url":"https:\/\/steponguides.com\/wp-content\/uploads\/2024\/05\/Rates-e1714780991649.png","contentUrl":"https:\/\/steponguides.com\/wp-content\/uploads\/2024\/05\/Rates-e1714780991649.png","width":1616,"height":947},{"@type":"BreadcrumbList","@id":"https:\/\/steponguides.com\/rates.html#breadcrumb","itemListElement":[{"@type":"ListItem","position":1,"name":"Home","item":"https:\/\/steponguides.com\/fr\/"},{"@type":"ListItem","position":2,"name":"Rates"}]},{"@type":"WebSite","@id":"https:\/\/15.157.98.217\/#website","url":"https:\/\/15.157.98.217\/","name":"Bienvenu \u00e0 Stepon Guides Canada Inc.","description":"Bienvenu \u00e0 Stepon Guides Canada Inc.","potentialAction":[{"@type":"SearchAction","target":{"@type":"EntryPoint","urlTemplate":"https:\/\/15.157.98.217\/?s={search_term_string}"},"query-input":{"@type":"PropertyValueSpecification","valueRequired":true,"valueName":"search_term_string"}}],"inLanguage":"fr-FR"}]}},"_links":{"self":[{"href":"https:\/\/steponguides.com\/fr\/wp-json\/wp\/v2\/pages\/8087","targetHints":{"allow":["GET"]}}],"collection":[{"href":"https:\/\/steponguides.com\/fr\/wp-json\/wp\/v2\/pages"}],"about":[{"href":"https:\/\/steponguides.com\/fr\/wp-json\/wp\/v2\/types\/page"}],"author":[{"embeddable":true,"href":"https:\/\/steponguides.com\/fr\/wp-json\/wp\/v2\/users\/1"}],"replies":[{"embeddable":true,"href":"https:\/\/steponguides.com\/fr\/wp-json\/wp\/v2\/comments?post=8087"}],"version-history":[{"count":33,"href":"https:\/\/steponguides.com\/fr\/wp-json\/wp\/v2\/pages\/8087\/revisions"}],"predecessor-version":[{"id":8770,"href":"https:\/\/steponguides.com\/fr\/wp-json\/wp\/v2\/pages\/8087\/revisions\/8770"}],"wp:featuredmedia":[{"embeddable":true,"href":"https:\/\/steponguides.com\/fr\/wp-json\/wp\/v2\/media\/8608"}],"wp:attachment":[{"href":"https:\/\/steponguides.com\/fr\/wp-json\/wp\/v2\/media?parent=8087"}],"curies":[{"name":"wp","href":"https:\/\/api.w.org\/{rel}","templated":true}]}}