{"id":8023,"date":"2024-04-04T10:19:54","date_gmt":"2024-04-04T10:19:54","guid":{"rendered":"https:\/\/steponguides.com\/?page_id=8023"},"modified":"2024-05-31T00:55:55","modified_gmt":"2024-05-31T00:55:55","slug":"eastern-townships","status":"publish","type":"page","link":"https:\/\/steponguides.com\/fr\/eastern-townships.html","title":{"rendered":"Cantons de l'Est"},"content":{"rendered":"<div data-elementor-type=\"wp-page\" data-elementor-id=\"8023\" class=\"elementor elementor-8023\">\n\t\t\t\t\t\t<section class=\"elementor-section elementor-top-section elementor-element elementor-element-4c15a9f elementor-section-boxed elementor-section-height-default elementor-section-height-default tf-sticky-no tf-sticky-scroll-down-yes\" data-id=\"4c15a9f\" data-element_type=\"section\" data-e-type=\"section\" data-settings=\"{&quot;background_background&quot;:&quot;classic&quot;,&quot;tf_sticky&quot;:&quot;no&quot;,&quot;tf_sticky_scroll_down&quot;:&quot;yes&quot;}\">\n\t\t\t\t\t\t<div class=\"elementor-container elementor-column-gap-no\">\n\t\t\t\t\t<div class=\"elementor-column elementor-col-100 elementor-top-column elementor-element elementor-element-67e80f8\" data-id=\"67e80f8\" data-element_type=\"column\" data-e-type=\"column\">\n\t\t\t<div class=\"elementor-widget-wrap elementor-element-populated\">\n\t\t\t\t\t\t<div class=\"elementor-element elementor-element-61950a9 elementor-widget elementor-widget-spacer\" data-id=\"61950a9\" data-element_type=\"widget\" data-e-type=\"widget\" data-widget_type=\"spacer.default\">\n\t\t\t\t<div class=\"elementor-widget-container\">\n\t\t\t\t\t\t\t<div class=\"elementor-spacer\">\n\t\t\t<div class=\"elementor-spacer-inner\"><\/div>\n\t\t<\/div>\n\t\t\t\t\t\t<\/div>\n\t\t\t\t<\/div>\n\t\t\t\t<div class=\"elementor-element elementor-element-6ee418d elementor-widget elementor-widget-heading\" data-id=\"6ee418d\" data-element_type=\"widget\" data-e-type=\"widget\" data-widget_type=\"heading.default\">\n\t\t\t\t<div class=\"elementor-widget-container\">\n\t\t\t\t\t<h2 class=\"elementor-heading-title elementor-size-default\">Cantons de l'Est<\/h2>\t\t\t\t<\/div>\n\t\t\t\t<\/div>\n\t\t\t\t<div class=\"elementor-element elementor-element-5f83c8a elementor-widget elementor-widget-spacer\" data-id=\"5f83c8a\" data-element_type=\"widget\" data-e-type=\"widget\" data-widget_type=\"spacer.default\">\n\t\t\t\t<div class=\"elementor-widget-container\">\n\t\t\t\t\t\t\t<div class=\"elementor-spacer\">\n\t\t\t<div class=\"elementor-spacer-inner\"><\/div>\n\t\t<\/div>\n\t\t\t\t\t\t<\/div>\n\t\t\t\t<\/div>\n\t\t\t\t<section class=\"elementor-section elementor-inner-section elementor-element elementor-element-9a84475 elementor-section-boxed elementor-section-height-default elementor-section-height-default tf-sticky-no tf-sticky-scroll-down-yes\" data-id=\"9a84475\" data-element_type=\"section\" data-e-type=\"section\" data-settings=\"{&quot;tf_sticky&quot;:&quot;no&quot;,&quot;tf_sticky_scroll_down&quot;:&quot;yes&quot;}\">\n\t\t\t\t\t\t<div class=\"elementor-container elementor-column-gap-extended\">\n\t\t\t\t\t<div class=\"elementor-column elementor-col-50 elementor-inner-column elementor-element elementor-element-157223a tfl-col-7\" data-id=\"157223a\" data-element_type=\"column\" data-e-type=\"column\">\n\t\t\t<div class=\"elementor-widget-wrap elementor-element-populated\">\n\t\t\t\t\t\t<div class=\"elementor-element elementor-element-b0c7340 elementor-widget elementor-widget-spacer\" data-id=\"b0c7340\" data-element_type=\"widget\" data-e-type=\"widget\" data-widget_type=\"spacer.default\">\n\t\t\t\t<div class=\"elementor-widget-container\">\n\t\t\t\t\t\t\t<div class=\"elementor-spacer\">\n\t\t\t<div class=\"elementor-spacer-inner\"><\/div>\n\t\t<\/div>\n\t\t\t\t\t\t<\/div>\n\t\t\t\t<\/div>\n\t\t\t\t<div class=\"elementor-element elementor-element-ef41f1f elementor-widget elementor-widget-text-editor\" data-id=\"ef41f1f\" data-element_type=\"widget\" data-e-type=\"widget\" data-widget_type=\"text-editor.default\">\n\t\t\t\t<div class=\"elementor-widget-container\">\n\t\t\t\t\t\t\t\t\t<span class=\"style1\"><\/span>\t\t\t\t\t\t\t\t<\/div>\n\t\t\t\t<\/div>\n\t\t\t\t<div class=\"elementor-element elementor-element-9bde178 elementor-widget elementor-widget-text-editor\" data-id=\"9bde178\" data-element_type=\"widget\" data-e-type=\"widget\" data-widget_type=\"text-editor.default\">\n\t\t\t\t<div class=\"elementor-widget-container\">\n\t\t\t\t\t\t\t\t\t<p>Les Cantons de l'Est offrent un charmant m\u00e9lange de styles et de traditions loyalistes de l'Empire-Uni et fran\u00e7ais. Un itin\u00e9raire pourrait inclure l'Abbaye de Saint-Beno\u00eet-du-Lac, une promenade le long des rives du lac Memphr\u00e9magog, une visite du mus\u00e9e et de l'usine Bombardier (berceau de la motoneige !), une visite dans l'un des nombreux vignobles de la r\u00e9gion sp\u00e9cialis\u00e9s dans le vin de glace, ainsi que les charmants villages parsemant la r\u00e9gion tels que North Hatley ou Magog.<\/p><p>Sherbrooke, la plus grande ville de la r\u00e9gion, compte 18 murales \u00e0 travers la ville. Votre groupe s'amusera \u00e0 trouver le lutin cach\u00e9 dans chaque murale, tout en profitant d'une visite au march\u00e9 fermier local.<\/p><p>Le d\u00e9jeuner peut \u00eatre organis\u00e9 dans un restaurant local ou une cabane \u00e0 sucre.<br \/><br \/>Pourquoi ne pas engager un guide touristique pour la journ\u00e9e ?<\/p>\t\t\t\t\t\t\t\t<\/div>\n\t\t\t\t<\/div>\n\t\t\t\t<div class=\"elementor-element elementor-element-e7d04d2 elementor-widget elementor-widget-spacer\" data-id=\"e7d04d2\" data-element_type=\"widget\" data-e-type=\"widget\" data-widget_type=\"spacer.default\">\n\t\t\t\t<div class=\"elementor-widget-container\">\n\t\t\t\t\t\t\t<div class=\"elementor-spacer\">\n\t\t\t<div class=\"elementor-spacer-inner\"><\/div>\n\t\t<\/div>\n\t\t\t\t\t\t<\/div>\n\t\t\t\t<\/div>\n\t\t\t\t\t<\/div>\n\t\t<\/div>\n\t\t\t\t<div class=\"elementor-column elementor-col-50 elementor-inner-column elementor-element elementor-element-a01be5b tfl-col-7\" data-id=\"a01be5b\" data-element_type=\"column\" data-e-type=\"column\">\n\t\t\t<div class=\"elementor-widget-wrap elementor-element-populated\">\n\t\t\t\t\t\t<div class=\"elementor-element elementor-element-d65cf32 elementor-widget elementor-widget-image\" data-id=\"d65cf32\" data-element_type=\"widget\" data-e-type=\"widget\" data-widget_type=\"image.default\">\n\t\t\t\t<div class=\"elementor-widget-container\">\n\t\t\t\t\t\t\t\t\t\t\t\t\t\t\t<img fetchpriority=\"high\" decoding=\"async\" width=\"1920\" height=\"1080\" src=\"https:\/\/15.157.98.217\/wp-content\/uploads\/2024\/05\/Eastern-Townships.png\" class=\"attachment-full size-full wp-image-8612\" alt=\"\" srcset=\"https:\/\/15.157.98.217\/wp-content\/uploads\/2024\/05\/Eastern-Townships.png 1920w, https:\/\/15.157.98.217\/wp-content\/uploads\/2024\/05\/Eastern-Townships-300x169.png 300w, https:\/\/15.157.98.217\/wp-content\/uploads\/2024\/05\/Eastern-Townships-1024x576.png 1024w, https:\/\/15.157.98.217\/wp-content\/uploads\/2024\/05\/Eastern-Townships-768x432.png 768w, https:\/\/15.157.98.217\/wp-content\/uploads\/2024\/05\/Eastern-Townships-1536x864.png 1536w, https:\/\/15.157.98.217\/wp-content\/uploads\/2024\/05\/Eastern-Townships-18x10.png 18w\" sizes=\"(max-width: 1920px) 100vw, 1920px\" \/>\t\t\t\t\t\t\t\t\t\t\t\t\t\t\t<\/div>\n\t\t\t\t<\/div>\n\t\t\t\t\t<\/div>\n\t\t<\/div>\n\t\t\t\t\t<\/div>\n\t\t<\/section>\n\t\t\t\t<div class=\"elementor-element elementor-element-ccd96ca elementor-widget elementor-widget-spacer\" data-id=\"ccd96ca\" data-element_type=\"widget\" data-e-type=\"widget\" data-widget_type=\"spacer.default\">\n\t\t\t\t<div class=\"elementor-widget-container\">\n\t\t\t\t\t\t\t<div class=\"elementor-spacer\">\n\t\t\t<div class=\"elementor-spacer-inner\"><\/div>\n\t\t<\/div>\n\t\t\t\t\t\t<\/div>\n\t\t\t\t<\/div>\n\t\t\t\t<div class=\"elementor-element elementor-element-81cde9f elementor-widget elementor-widget-spacer\" data-id=\"81cde9f\" data-element_type=\"widget\" data-e-type=\"widget\" data-widget_type=\"spacer.default\">\n\t\t\t\t<div class=\"elementor-widget-container\">\n\t\t\t\t\t\t\t<div class=\"elementor-spacer\">\n\t\t\t<div class=\"elementor-spacer-inner\"><\/div>\n\t\t<\/div>\n\t\t\t\t\t\t<\/div>\n\t\t\t\t<\/div>\n\t\t\t\t\t<\/div>\n\t\t<\/div>\n\t\t\t\t\t<\/div>\n\t\t<\/section>\n\t\t\t\t<section class=\"elementor-section elementor-top-section elementor-element elementor-element-cd4fe2a elementor-section-stretched text-center elementor-section-boxed elementor-section-height-default elementor-section-height-default tf-sticky-no tf-sticky-scroll-down-yes\" data-id=\"cd4fe2a\" data-element_type=\"section\" data-e-type=\"section\" data-settings=\"{&quot;stretch_section&quot;:&quot;section-stretched&quot;,&quot;background_background&quot;:&quot;classic&quot;,&quot;tf_sticky&quot;:&quot;no&quot;,&quot;tf_sticky_scroll_down&quot;:&quot;yes&quot;}\">\n\t\t\t\t\t\t\t<div class=\"elementor-background-overlay\"><\/div>\n\t\t\t\t\t\t\t<div class=\"elementor-container elementor-column-gap-default\">\n\t\t\t\t\t<div class=\"elementor-column elementor-col-100 elementor-top-column elementor-element elementor-element-ca00af5\" data-id=\"ca00af5\" data-element_type=\"column\" data-e-type=\"column\">\n\t\t\t<div class=\"elementor-widget-wrap elementor-element-populated\">\n\t\t\t\t\t\t<div class=\"elementor-element elementor-element-727fe8e elementor-widget elementor-widget-spacer\" data-id=\"727fe8e\" data-element_type=\"widget\" data-e-type=\"widget\" data-widget_type=\"spacer.default\">\n\t\t\t\t<div class=\"elementor-widget-container\">\n\t\t\t\t\t\t\t<div class=\"elementor-spacer\">\n\t\t\t<div class=\"elementor-spacer-inner\"><\/div>\n\t\t<\/div>\n\t\t\t\t\t\t<\/div>\n\t\t\t\t<\/div>\n\t\t\t\t<div class=\"elementor-element elementor-element-7e3dfb8 facts-style elementor-widget__width-initial elementor-widget elementor-widget-text-editor\" data-id=\"7e3dfb8\" data-element_type=\"widget\" data-e-type=\"widget\" data-widget_type=\"text-editor.default\">\n\t\t\t\t<div class=\"elementor-widget-container\">\n\t\t\t\t\t\t\t\t\tNOUS SOMMES L\u00c0 POUR VOUS AIDER\t\t\t\t\t\t\t\t<\/div>\n\t\t\t\t<\/div>\n\t\t\t\t<div class=\"elementor-element elementor-element-5e48baa elementor-widget elementor-widget-spacer\" data-id=\"5e48baa\" data-element_type=\"widget\" data-e-type=\"widget\" data-widget_type=\"spacer.default\">\n\t\t\t\t<div class=\"elementor-widget-container\">\n\t\t\t\t\t\t\t<div class=\"elementor-spacer\">\n\t\t\t<div class=\"elementor-spacer-inner\"><\/div>\n\t\t<\/div>\n\t\t\t\t\t\t<\/div>\n\t\t\t\t<\/div>\n\t\t\t\t<div class=\"elementor-element elementor-element-4f58c8d elementor-widget elementor-widget-tfl-button\" data-id=\"4f58c8d\" data-element_type=\"widget\" data-e-type=\"widget\" data-widget_type=\"tfl-button.default\">\n\t\t\t\t<div class=\"elementor-widget-container\">\n\t\t\t\t\t\n<div class=\"tfl-button tfl-style1 tfl-align-left\" >\n    <div class=\"tfl-content-wrapper\">\n        <a href=\"https:\/\/steponguides.com\/contact.html\">\n        \t<span class=\"text\"> Contactez-nous<\/span>\n            <span class=\"icon\">\n                 <i class=\"fas fa-plus\"><\/i>            <\/span>\n        <\/a>\n    <\/div>\n<\/div>\t\t\t\t<\/div>\n\t\t\t\t<\/div>\n\t\t\t\t<div class=\"elementor-element elementor-element-cb402db elementor-widget elementor-widget-spacer\" data-id=\"cb402db\" data-element_type=\"widget\" data-e-type=\"widget\" data-widget_type=\"spacer.default\">\n\t\t\t\t<div class=\"elementor-widget-container\">\n\t\t\t\t\t\t\t<div class=\"elementor-spacer\">\n\t\t\t<div class=\"elementor-spacer-inner\"><\/div>\n\t\t<\/div>\n\t\t\t\t\t\t<\/div>\n\t\t\t\t<\/div>\n\t\t\t\t\t<\/div>\n\t\t<\/div>\n\t\t\t\t\t<\/div>\n\t\t<\/section>\n\t\t\t\t<section class=\"elementor-section elementor-top-section elementor-element elementor-element-0356538 our-testimonials elementor-section-boxed elementor-section-height-default elementor-section-height-default tf-sticky-no tf-sticky-scroll-down-yes\" data-id=\"0356538\" data-element_type=\"section\" data-e-type=\"section\" data-settings=\"{&quot;tf_sticky&quot;:&quot;no&quot;,&quot;tf_sticky_scroll_down&quot;:&quot;yes&quot;}\">\n\t\t\t\t\t\t<div class=\"elementor-container elementor-column-gap-extended\">\n\t\t\t\t\t<div class=\"elementor-column elementor-col-100 elementor-top-column elementor-element elementor-element-fb61abf\" data-id=\"fb61abf\" data-element_type=\"column\" data-e-type=\"column\">\n\t\t\t<div class=\"elementor-widget-wrap elementor-element-populated\">\n\t\t\t\t\t\t<div class=\"elementor-element elementor-element-01c0cff elementor-widget elementor-widget-spacer\" data-id=\"01c0cff\" data-element_type=\"widget\" data-e-type=\"widget\" data-widget_type=\"spacer.default\">\n\t\t\t\t<div class=\"elementor-widget-container\">\n\t\t\t\t\t\t\t<div class=\"elementor-spacer\">\n\t\t\t<div class=\"elementor-spacer-inner\"><\/div>\n\t\t<\/div>\n\t\t\t\t\t\t<\/div>\n\t\t\t\t<\/div>\n\t\t\t\t<div class=\"elementor-element elementor-element-66542f3 sub-mb-19 elementor-widget elementor-widget-tfl-heading\" data-id=\"66542f3\" data-element_type=\"widget\" data-e-type=\"widget\" data-widget_type=\"tfl-heading.default\">\n\t\t\t\t<div class=\"elementor-widget-container\">\n\t\t\t\t\t\n<div class=\"tfl-heading tfl-style1 tfl-aligncenter\" >\n            <div class=\"tfl-subtitle\">\n            Nos T\u00e9moignages\n        <\/div>\n        <div class=\"tfl-title\">\n     NOUS APPORTONS DES CONTRIBUTIONS FORMIDABLES POUR NOS CLIENTS.<br>D\u00c9COUVREZ CE QUE DISENT CERTAINS DE NOS CLIENTS !\n    \n<\/div>\n<\/div>\t\t\t\t<\/div>\n\t\t\t\t<\/div>\n\t\t\t\t<div class=\"elementor-element elementor-element-b8777a6 elementor-widget elementor-widget-spacer\" data-id=\"b8777a6\" data-element_type=\"widget\" data-e-type=\"widget\" data-widget_type=\"spacer.default\">\n\t\t\t\t<div class=\"elementor-widget-container\">\n\t\t\t\t\t\t\t<div class=\"elementor-spacer\">\n\t\t\t<div class=\"elementor-spacer-inner\"><\/div>\n\t\t<\/div>\n\t\t\t\t\t\t<\/div>\n\t\t\t\t<\/div>\n\t\t\t\t<div class=\"elementor-element elementor-element-e0be909 elementor-widget elementor-widget-tf-testimonial-carousel\" data-id=\"e0be909\" data-element_type=\"widget\" data-e-type=\"widget\" data-widget_type=\"tf-testimonial-carousel.default\">\n\t\t\t\t<div class=\"elementor-widget-container\">\n\t\t\t\t\t\t\t<div class=\"tf-testimonial-carousel style-1 no-arrow has-bullets\" data-loop=\"yes\" data-auto=\"yes\" data-column=\"1\" data-column2=\"1\" data-column3=\"1\" data-spacer=\"30\" data-prev_icon=\"\" data-next_icon=\"\" data-arrow=\"no\" data-bullets=\"yes\">\n\t\t\t<div class=\"owl-carousel owl-theme\">\n\t\t\t\t\t\t\t\n\t\t\t\t<div class=\"item\">\n\n\t\t\t\t\t\t<div class=\"item-testimonial\">\n                                                            <div class=\"icon-quote\">\n                                    <img decoding=\"async\" src=\"https:\/\/steponguides.com\/wp-content\/plugins\/themesflat-addons\/assets\/img\/quote.png\" alt=\"image\">\n                                <\/div>\n                            \n\t\t\t\t\t\t\t<div class=\"description\"><p>Step On Guides has been taking care of our groups for almost 15 years every time they travel to Montreal, Quebec and Ottawa. We've probably had several hundred groups that were served by Stepon Guides and every time, we can count on the guides being on time, bilingual and knowledgeable of the areas.<\/p><p>I strongly recommend Step on Guides to anybody!<\/p><\/div>\n\t\t\t\t\t\t\t<div class=\"wrap-author\">\t\t\t\t\n\t\t\t\t\t\t\t\t<div class=\"content\">\n\t\t\t\t\t\t\t\t\t<div class=\"name\">Adam Hyde<\/div>\n\t\t\t\t\t\t\t\t\t<div class=\"position\">Niagara Falls Tours<\/div>\n\t\t\t\t\t\t\t\t<\/div>\n\t\t\t\t\t\t<\/div>\n\t\t\t\t\t\t<\/div>\n\t\t\t\t<\/div>\n\t\t\t\t\t\t<\/div>\n\t\t<\/div>\n\t\t\t\t\t\t<\/div>\n\t\t\t\t<\/div>\n\t\t\t\t\t<\/div>\n\t\t<\/div>\n\t\t\t\t\t<\/div>\n\t\t<\/section>\n\t\t\t\t<\/div>","protected":false},"excerpt":{"rendered":"<p>Eastern Townships The Eastern Townships are a charming mix of United Empire Loyalist and French styles and traditions. An itinerary could include the St. Benoit du Lac Abby, a tour along the shores of Lake Memphremagog, a tour of the Bombardier Museum [&hellip;]<\/p>\n","protected":false},"author":1,"featured_media":8057,"parent":0,"menu_order":0,"comment_status":"closed","ping_status":"closed","template":"page-nopadding.php","meta":{"footnotes":""},"class_list":["post-8023","page","type-page","status-publish","has-post-thumbnail","hentry"],"yoast_head":"<!-- This site is optimized with the Yoast SEO plugin v27.3 - https:\/\/yoast.com\/product\/yoast-seo-wordpress\/ -->\n<title>Stepon Guides Canada Inc. | Eastern Townships<\/title>\n<meta name=\"robots\" content=\"index, follow, max-snippet:-1, max-image-preview:large, max-video-preview:-1\" \/>\n<link rel=\"canonical\" href=\"https:\/\/15.157.98.217\/eastern-townships.html\" \/>\n<meta property=\"og:locale\" content=\"fr_FR\" \/>\n<meta property=\"og:type\" content=\"article\" \/>\n<meta property=\"og:title\" content=\"Stepon Guides Canada Inc. | Eastern Townships\" \/>\n<meta property=\"og:description\" content=\"Eastern Townships The Eastern Townships are a charming mix of United Empire Loyalist and French styles and traditions. An itinerary could include the St. Benoit du Lac Abby, a tour along the shores of Lake Memphremagog, a tour of the Bombardier Museum [&hellip;]\" \/>\n<meta property=\"og:url\" content=\"https:\/\/15.157.98.217\/eastern-townships.html\" \/>\n<meta property=\"og:site_name\" content=\"Welcome to Stepon Guides Canada Inc.\" \/>\n<meta property=\"article:modified_time\" content=\"2024-05-31T00:55:55+00:00\" \/>\n<meta property=\"og:image\" content=\"https:\/\/15.157.98.217\/wp-content\/uploads\/2024\/04\/EasternTownShips.jpg\" \/>\n\t<meta property=\"og:image:width\" content=\"1920\" \/>\n\t<meta property=\"og:image:height\" content=\"829\" \/>\n\t<meta property=\"og:image:type\" content=\"image\/jpeg\" \/>\n<meta name=\"twitter:card\" content=\"summary_large_image\" \/>\n<meta name=\"twitter:label1\" content=\"Dur\u00e9e de lecture estim\u00e9e\" \/>\n\t<meta name=\"twitter:data1\" content=\"4 minutes\" \/>\n<script type=\"application\/ld+json\" class=\"yoast-schema-graph\">{\"@context\":\"https:\\\/\\\/schema.org\",\"@graph\":[{\"@type\":\"WebPage\",\"@id\":\"https:\\\/\\\/15.157.98.217\\\/eastern-townships.html\",\"url\":\"https:\\\/\\\/15.157.98.217\\\/eastern-townships.html\",\"name\":\"Stepon Guides Canada Inc. | Eastern Townships\",\"isPartOf\":{\"@id\":\"https:\\\/\\\/steponguides.com\\\/#website\"},\"primaryImageOfPage\":{\"@id\":\"https:\\\/\\\/15.157.98.217\\\/eastern-townships.html#primaryimage\"},\"image\":{\"@id\":\"https:\\\/\\\/15.157.98.217\\\/eastern-townships.html#primaryimage\"},\"thumbnailUrl\":\"https:\\\/\\\/steponguides.com\\\/wp-content\\\/uploads\\\/2024\\\/04\\\/EasternTownShips.jpg\",\"datePublished\":\"2024-04-04T10:19:54+00:00\",\"dateModified\":\"2024-05-31T00:55:55+00:00\",\"breadcrumb\":{\"@id\":\"https:\\\/\\\/15.157.98.217\\\/eastern-townships.html#breadcrumb\"},\"inLanguage\":\"fr-FR\",\"potentialAction\":[{\"@type\":\"ReadAction\",\"target\":[\"https:\\\/\\\/15.157.98.217\\\/eastern-townships.html\"]}]},{\"@type\":\"ImageObject\",\"inLanguage\":\"fr-FR\",\"@id\":\"https:\\\/\\\/15.157.98.217\\\/eastern-townships.html#primaryimage\",\"url\":\"https:\\\/\\\/steponguides.com\\\/wp-content\\\/uploads\\\/2024\\\/04\\\/EasternTownShips.jpg\",\"contentUrl\":\"https:\\\/\\\/steponguides.com\\\/wp-content\\\/uploads\\\/2024\\\/04\\\/EasternTownShips.jpg\",\"width\":1920,\"height\":829},{\"@type\":\"BreadcrumbList\",\"@id\":\"https:\\\/\\\/15.157.98.217\\\/eastern-townships.html#breadcrumb\",\"itemListElement\":[{\"@type\":\"ListItem\",\"position\":1,\"name\":\"Home\",\"item\":\"https:\\\/\\\/steponguides.com\\\/\"},{\"@type\":\"ListItem\",\"position\":2,\"name\":\"Eastern Townships\"}]},{\"@type\":\"WebSite\",\"@id\":\"https:\\\/\\\/steponguides.com\\\/#website\",\"url\":\"https:\\\/\\\/steponguides.com\\\/\",\"name\":\"Welcome to Stepon Guides Canada Inc.\",\"description\":\"Welcome to Stepon Guides Canada Inc.\",\"potentialAction\":[{\"@type\":\"SearchAction\",\"target\":{\"@type\":\"EntryPoint\",\"urlTemplate\":\"https:\\\/\\\/steponguides.com\\\/?s={search_term_string}\"},\"query-input\":{\"@type\":\"PropertyValueSpecification\",\"valueRequired\":true,\"valueName\":\"search_term_string\"}}],\"inLanguage\":\"fr-FR\"}]}<\/script>\n<!-- \/ Yoast SEO plugin. -->","yoast_head_json":{"title":"Stepon Guides Canada Inc. | Eastern Townships","robots":{"index":"index","follow":"follow","max-snippet":"max-snippet:-1","max-image-preview":"max-image-preview:large","max-video-preview":"max-video-preview:-1"},"canonical":"https:\/\/15.157.98.217\/eastern-townships.html","og_locale":"fr_FR","og_type":"article","og_title":"Stepon Guides Canada Inc. | Eastern Townships","og_description":"Eastern Townships The Eastern Townships are a charming mix of United Empire Loyalist and French styles and traditions. An itinerary could include the St. Benoit du Lac Abby, a tour along the shores of Lake Memphremagog, a tour of the Bombardier Museum [&hellip;]","og_url":"https:\/\/15.157.98.217\/eastern-townships.html","og_site_name":"Welcome to Stepon Guides Canada Inc.","article_modified_time":"2024-05-31T00:55:55+00:00","og_image":[{"width":1920,"height":829,"url":"https:\/\/15.157.98.217\/wp-content\/uploads\/2024\/04\/EasternTownShips.jpg","type":"image\/jpeg"}],"twitter_card":"summary_large_image","twitter_misc":{"Dur\u00e9e de lecture estim\u00e9e":"4 minutes"},"schema":{"@context":"https:\/\/schema.org","@graph":[{"@type":"WebPage","@id":"https:\/\/15.157.98.217\/eastern-townships.html","url":"https:\/\/15.157.98.217\/eastern-townships.html","name":"Stepon Guides Canada Inc. | Eastern Townships","isPartOf":{"@id":"https:\/\/steponguides.com\/#website"},"primaryImageOfPage":{"@id":"https:\/\/15.157.98.217\/eastern-townships.html#primaryimage"},"image":{"@id":"https:\/\/15.157.98.217\/eastern-townships.html#primaryimage"},"thumbnailUrl":"https:\/\/steponguides.com\/wp-content\/uploads\/2024\/04\/EasternTownShips.jpg","datePublished":"2024-04-04T10:19:54+00:00","dateModified":"2024-05-31T00:55:55+00:00","breadcrumb":{"@id":"https:\/\/15.157.98.217\/eastern-townships.html#breadcrumb"},"inLanguage":"fr-FR","potentialAction":[{"@type":"ReadAction","target":["https:\/\/15.157.98.217\/eastern-townships.html"]}]},{"@type":"ImageObject","inLanguage":"fr-FR","@id":"https:\/\/15.157.98.217\/eastern-townships.html#primaryimage","url":"https:\/\/steponguides.com\/wp-content\/uploads\/2024\/04\/EasternTownShips.jpg","contentUrl":"https:\/\/steponguides.com\/wp-content\/uploads\/2024\/04\/EasternTownShips.jpg","width":1920,"height":829},{"@type":"BreadcrumbList","@id":"https:\/\/15.157.98.217\/eastern-townships.html#breadcrumb","itemListElement":[{"@type":"ListItem","position":1,"name":"Home","item":"https:\/\/steponguides.com\/"},{"@type":"ListItem","position":2,"name":"Eastern Townships"}]},{"@type":"WebSite","@id":"https:\/\/steponguides.com\/#website","url":"https:\/\/steponguides.com\/","name":"Bienvenu \u00e0 Stepon Guides Canada Inc.","description":"Bienvenu \u00e0 Stepon Guides Canada Inc.","potentialAction":[{"@type":"SearchAction","target":{"@type":"EntryPoint","urlTemplate":"https:\/\/steponguides.com\/?s={search_term_string}"},"query-input":{"@type":"PropertyValueSpecification","valueRequired":true,"valueName":"search_term_string"}}],"inLanguage":"fr-FR"}]}},"_links":{"self":[{"href":"https:\/\/steponguides.com\/fr\/wp-json\/wp\/v2\/pages\/8023","targetHints":{"allow":["GET"]}}],"collection":[{"href":"https:\/\/steponguides.com\/fr\/wp-json\/wp\/v2\/pages"}],"about":[{"href":"https:\/\/steponguides.com\/fr\/wp-json\/wp\/v2\/types\/page"}],"author":[{"embeddable":true,"href":"https:\/\/steponguides.com\/fr\/wp-json\/wp\/v2\/users\/1"}],"replies":[{"embeddable":true,"href":"https:\/\/steponguides.com\/fr\/wp-json\/wp\/v2\/comments?post=8023"}],"version-history":[{"count":20,"href":"https:\/\/steponguides.com\/fr\/wp-json\/wp\/v2\/pages\/8023\/revisions"}],"predecessor-version":[{"id":8715,"href":"https:\/\/steponguides.com\/fr\/wp-json\/wp\/v2\/pages\/8023\/revisions\/8715"}],"wp:featuredmedia":[{"embeddable":true,"href":"https:\/\/steponguides.com\/fr\/wp-json\/wp\/v2\/media\/8057"}],"wp:attachment":[{"href":"https:\/\/steponguides.com\/fr\/wp-json\/wp\/v2\/media?parent=8023"}],"curies":[{"name":"wp","href":"https:\/\/api.w.org\/{rel}","templated":true}]}}