{"id":7993,"date":"2024-04-04T09:44:23","date_gmt":"2024-04-04T09:44:23","guid":{"rendered":"https:\/\/steponguides.com\/?page_id=7993"},"modified":"2024-05-03T23:13:32","modified_gmt":"2024-05-03T23:13:32","slug":"incentive-convention","status":"publish","type":"page","link":"https:\/\/steponguides.com\/fr\/incentive-convention.html","title":{"rendered":"Services de congr\u00e8s"},"content":{"rendered":"<div data-elementor-type=\"wp-page\" data-elementor-id=\"7993\" class=\"elementor elementor-7993\">\n\t\t\t\t\t\t<section class=\"elementor-section elementor-top-section elementor-element elementor-element-4c15a9f elementor-section-boxed elementor-section-height-default elementor-section-height-default tf-sticky-no tf-sticky-scroll-down-yes\" data-id=\"4c15a9f\" data-element_type=\"section\" data-e-type=\"section\" data-settings=\"{&quot;background_background&quot;:&quot;classic&quot;,&quot;tf_sticky&quot;:&quot;no&quot;,&quot;tf_sticky_scroll_down&quot;:&quot;yes&quot;}\">\n\t\t\t\t\t\t<div class=\"elementor-container elementor-column-gap-no\">\n\t\t\t\t\t<div class=\"elementor-column elementor-col-100 elementor-top-column elementor-element elementor-element-67e80f8\" data-id=\"67e80f8\" data-element_type=\"column\" data-e-type=\"column\">\n\t\t\t<div class=\"elementor-widget-wrap elementor-element-populated\">\n\t\t\t\t\t\t<div class=\"elementor-element elementor-element-61950a9 elementor-widget elementor-widget-spacer\" data-id=\"61950a9\" data-element_type=\"widget\" data-e-type=\"widget\" data-widget_type=\"spacer.default\">\n\t\t\t\t<div class=\"elementor-widget-container\">\n\t\t\t\t\t\t\t<div class=\"elementor-spacer\">\n\t\t\t<div class=\"elementor-spacer-inner\"><\/div>\n\t\t<\/div>\n\t\t\t\t\t\t<\/div>\n\t\t\t\t<\/div>\n\t\t\t\t<div class=\"elementor-element elementor-element-6ee418d elementor-widget elementor-widget-heading\" data-id=\"6ee418d\" data-element_type=\"widget\" data-e-type=\"widget\" data-widget_type=\"heading.default\">\n\t\t\t\t<div class=\"elementor-widget-container\">\n\t\t\t\t\t<h2 class=\"elementor-heading-title elementor-size-default\">Nos services<\/h2>\t\t\t\t<\/div>\n\t\t\t\t<\/div>\n\t\t\t\t<div class=\"elementor-element elementor-element-5f83c8a elementor-widget elementor-widget-spacer\" data-id=\"5f83c8a\" data-element_type=\"widget\" data-e-type=\"widget\" data-widget_type=\"spacer.default\">\n\t\t\t\t<div class=\"elementor-widget-container\">\n\t\t\t\t\t\t\t<div class=\"elementor-spacer\">\n\t\t\t<div class=\"elementor-spacer-inner\"><\/div>\n\t\t<\/div>\n\t\t\t\t\t\t<\/div>\n\t\t\t\t<\/div>\n\t\t\t\t<section class=\"elementor-section elementor-inner-section elementor-element elementor-element-9a84475 elementor-section-boxed elementor-section-height-default elementor-section-height-default tf-sticky-no tf-sticky-scroll-down-yes\" data-id=\"9a84475\" data-element_type=\"section\" data-e-type=\"section\" data-settings=\"{&quot;tf_sticky&quot;:&quot;no&quot;,&quot;tf_sticky_scroll_down&quot;:&quot;yes&quot;}\">\n\t\t\t\t\t\t<div class=\"elementor-container elementor-column-gap-extended\">\n\t\t\t\t\t<div class=\"elementor-column elementor-col-50 elementor-inner-column elementor-element elementor-element-157223a tfl-col-7\" data-id=\"157223a\" data-element_type=\"column\" data-e-type=\"column\">\n\t\t\t<div class=\"elementor-widget-wrap elementor-element-populated\">\n\t\t\t\t\t\t<div class=\"elementor-element elementor-element-b0c7340 elementor-widget elementor-widget-spacer\" data-id=\"b0c7340\" data-element_type=\"widget\" data-e-type=\"widget\" data-widget_type=\"spacer.default\">\n\t\t\t\t<div class=\"elementor-widget-container\">\n\t\t\t\t\t\t\t<div class=\"elementor-spacer\">\n\t\t\t<div class=\"elementor-spacer-inner\"><\/div>\n\t\t<\/div>\n\t\t\t\t\t\t<\/div>\n\t\t\t\t<\/div>\n\t\t\t\t<div class=\"elementor-element elementor-element-ef41f1f elementor-widget elementor-widget-text-editor\" data-id=\"ef41f1f\" data-element_type=\"widget\" data-e-type=\"widget\" data-widget_type=\"text-editor.default\">\n\t\t\t\t<div class=\"elementor-widget-container\">\n\t\t\t\t\t\t\t\t\t<p><span class=\"style1\">Services de congr\u00e8s<\/span><\/p>\t\t\t\t\t\t\t\t<\/div>\n\t\t\t\t<\/div>\n\t\t\t\t<div class=\"elementor-element elementor-element-9bde178 elementor-widget elementor-widget-text-editor\" data-id=\"9bde178\" data-element_type=\"widget\" data-e-type=\"widget\" data-widget_type=\"text-editor.default\">\n\t\t\t\t<div class=\"elementor-widget-container\">\n\t\t\t\t\t\t\t\t\t<p>Nous pouvons offrir tout, des r\u00e9servations de restaurant \u00e0 l'accueil et au soutien local, des soir\u00e9es \u00e0 th\u00e8me, des visites, des transports et des rencontres d'accueil.<\/p><p>Notre personnel bilingue peut aider pour tout ce qui doit \u00eatre fait ou n\u00e9goci\u00e9.<\/p><p>Tarifs sur demande.<\/p>\t\t\t\t\t\t\t\t<\/div>\n\t\t\t\t<\/div>\n\t\t\t\t<div class=\"elementor-element elementor-element-e7d04d2 elementor-widget elementor-widget-spacer\" data-id=\"e7d04d2\" data-element_type=\"widget\" data-e-type=\"widget\" data-widget_type=\"spacer.default\">\n\t\t\t\t<div class=\"elementor-widget-container\">\n\t\t\t\t\t\t\t<div class=\"elementor-spacer\">\n\t\t\t<div class=\"elementor-spacer-inner\"><\/div>\n\t\t<\/div>\n\t\t\t\t\t\t<\/div>\n\t\t\t\t<\/div>\n\t\t\t\t\t<\/div>\n\t\t<\/div>\n\t\t\t\t<div class=\"elementor-column elementor-col-50 elementor-inner-column elementor-element elementor-element-a01be5b tfl-col-7\" data-id=\"a01be5b\" data-element_type=\"column\" data-e-type=\"column\">\n\t\t\t<div class=\"elementor-widget-wrap elementor-element-populated\">\n\t\t\t\t\t\t<div class=\"elementor-element elementor-element-d65cf32 elementor-widget elementor-widget-image\" data-id=\"d65cf32\" data-element_type=\"widget\" data-e-type=\"widget\" data-widget_type=\"image.default\">\n\t\t\t\t<div class=\"elementor-widget-container\">\n\t\t\t\t\t\t\t\t\t\t\t\t\t\t\t<img fetchpriority=\"high\" decoding=\"async\" width=\"1920\" height=\"1080\" src=\"https:\/\/15.157.98.217\/wp-content\/uploads\/2024\/05\/Convention-Services.png\" class=\"attachment-full size-full wp-image-8617\" alt=\"\" srcset=\"https:\/\/15.157.98.217\/wp-content\/uploads\/2024\/05\/Convention-Services.png 1920w, https:\/\/15.157.98.217\/wp-content\/uploads\/2024\/05\/Convention-Services-300x169.png 300w, https:\/\/15.157.98.217\/wp-content\/uploads\/2024\/05\/Convention-Services-1024x576.png 1024w, https:\/\/15.157.98.217\/wp-content\/uploads\/2024\/05\/Convention-Services-768x432.png 768w, https:\/\/15.157.98.217\/wp-content\/uploads\/2024\/05\/Convention-Services-1536x864.png 1536w, https:\/\/15.157.98.217\/wp-content\/uploads\/2024\/05\/Convention-Services-18x10.png 18w\" sizes=\"(max-width: 1920px) 100vw, 1920px\" \/>\t\t\t\t\t\t\t\t\t\t\t\t\t\t\t<\/div>\n\t\t\t\t<\/div>\n\t\t\t\t\t<\/div>\n\t\t<\/div>\n\t\t\t\t\t<\/div>\n\t\t<\/section>\n\t\t\t\t<div class=\"elementor-element elementor-element-81cde9f elementor-widget elementor-widget-spacer\" data-id=\"81cde9f\" data-element_type=\"widget\" data-e-type=\"widget\" data-widget_type=\"spacer.default\">\n\t\t\t\t<div class=\"elementor-widget-container\">\n\t\t\t\t\t\t\t<div class=\"elementor-spacer\">\n\t\t\t<div class=\"elementor-spacer-inner\"><\/div>\n\t\t<\/div>\n\t\t\t\t\t\t<\/div>\n\t\t\t\t<\/div>\n\t\t\t\t\t<\/div>\n\t\t<\/div>\n\t\t\t\t\t<\/div>\n\t\t<\/section>\n\t\t\t\t<section class=\"elementor-section elementor-top-section elementor-element elementor-element-dfa95db elementor-section-stretched text-center elementor-section-boxed elementor-section-height-default elementor-section-height-default tf-sticky-no tf-sticky-scroll-down-yes\" data-id=\"dfa95db\" data-element_type=\"section\" data-e-type=\"section\" data-settings=\"{&quot;stretch_section&quot;:&quot;section-stretched&quot;,&quot;background_background&quot;:&quot;classic&quot;,&quot;tf_sticky&quot;:&quot;no&quot;,&quot;tf_sticky_scroll_down&quot;:&quot;yes&quot;}\">\n\t\t\t\t\t\t\t<div class=\"elementor-background-overlay\"><\/div>\n\t\t\t\t\t\t\t<div class=\"elementor-container elementor-column-gap-default\">\n\t\t\t\t\t<div class=\"elementor-column elementor-col-100 elementor-top-column elementor-element elementor-element-8613f9c\" data-id=\"8613f9c\" data-element_type=\"column\" data-e-type=\"column\">\n\t\t\t<div class=\"elementor-widget-wrap elementor-element-populated\">\n\t\t\t\t\t\t<div class=\"elementor-element elementor-element-1a70f28 elementor-widget elementor-widget-spacer\" data-id=\"1a70f28\" data-element_type=\"widget\" data-e-type=\"widget\" data-widget_type=\"spacer.default\">\n\t\t\t\t<div class=\"elementor-widget-container\">\n\t\t\t\t\t\t\t<div class=\"elementor-spacer\">\n\t\t\t<div class=\"elementor-spacer-inner\"><\/div>\n\t\t<\/div>\n\t\t\t\t\t\t<\/div>\n\t\t\t\t<\/div>\n\t\t\t\t<div class=\"elementor-element elementor-element-0b28712 facts-style elementor-widget__width-initial elementor-widget elementor-widget-text-editor\" data-id=\"0b28712\" data-element_type=\"widget\" data-e-type=\"widget\" data-widget_type=\"text-editor.default\">\n\t\t\t\t<div class=\"elementor-widget-container\">\n\t\t\t\t\t\t\t\t\tNOUS SOMMES L\u00c0 POUR VOUS AIDER\t\t\t\t\t\t\t\t<\/div>\n\t\t\t\t<\/div>\n\t\t\t\t<div class=\"elementor-element elementor-element-58c3ca9 elementor-widget elementor-widget-spacer\" data-id=\"58c3ca9\" data-element_type=\"widget\" data-e-type=\"widget\" data-widget_type=\"spacer.default\">\n\t\t\t\t<div class=\"elementor-widget-container\">\n\t\t\t\t\t\t\t<div class=\"elementor-spacer\">\n\t\t\t<div class=\"elementor-spacer-inner\"><\/div>\n\t\t<\/div>\n\t\t\t\t\t\t<\/div>\n\t\t\t\t<\/div>\n\t\t\t\t<div class=\"elementor-element elementor-element-fe4a095 elementor-widget elementor-widget-tfl-button\" data-id=\"fe4a095\" data-element_type=\"widget\" data-e-type=\"widget\" data-widget_type=\"tfl-button.default\">\n\t\t\t\t<div class=\"elementor-widget-container\">\n\t\t\t\t\t\n<div class=\"tfl-button tfl-style1 tfl-align-left\" >\n    <div class=\"tfl-content-wrapper\">\n        <a href=\"https:\/\/steponguides.com\/contact.html\">\n        \t<span class=\"text\"> Contactez-nous<\/span>\n            <span class=\"icon\">\n                 <i class=\"fas fa-plus\"><\/i>            <\/span>\n        <\/a>\n    <\/div>\n<\/div>\t\t\t\t<\/div>\n\t\t\t\t<\/div>\n\t\t\t\t<div class=\"elementor-element elementor-element-479727c elementor-widget elementor-widget-spacer\" data-id=\"479727c\" data-element_type=\"widget\" data-e-type=\"widget\" data-widget_type=\"spacer.default\">\n\t\t\t\t<div class=\"elementor-widget-container\">\n\t\t\t\t\t\t\t<div class=\"elementor-spacer\">\n\t\t\t<div class=\"elementor-spacer-inner\"><\/div>\n\t\t<\/div>\n\t\t\t\t\t\t<\/div>\n\t\t\t\t<\/div>\n\t\t\t\t\t<\/div>\n\t\t<\/div>\n\t\t\t\t\t<\/div>\n\t\t<\/section>\n\t\t\t\t<section class=\"elementor-section elementor-top-section elementor-element elementor-element-086afc8 our-testimonials elementor-section-boxed elementor-section-height-default elementor-section-height-default tf-sticky-no tf-sticky-scroll-down-yes\" data-id=\"086afc8\" data-element_type=\"section\" data-e-type=\"section\" data-settings=\"{&quot;tf_sticky&quot;:&quot;no&quot;,&quot;tf_sticky_scroll_down&quot;:&quot;yes&quot;}\">\n\t\t\t\t\t\t<div class=\"elementor-container elementor-column-gap-extended\">\n\t\t\t\t\t<div class=\"elementor-column elementor-col-100 elementor-top-column elementor-element elementor-element-cab9af9\" data-id=\"cab9af9\" data-element_type=\"column\" data-e-type=\"column\">\n\t\t\t<div class=\"elementor-widget-wrap elementor-element-populated\">\n\t\t\t\t\t\t<div class=\"elementor-element elementor-element-e27ef84 elementor-widget elementor-widget-spacer\" data-id=\"e27ef84\" data-element_type=\"widget\" data-e-type=\"widget\" data-widget_type=\"spacer.default\">\n\t\t\t\t<div class=\"elementor-widget-container\">\n\t\t\t\t\t\t\t<div class=\"elementor-spacer\">\n\t\t\t<div class=\"elementor-spacer-inner\"><\/div>\n\t\t<\/div>\n\t\t\t\t\t\t<\/div>\n\t\t\t\t<\/div>\n\t\t\t\t<div class=\"elementor-element elementor-element-b403453 sub-mb-19 elementor-widget elementor-widget-tfl-heading\" data-id=\"b403453\" data-element_type=\"widget\" data-e-type=\"widget\" data-widget_type=\"tfl-heading.default\">\n\t\t\t\t<div class=\"elementor-widget-container\">\n\t\t\t\t\t\n<div class=\"tfl-heading tfl-style1 tfl-aligncenter\" >\n            <div class=\"tfl-subtitle\">\n            Nos T\u00e9moignages\n        <\/div>\n        <div class=\"tfl-title\">\n    NOUS APPORTONS DES CONTRIBUTIONS FORMIDABLES POUR NOS CLIENTS.<br>D\u00c9COUVREZ CE QUE DISENT CERTAINS DE NOS CLIENTS !\n    \n<\/div>\n<\/div>\t\t\t\t<\/div>\n\t\t\t\t<\/div>\n\t\t\t\t<div class=\"elementor-element elementor-element-08e468b elementor-widget elementor-widget-spacer\" data-id=\"08e468b\" data-element_type=\"widget\" data-e-type=\"widget\" data-widget_type=\"spacer.default\">\n\t\t\t\t<div class=\"elementor-widget-container\">\n\t\t\t\t\t\t\t<div class=\"elementor-spacer\">\n\t\t\t<div class=\"elementor-spacer-inner\"><\/div>\n\t\t<\/div>\n\t\t\t\t\t\t<\/div>\n\t\t\t\t<\/div>\n\t\t\t\t<div class=\"elementor-element elementor-element-7be117e elementor-widget elementor-widget-tf-testimonial-carousel\" data-id=\"7be117e\" data-element_type=\"widget\" data-e-type=\"widget\" data-widget_type=\"tf-testimonial-carousel.default\">\n\t\t\t\t<div class=\"elementor-widget-container\">\n\t\t\t\t\t\t\t<div class=\"tf-testimonial-carousel style-1 no-arrow has-bullets\" data-loop=\"yes\" data-auto=\"yes\" data-column=\"1\" data-column2=\"1\" data-column3=\"1\" data-spacer=\"30\" data-prev_icon=\"\" data-next_icon=\"\" data-arrow=\"no\" data-bullets=\"yes\">\n\t\t\t<div class=\"owl-carousel owl-theme\">\n\t\t\t\t\t\t\t\n\t\t\t\t<div class=\"item\">\n\n\t\t\t\t\t\t<div class=\"item-testimonial\">\n                                                            <div class=\"icon-quote\">\n                                    <img decoding=\"async\" src=\"https:\/\/steponguides.com\/wp-content\/plugins\/themesflat-addons\/assets\/img\/quote.png\" alt=\"image\">\n                                <\/div>\n                            \n\t\t\t\t\t\t\t<div class=\"description\"><p>Step On Guides has been taking care of our groups for almost 15 years every time they travel to Montreal, Quebec and Ottawa. We've probably had several hundred groups that were served by Stepon Guides and every time, we can count on the guides being on time, bilingual and knowledgeable of the areas.<\/p><p>I strongly recommend Step on Guides to anybody!<\/p><\/div>\n\t\t\t\t\t\t\t<div class=\"wrap-author\">\t\t\t\t\n\t\t\t\t\t\t\t\t<div class=\"content\">\n\t\t\t\t\t\t\t\t\t<div class=\"name\">Adam Hyde<\/div>\n\t\t\t\t\t\t\t\t\t<div class=\"position\">Niagara Falls Tours<\/div>\n\t\t\t\t\t\t\t\t<\/div>\n\t\t\t\t\t\t<\/div>\n\t\t\t\t\t\t<\/div>\n\t\t\t\t<\/div>\n\t\t\t\t\t\t<\/div>\n\t\t<\/div>\n\t\t\t\t\t\t<\/div>\n\t\t\t\t<\/div>\n\t\t\t\t\t<\/div>\n\t\t<\/div>\n\t\t\t\t\t<\/div>\n\t\t<\/section>\n\t\t\t\t<\/div>","protected":false},"excerpt":{"rendered":"<p>Our services Convention ServicesWe can offer everything from restaurant reservations to hostess and local support, theme evenings, tours, transportation and meet &amp; greets.Our bilingual personnel can help with anything that needs to be done or negotiated.Rates upon request. We are Here to [&hellip;]<\/p>\n","protected":false},"author":1,"featured_media":8124,"parent":0,"menu_order":0,"comment_status":"closed","ping_status":"closed","template":"page-nopadding.php","meta":{"footnotes":""},"class_list":["post-7993","page","type-page","status-publish","has-post-thumbnail","hentry"],"yoast_head":"<!-- This site is optimized with the Yoast SEO plugin v27.3 - https:\/\/yoast.com\/product\/yoast-seo-wordpress\/ -->\n<title>Stepon Guides Canada Inc. | Incentive and Convention Services<\/title>\n<meta name=\"robots\" content=\"index, follow, max-snippet:-1, max-image-preview:large, max-video-preview:-1\" \/>\n<link rel=\"canonical\" href=\"https:\/\/www.steponguides.com\/incentive-convention.html\" \/>\n<meta property=\"og:locale\" content=\"fr_FR\" \/>\n<meta property=\"og:type\" content=\"article\" \/>\n<meta property=\"og:title\" content=\"Stepon Guides Canada Inc. | Incentive and Convention Services\" \/>\n<meta property=\"og:description\" content=\"Our services Convention ServicesWe can offer everything from restaurant reservations to hostess and local support, theme evenings, tours, transportation and meet &amp; greets.Our bilingual personnel can help with anything that needs to be done or negotiated.Rates upon request. We are Here to [&hellip;]\" \/>\n<meta property=\"og:url\" content=\"https:\/\/www.steponguides.com\/incentive-convention.html\" \/>\n<meta property=\"og:site_name\" content=\"Welcome to Stepon Guides Canada Inc.\" \/>\n<meta property=\"article:modified_time\" content=\"2024-05-03T23:13:32+00:00\" \/>\n<meta property=\"og:image\" content=\"https:\/\/www.steponguides.com\/wp-content\/uploads\/2024\/04\/Montreal-img.jpg\" \/>\n\t<meta property=\"og:image:width\" content=\"1920\" \/>\n\t<meta property=\"og:image:height\" content=\"829\" \/>\n\t<meta property=\"og:image:type\" content=\"image\/jpeg\" \/>\n<meta name=\"twitter:card\" content=\"summary_large_image\" \/>\n<meta name=\"twitter:label1\" content=\"Dur\u00e9e de lecture estim\u00e9e\" \/>\n\t<meta name=\"twitter:data1\" content=\"3 minutes\" \/>\n<script type=\"application\/ld+json\" class=\"yoast-schema-graph\">{\"@context\":\"https:\\\/\\\/schema.org\",\"@graph\":[{\"@type\":\"WebPage\",\"@id\":\"https:\\\/\\\/www.steponguides.com\\\/incentive-convention.html\",\"url\":\"https:\\\/\\\/www.steponguides.com\\\/incentive-convention.html\",\"name\":\"Stepon Guides Canada Inc. | Incentive and Convention Services\",\"isPartOf\":{\"@id\":\"https:\\\/\\\/ec2-15-157-98-217.ca-central-1.compute.amazonaws.com\\\/fr\\\/#website\"},\"primaryImageOfPage\":{\"@id\":\"https:\\\/\\\/www.steponguides.com\\\/incentive-convention.html#primaryimage\"},\"image\":{\"@id\":\"https:\\\/\\\/www.steponguides.com\\\/incentive-convention.html#primaryimage\"},\"thumbnailUrl\":\"https:\\\/\\\/steponguides.com\\\/wp-content\\\/uploads\\\/2024\\\/04\\\/Montreal-img.jpg\",\"datePublished\":\"2024-04-04T09:44:23+00:00\",\"dateModified\":\"2024-05-03T23:13:32+00:00\",\"breadcrumb\":{\"@id\":\"https:\\\/\\\/www.steponguides.com\\\/incentive-convention.html#breadcrumb\"},\"inLanguage\":\"fr-FR\",\"potentialAction\":[{\"@type\":\"ReadAction\",\"target\":[\"https:\\\/\\\/www.steponguides.com\\\/incentive-convention.html\"]}]},{\"@type\":\"ImageObject\",\"inLanguage\":\"fr-FR\",\"@id\":\"https:\\\/\\\/www.steponguides.com\\\/incentive-convention.html#primaryimage\",\"url\":\"https:\\\/\\\/steponguides.com\\\/wp-content\\\/uploads\\\/2024\\\/04\\\/Montreal-img.jpg\",\"contentUrl\":\"https:\\\/\\\/steponguides.com\\\/wp-content\\\/uploads\\\/2024\\\/04\\\/Montreal-img.jpg\",\"width\":1920,\"height\":829},{\"@type\":\"BreadcrumbList\",\"@id\":\"https:\\\/\\\/www.steponguides.com\\\/incentive-convention.html#breadcrumb\",\"itemListElement\":[{\"@type\":\"ListItem\",\"position\":1,\"name\":\"Home\",\"item\":\"https:\\\/\\\/steponguides.com\\\/\"},{\"@type\":\"ListItem\",\"position\":2,\"name\":\"Convention Services\"}]},{\"@type\":\"WebSite\",\"@id\":\"https:\\\/\\\/ec2-15-157-98-217.ca-central-1.compute.amazonaws.com\\\/fr\\\/#website\",\"url\":\"https:\\\/\\\/ec2-15-157-98-217.ca-central-1.compute.amazonaws.com\\\/fr\\\/\",\"name\":\"Welcome to Stepon Guides Canada Inc.\",\"description\":\"Welcome to Stepon Guides Canada Inc.\",\"potentialAction\":[{\"@type\":\"SearchAction\",\"target\":{\"@type\":\"EntryPoint\",\"urlTemplate\":\"https:\\\/\\\/ec2-15-157-98-217.ca-central-1.compute.amazonaws.com\\\/fr\\\/?s={search_term_string}\"},\"query-input\":{\"@type\":\"PropertyValueSpecification\",\"valueRequired\":true,\"valueName\":\"search_term_string\"}}],\"inLanguage\":\"fr-FR\"}]}<\/script>\n<!-- \/ Yoast SEO plugin. -->","yoast_head_json":{"title":"Stepon Guides Canada Inc. | Incentive and Convention Services","robots":{"index":"index","follow":"follow","max-snippet":"max-snippet:-1","max-image-preview":"max-image-preview:large","max-video-preview":"max-video-preview:-1"},"canonical":"https:\/\/www.steponguides.com\/incentive-convention.html","og_locale":"fr_FR","og_type":"article","og_title":"Stepon Guides Canada Inc. | Incentive and Convention Services","og_description":"Our services Convention ServicesWe can offer everything from restaurant reservations to hostess and local support, theme evenings, tours, transportation and meet &amp; greets.Our bilingual personnel can help with anything that needs to be done or negotiated.Rates upon request. We are Here to [&hellip;]","og_url":"https:\/\/www.steponguides.com\/incentive-convention.html","og_site_name":"Welcome to Stepon Guides Canada Inc.","article_modified_time":"2024-05-03T23:13:32+00:00","og_image":[{"width":1920,"height":829,"url":"https:\/\/www.steponguides.com\/wp-content\/uploads\/2024\/04\/Montreal-img.jpg","type":"image\/jpeg"}],"twitter_card":"summary_large_image","twitter_misc":{"Dur\u00e9e de lecture estim\u00e9e":"3 minutes"},"schema":{"@context":"https:\/\/schema.org","@graph":[{"@type":"WebPage","@id":"https:\/\/www.steponguides.com\/incentive-convention.html","url":"https:\/\/www.steponguides.com\/incentive-convention.html","name":"Stepon Guides Canada Inc. | Incentive and Convention Services","isPartOf":{"@id":"https:\/\/ec2-15-157-98-217.ca-central-1.compute.amazonaws.com\/fr\/#website"},"primaryImageOfPage":{"@id":"https:\/\/www.steponguides.com\/incentive-convention.html#primaryimage"},"image":{"@id":"https:\/\/www.steponguides.com\/incentive-convention.html#primaryimage"},"thumbnailUrl":"https:\/\/steponguides.com\/wp-content\/uploads\/2024\/04\/Montreal-img.jpg","datePublished":"2024-04-04T09:44:23+00:00","dateModified":"2024-05-03T23:13:32+00:00","breadcrumb":{"@id":"https:\/\/www.steponguides.com\/incentive-convention.html#breadcrumb"},"inLanguage":"fr-FR","potentialAction":[{"@type":"ReadAction","target":["https:\/\/www.steponguides.com\/incentive-convention.html"]}]},{"@type":"ImageObject","inLanguage":"fr-FR","@id":"https:\/\/www.steponguides.com\/incentive-convention.html#primaryimage","url":"https:\/\/steponguides.com\/wp-content\/uploads\/2024\/04\/Montreal-img.jpg","contentUrl":"https:\/\/steponguides.com\/wp-content\/uploads\/2024\/04\/Montreal-img.jpg","width":1920,"height":829},{"@type":"BreadcrumbList","@id":"https:\/\/www.steponguides.com\/incentive-convention.html#breadcrumb","itemListElement":[{"@type":"ListItem","position":1,"name":"Home","item":"https:\/\/steponguides.com\/"},{"@type":"ListItem","position":2,"name":"Convention Services"}]},{"@type":"WebSite","@id":"https:\/\/ec2-15-157-98-217.ca-central-1.compute.amazonaws.com\/fr\/#website","url":"https:\/\/ec2-15-157-98-217.ca-central-1.compute.amazonaws.com\/fr\/","name":"Bienvenu \u00e0 Stepon Guides Canada Inc.","description":"Bienvenu \u00e0 Stepon Guides Canada Inc.","potentialAction":[{"@type":"SearchAction","target":{"@type":"EntryPoint","urlTemplate":"https:\/\/ec2-15-157-98-217.ca-central-1.compute.amazonaws.com\/fr\/?s={search_term_string}"},"query-input":{"@type":"PropertyValueSpecification","valueRequired":true,"valueName":"search_term_string"}}],"inLanguage":"fr-FR"}]}},"_links":{"self":[{"href":"https:\/\/steponguides.com\/fr\/wp-json\/wp\/v2\/pages\/7993","targetHints":{"allow":["GET"]}}],"collection":[{"href":"https:\/\/steponguides.com\/fr\/wp-json\/wp\/v2\/pages"}],"about":[{"href":"https:\/\/steponguides.com\/fr\/wp-json\/wp\/v2\/types\/page"}],"author":[{"embeddable":true,"href":"https:\/\/steponguides.com\/fr\/wp-json\/wp\/v2\/users\/1"}],"replies":[{"embeddable":true,"href":"https:\/\/steponguides.com\/fr\/wp-json\/wp\/v2\/comments?post=7993"}],"version-history":[{"count":29,"href":"https:\/\/steponguides.com\/fr\/wp-json\/wp\/v2\/pages\/7993\/revisions"}],"predecessor-version":[{"id":8649,"href":"https:\/\/steponguides.com\/fr\/wp-json\/wp\/v2\/pages\/7993\/revisions\/8649"}],"wp:featuredmedia":[{"embeddable":true,"href":"https:\/\/steponguides.com\/fr\/wp-json\/wp\/v2\/media\/8124"}],"wp:attachment":[{"href":"https:\/\/steponguides.com\/fr\/wp-json\/wp\/v2\/media?parent=7993"}],"curies":[{"name":"wp","href":"https:\/\/api.w.org\/{rel}","templated":true}]}}