{"id":15,"date":"2021-07-14T09:58:14","date_gmt":"2021-07-14T09:58:14","guid":{"rendered":"https:\/\/www.hamelawp.demothemesflat.com\/?page_id=15"},"modified":"2025-09-23T16:43:32","modified_gmt":"2025-09-23T16:43:32","slug":"contact","status":"publish","type":"page","link":"https:\/\/steponguides.com\/fr\/contact.html","title":{"rendered":"CONTACT"},"content":{"rendered":"<div data-elementor-type=\"wp-page\" data-elementor-id=\"15\" class=\"elementor elementor-15\">\n\t\t\t\t<div class=\"elementor-element elementor-element-e772b4f e-flex e-con-boxed e-con e-parent\" data-id=\"e772b4f\" data-element_type=\"container\" data-e-type=\"container\">\n\t\t\t\t\t<div class=\"e-con-inner\">\n\t\t\t\t<div class=\"elementor-element elementor-element-93c7991 elementor-widget elementor-widget-heading\" data-id=\"93c7991\" data-element_type=\"widget\" data-e-type=\"widget\" data-widget_type=\"heading.default\">\n\t\t\t\t<div class=\"elementor-widget-container\">\n\t\t\t\t\t<h3 class=\"elementor-heading-title elementor-size-default\">Contactez-nous<\/h3>\t\t\t\t<\/div>\n\t\t\t\t<\/div>\n\t\t\t\t\t<\/div>\n\t\t\t\t<\/div>\n\t\t\t\t<section class=\"elementor-section elementor-top-section elementor-element elementor-element-4676fa2 elementor-section-stretched elementor-section-boxed elementor-section-height-default elementor-section-height-default tf-sticky-no tf-sticky-scroll-down-yes\" data-id=\"4676fa2\" data-element_type=\"section\" data-e-type=\"section\" data-settings=\"{&quot;stretch_section&quot;:&quot;section-stretched&quot;,&quot;background_background&quot;:&quot;classic&quot;,&quot;tf_sticky&quot;:&quot;no&quot;,&quot;tf_sticky_scroll_down&quot;:&quot;yes&quot;}\">\n\t\t\t\t\t\t\t<div class=\"elementor-background-overlay\"><\/div>\n\t\t\t\t\t\t\t<div class=\"elementor-container elementor-column-gap-extended\">\n\t\t\t\t\t<div class=\"elementor-column elementor-col-50 elementor-top-column elementor-element elementor-element-b10c0dd\" data-id=\"b10c0dd\" data-element_type=\"column\" data-e-type=\"column\">\n\t\t\t<div class=\"elementor-widget-wrap elementor-element-populated\">\n\t\t\t\t\t\t<div class=\"elementor-element elementor-element-df106a5 elementor-widget elementor-widget-spacer\" data-id=\"df106a5\" data-element_type=\"widget\" data-e-type=\"widget\" data-widget_type=\"spacer.default\">\n\t\t\t\t<div class=\"elementor-widget-container\">\n\t\t\t\t\t\t\t<div class=\"elementor-spacer\">\n\t\t\t<div class=\"elementor-spacer-inner\"><\/div>\n\t\t<\/div>\n\t\t\t\t\t\t<\/div>\n\t\t\t\t<\/div>\n\t\t\t\t<div class=\"elementor-element elementor-element-d56a9af elementor-widget elementor-widget-spacer\" data-id=\"d56a9af\" data-element_type=\"widget\" data-e-type=\"widget\" data-widget_type=\"spacer.default\">\n\t\t\t\t<div class=\"elementor-widget-container\">\n\t\t\t\t\t\t\t<div class=\"elementor-spacer\">\n\t\t\t<div class=\"elementor-spacer-inner\"><\/div>\n\t\t<\/div>\n\t\t\t\t\t\t<\/div>\n\t\t\t\t<\/div>\n\t\t\t\t<div class=\"elementor-element elementor-element-ed6fe11 elementor-widget elementor-widget-tf-icon-list\" data-id=\"ed6fe11\" data-element_type=\"widget\" data-e-type=\"widget\" data-widget_type=\"tf-icon-list.default\">\n\t\t\t\t<div class=\"elementor-widget-container\">\n\t\t\t\t\t\t\t<div id=\"tf-icon-list-ed6fe11\" class=\"tf-icon-list\" data-tabid=\"ed6fe11\">\t\t\t\n\t\t\t<ul class=\"list-items default\">\n\t\t\t\t\t\t\t\t<li class=\"list-item\">\t\t\t\t\t\t\t\t\n\t\t\t\t\t<span class=\"list-icon\">\n\t\t\t\t\t\t<i aria-hidden=\"true\" class=\"hameladigital-icon- hamela-digital-icon-phone-call\"><\/i>\t\t\t\t\t\t\t\t\t\t\t<\/span>\t\n\t\t\t\t\t<span class=\"list-content\">\n\t\t\t\t\t\t<span class=\"title\">APPELEZ-NOUS<\/span>\n\t\t\t\t\t\t<span class=\"desc\"><a href=\"tel:(418) 654-0310\">(418) 654-0310<\/a><br>\n<a href=\"tel:(418) 652-1974\">(418) 652-1974<\/a><\/span>\n\t\t\t\t\t<\/span>\t\n\t\t\t\t<\/li>\n\t\t\t\t\t\t\t\t<li class=\"list-item\">\t\t\t\t\t\t\t\t\n\t\t\t\t\t<span class=\"list-icon\">\n\t\t\t\t\t\t<i aria-hidden=\"true\" class=\"hameladigital-icon- hamela-digital-icon-email-3\"><\/i>\t\t\t\t\t\t\t\t\t\t\t<\/span>\t\n\t\t\t\t\t<span class=\"list-content\">\n\t\t\t\t\t\t<span class=\"title\">ENVOYEZ-NOUS UN COURRIEL<\/span>\n\t\t\t\t\t\t<span class=\"desc\"><b>Linda McNicoll<\/b>\n<a href=\"mailto:info@steponguides.com\">info@steponguides.com<\/a><br>\n<b>Kathy Stewart<\/b>\n<a href=\"mailto:info@steponguides.com\">info@steponguides.com<\/a><\/span>\n\t\t\t\t\t<\/span>\t\n\t\t\t\t<\/li>\n\t\t\t\t\t\t\t\t<li class=\"list-item\">\t\t\t\t\t\t\t\t\n\t\t\t\t\t<span class=\"list-icon\">\n\t\t\t\t\t\t<i aria-hidden=\"true\" class=\"hameladigital-icon- hamela-digital-icon-phone-call\"><\/i>\t\t\t\t\t\t\t\t\t\t\t<\/span>\t\n\t\t\t\t\t<span class=\"list-content\">\n\t\t\t\t\t\t<span class=\"title\">Num\u00e9ro Sans Frais<\/span>\n\t\t\t\t\t\t<span class=\"desc\"><a href=\"tel:1-800-363-3220\">1-800-363-3220<\/a><\/span>\n\t\t\t\t\t<\/span>\t\n\t\t\t\t<\/li>\n\t\t\t\t\t\t\t<\/ul>\t\t\t\n\t\t<\/div>\t\t\n\t\t\t\t\t\t<\/div>\n\t\t\t\t<\/div>\n\t\t\t\t\t<\/div>\n\t\t<\/div>\n\t\t\t\t<div class=\"elementor-column elementor-col-50 elementor-top-column elementor-element elementor-element-47bb402\" data-id=\"47bb402\" data-element_type=\"column\" data-e-type=\"column\">\n\t\t\t<div class=\"elementor-widget-wrap elementor-element-populated\">\n\t\t\t\t\t\t<div class=\"elementor-element elementor-element-7b31fda elementor-widget elementor-widget-spacer\" data-id=\"7b31fda\" data-element_type=\"widget\" data-e-type=\"widget\" data-widget_type=\"spacer.default\">\n\t\t\t\t<div class=\"elementor-widget-container\">\n\t\t\t\t\t\t\t<div class=\"elementor-spacer\">\n\t\t\t<div class=\"elementor-spacer-inner\"><\/div>\n\t\t<\/div>\n\t\t\t\t\t\t<\/div>\n\t\t\t\t<\/div>\n\t\t\t\t<section class=\"elementor-section elementor-inner-section elementor-element elementor-element-4bf7d4e elementor-section-boxed elementor-section-height-default elementor-section-height-default tf-sticky-no tf-sticky-scroll-down-yes\" data-id=\"4bf7d4e\" data-element_type=\"section\" data-e-type=\"section\" data-settings=\"{&quot;background_background&quot;:&quot;classic&quot;,&quot;tf_sticky&quot;:&quot;no&quot;,&quot;tf_sticky_scroll_down&quot;:&quot;yes&quot;}\">\n\t\t\t\t\t\t<div class=\"elementor-container elementor-column-gap-no\">\n\t\t\t\t\t<div class=\"elementor-column elementor-col-100 elementor-inner-column elementor-element elementor-element-168c7a4 elementor-hidden-desktop elementor-hidden-tablet elementor-hidden-mobile\" data-id=\"168c7a4\" data-element_type=\"column\" data-e-type=\"column\">\n\t\t\t<div class=\"elementor-widget-wrap elementor-element-populated\">\n\t\t\t\t\t\t<div class=\"elementor-element elementor-element-95c0359 elementor-widget elementor-widget-heading\" data-id=\"95c0359\" data-element_type=\"widget\" data-e-type=\"widget\" data-widget_type=\"heading.default\">\n\t\t\t\t<div class=\"elementor-widget-container\">\n\t\t\t\t\t<h2 class=\"elementor-heading-title elementor-size-default\">PRENEZ CONTACT<\/h2>\t\t\t\t<\/div>\n\t\t\t\t<\/div>\n\t\t\t\t<div class=\"elementor-element elementor-element-4c49191 elementor-widget elementor-widget-spacer\" data-id=\"4c49191\" data-element_type=\"widget\" data-e-type=\"widget\" data-widget_type=\"spacer.default\">\n\t\t\t\t<div class=\"elementor-widget-container\">\n\t\t\t\t\t\t\t<div class=\"elementor-spacer\">\n\t\t\t<div class=\"elementor-spacer-inner\"><\/div>\n\t\t<\/div>\n\t\t\t\t\t\t<\/div>\n\t\t\t\t<\/div>\n\t\t\t\t<div class=\"elementor-element elementor-element-d38ef23 elementor-widget elementor-widget-shortcode\" data-id=\"d38ef23\" data-element_type=\"widget\" data-e-type=\"widget\" data-widget_type=\"shortcode.default\">\n\t\t\t\t<div class=\"elementor-widget-container\">\n\t\t\t\t\t\t\t<div class=\"elementor-shortcode\">\n<div class=\"wpcf7 no-js\" id=\"wpcf7-f7177-o1\" lang=\"en-US\" dir=\"ltr\" data-wpcf7-id=\"7177\">\n<div class=\"screen-reader-response\"><p role=\"status\" aria-live=\"polite\" aria-atomic=\"true\"><\/p> <ul><\/ul><\/div>\n<form action=\"\/fr\/wp-json\/wp\/v2\/pages\/15#wpcf7-f7177-o1\" method=\"post\" class=\"wpcf7-form init\" aria-label=\"Contact form\" novalidate=\"novalidate\" data-status=\"init\" data-trp-original-action=\"\/fr\/wp-json\/wp\/v2\/pages\/15#wpcf7-f7177-o1\">\n<fieldset class=\"hidden-fields-container\"><input type=\"hidden\" name=\"_wpcf7\" value=\"7177\" \/><input type=\"hidden\" name=\"_wpcf7_version\" value=\"6.1.5\" \/><input type=\"hidden\" name=\"_wpcf7_locale\" value=\"en_US\" \/><input type=\"hidden\" name=\"_wpcf7_unit_tag\" value=\"wpcf7-f7177-o1\" \/><input type=\"hidden\" name=\"_wpcf7_container_post\" value=\"0\" \/><input type=\"hidden\" name=\"_wpcf7_posted_data_hash\" value=\"\" \/><input type=\"hidden\" name=\"_wpcf7_recaptcha_response\" value=\"\" \/>\n<\/fieldset>\n<div class=\"wpcf7-turnstile cf-turnstile\" data-sitekey=\"0x4AAAAAACzFxfFuLdBcef2T\" data-response-field-name=\"_wpcf7_turnstile_response\"><\/div>\n\n<div class=\"contact-home4\">\n\n<div class=\"input-filled\">\nNom*<i class=\"hamela-digital-icon-user input-icon\"><\/i><span class=\"wpcf7-form-control-wrap\" data-name=\"text-649\"><input size=\"40\" maxlength=\"400\" class=\"wpcf7-form-control wpcf7-text wpcf7-validates-as-required\" aria-required=\"true\" aria-invalid=\"false\" placeholder=\"\" value=\"\" type=\"text\" name=\"text-649\" \/><\/span>\n<\/div>\n\n<div class=\"input-filled\">\nEmail*<i class=\"hamela-digital-icon-email input-icon\"><\/i><span class=\"wpcf7-form-control-wrap\" data-name=\"email-266\"><input size=\"40\" maxlength=\"400\" class=\"wpcf7-form-control wpcf7-email wpcf7-validates-as-required wpcf7-text wpcf7-validates-as-email\" aria-required=\"true\" aria-invalid=\"false\" value=\"\" type=\"email\" name=\"email-266\" \/><\/span>\n<\/div>\n\n<div class=\"input-filled\">\nNum\u00e9ro de t\u00e9l\u00e9phone*<i class=\"hamela-digital-icon-phone-call input-icon\"><\/i><span class=\"wpcf7-form-control-wrap\" data-name=\"tel-889\"><input size=\"40\" maxlength=\"400\" class=\"wpcf7-form-control wpcf7-tel wpcf7-text wpcf7-validates-as-tel\" aria-invalid=\"false\" value=\"\" type=\"tel\" name=\"tel-889\" \/><\/span>\n<\/div>\n\n<div class=\"input-filled\">\nMessage*<i><\/i><span class=\"wpcf7-form-control-wrap\" data-name=\"textarea-204\"><textarea cols=\"40\" rows=\"10\" maxlength=\"2000\" class=\"wpcf7-form-control wpcf7-textarea wpcf7-validates-as-required\" aria-required=\"true\" aria-invalid=\"false\" name=\"textarea-204\"><\/textarea><\/span>\n<\/div>\n\n<input class=\"wpcf7-form-control wpcf7-submit has-spinner\" type=\"submit\" value=\"Envoyer\" \/>\n\n<\/div><div class=\"wpcf7-response-output\" aria-hidden=\"true\"><\/div>\n<input type=\"hidden\" name=\"trp-form-language\" value=\"fr\"\/><\/form>\n<\/div>\n<\/div>\n\t\t\t\t\t\t<\/div>\n\t\t\t\t<\/div>\n\t\t\t\t\t<\/div>\n\t\t<\/div>\n\t\t\t\t\t<\/div>\n\t\t<\/section>\n\t\t\t\t\t<\/div>\n\t\t<\/div>\n\t\t\t\t\t<\/div>\n\t\t<\/section>\n\t\t\t\t<\/div>","protected":false},"excerpt":{"rendered":"<p>Contact Us Call us on (418) 654-0310 (418) 652-1974 Mail us Linda McNicoll info@steponguides.com Kathy Stewart info@steponguides.com Toll Free 1-800-363-3220 Get in touch<\/p>","protected":false},"author":1,"featured_media":8691,"parent":0,"menu_order":0,"comment_status":"closed","ping_status":"closed","template":"page-nopadding.php","meta":{"footnotes":""},"class_list":["post-15","page","type-page","status-publish","has-post-thumbnail","hentry"],"yoast_head":"<!-- This site is optimized with the Yoast SEO plugin v27.3 - https:\/\/yoast.com\/product\/yoast-seo-wordpress\/ -->\n<title>Stepon Guides Canada Inc. | Contact<\/title>\n<meta name=\"robots\" content=\"index, follow, max-snippet:-1, max-image-preview:large, max-video-preview:-1\" \/>\n<link rel=\"canonical\" href=\"https:\/\/steponguides.com\/fr\/contact.html\/\" \/>\n<meta property=\"og:locale\" content=\"fr_FR\" \/>\n<meta property=\"og:type\" content=\"article\" \/>\n<meta property=\"og:title\" content=\"Stepon Guides Canada Inc. | Contact\" \/>\n<meta property=\"og:description\" content=\"Contact Us Call us on (418) 654-0310 (418) 652-1974 Mail us Linda McNicoll info@steponguides.com Kathy Stewart info@steponguides.com Toll Free 1-800-363-3220 Get in touch\" \/>\n<meta property=\"og:url\" content=\"https:\/\/steponguides.com\/fr\/contact.html\/\" \/>\n<meta property=\"og:site_name\" content=\"Welcome to Stepon Guides Canada Inc.\" \/>\n<meta property=\"article:modified_time\" content=\"2025-09-23T16:43:32+00:00\" \/>\n<meta property=\"og:image\" content=\"https:\/\/steponguides.com\/wp-content\/uploads\/2024\/05\/Contact-Us-1-e1714782095125-1024x482.png\" \/>\n\t<meta property=\"og:image:width\" content=\"1024\" \/>\n\t<meta property=\"og:image:height\" content=\"482\" \/>\n\t<meta property=\"og:image:type\" content=\"image\/png\" \/>\n<meta name=\"twitter:card\" content=\"summary_large_image\" \/>\n<meta name=\"twitter:label1\" content=\"Dur\u00e9e de lecture estim\u00e9e\" \/>\n\t<meta name=\"twitter:data1\" content=\"1 minute\" \/>\n<script type=\"application\/ld+json\" class=\"yoast-schema-graph\">{\"@context\":\"https:\\\/\\\/schema.org\",\"@graph\":[{\"@type\":\"WebPage\",\"@id\":\"https:\\\/\\\/steponguides.com\\\/contact.html\",\"url\":\"https:\\\/\\\/steponguides.com\\\/contact.html\",\"name\":\"Stepon Guides Canada Inc. | Contact\",\"isPartOf\":{\"@id\":\"https:\\\/\\\/15.157.98.217\\\/#website\"},\"primaryImageOfPage\":{\"@id\":\"https:\\\/\\\/steponguides.com\\\/contact.html#primaryimage\"},\"image\":{\"@id\":\"https:\\\/\\\/steponguides.com\\\/contact.html#primaryimage\"},\"thumbnailUrl\":\"https:\\\/\\\/steponguides.com\\\/wp-content\\\/uploads\\\/2024\\\/05\\\/Contact-Us-1-e1714782095125.png\",\"datePublished\":\"2021-07-14T09:58:14+00:00\",\"dateModified\":\"2025-09-23T16:43:32+00:00\",\"breadcrumb\":{\"@id\":\"https:\\\/\\\/steponguides.com\\\/contact.html#breadcrumb\"},\"inLanguage\":\"fr-FR\",\"potentialAction\":[{\"@type\":\"ReadAction\",\"target\":[\"https:\\\/\\\/steponguides.com\\\/contact.html\"]}]},{\"@type\":\"ImageObject\",\"inLanguage\":\"fr-FR\",\"@id\":\"https:\\\/\\\/steponguides.com\\\/contact.html#primaryimage\",\"url\":\"https:\\\/\\\/steponguides.com\\\/wp-content\\\/uploads\\\/2024\\\/05\\\/Contact-Us-1-e1714782095125.png\",\"contentUrl\":\"https:\\\/\\\/steponguides.com\\\/wp-content\\\/uploads\\\/2024\\\/05\\\/Contact-Us-1-e1714782095125.png\",\"width\":1692,\"height\":796},{\"@type\":\"BreadcrumbList\",\"@id\":\"https:\\\/\\\/steponguides.com\\\/contact.html#breadcrumb\",\"itemListElement\":[{\"@type\":\"ListItem\",\"position\":1,\"name\":\"Home\",\"item\":\"https:\\\/\\\/steponguides.com\\\/fr\\\/\"},{\"@type\":\"ListItem\",\"position\":2,\"name\":\"Contact\"}]},{\"@type\":\"WebSite\",\"@id\":\"https:\\\/\\\/15.157.98.217\\\/#website\",\"url\":\"https:\\\/\\\/15.157.98.217\\\/\",\"name\":\"Welcome to Stepon Guides Canada Inc.\",\"description\":\"Welcome to Stepon Guides Canada Inc.\",\"potentialAction\":[{\"@type\":\"SearchAction\",\"target\":{\"@type\":\"EntryPoint\",\"urlTemplate\":\"https:\\\/\\\/15.157.98.217\\\/?s={search_term_string}\"},\"query-input\":{\"@type\":\"PropertyValueSpecification\",\"valueRequired\":true,\"valueName\":\"search_term_string\"}}],\"inLanguage\":\"fr-FR\"}]}<\/script>\n<!-- \/ Yoast SEO plugin. -->","yoast_head_json":{"title":"Stepon Guides Canada Inc. | Contact","robots":{"index":"index","follow":"follow","max-snippet":"max-snippet:-1","max-image-preview":"max-image-preview:large","max-video-preview":"max-video-preview:-1"},"canonical":"https:\/\/steponguides.com\/fr\/contact.html\/","og_locale":"fr_FR","og_type":"article","og_title":"Stepon Guides Canada Inc. | Contact","og_description":"Contact Us Call us on (418) 654-0310 (418) 652-1974 Mail us Linda McNicoll info@steponguides.com Kathy Stewart info@steponguides.com Toll Free 1-800-363-3220 Get in touch","og_url":"https:\/\/steponguides.com\/fr\/contact.html\/","og_site_name":"Welcome to Stepon Guides Canada Inc.","article_modified_time":"2025-09-23T16:43:32+00:00","og_image":[{"width":1024,"height":482,"url":"https:\/\/steponguides.com\/wp-content\/uploads\/2024\/05\/Contact-Us-1-e1714782095125-1024x482.png","type":"image\/png"}],"twitter_card":"summary_large_image","twitter_misc":{"Dur\u00e9e de lecture estim\u00e9e":"1 minute"},"schema":{"@context":"https:\/\/schema.org","@graph":[{"@type":"WebPage","@id":"https:\/\/steponguides.com\/contact.html","url":"https:\/\/steponguides.com\/contact.html","name":"Stepon Guides Canada Inc. | Contact","isPartOf":{"@id":"https:\/\/15.157.98.217\/#website"},"primaryImageOfPage":{"@id":"https:\/\/steponguides.com\/contact.html#primaryimage"},"image":{"@id":"https:\/\/steponguides.com\/contact.html#primaryimage"},"thumbnailUrl":"https:\/\/steponguides.com\/wp-content\/uploads\/2024\/05\/Contact-Us-1-e1714782095125.png","datePublished":"2021-07-14T09:58:14+00:00","dateModified":"2025-09-23T16:43:32+00:00","breadcrumb":{"@id":"https:\/\/steponguides.com\/contact.html#breadcrumb"},"inLanguage":"fr-FR","potentialAction":[{"@type":"ReadAction","target":["https:\/\/steponguides.com\/contact.html"]}]},{"@type":"ImageObject","inLanguage":"fr-FR","@id":"https:\/\/steponguides.com\/contact.html#primaryimage","url":"https:\/\/steponguides.com\/wp-content\/uploads\/2024\/05\/Contact-Us-1-e1714782095125.png","contentUrl":"https:\/\/steponguides.com\/wp-content\/uploads\/2024\/05\/Contact-Us-1-e1714782095125.png","width":1692,"height":796},{"@type":"BreadcrumbList","@id":"https:\/\/steponguides.com\/contact.html#breadcrumb","itemListElement":[{"@type":"ListItem","position":1,"name":"Home","item":"https:\/\/steponguides.com\/fr\/"},{"@type":"ListItem","position":2,"name":"Contact"}]},{"@type":"WebSite","@id":"https:\/\/15.157.98.217\/#website","url":"https:\/\/15.157.98.217\/","name":"Bienvenu \u00e0 Stepon Guides Canada Inc.","description":"Bienvenu \u00e0 Stepon Guides Canada Inc.","potentialAction":[{"@type":"SearchAction","target":{"@type":"EntryPoint","urlTemplate":"https:\/\/15.157.98.217\/?s={search_term_string}"},"query-input":{"@type":"PropertyValueSpecification","valueRequired":true,"valueName":"search_term_string"}}],"inLanguage":"fr-FR"}]}},"_links":{"self":[{"href":"https:\/\/steponguides.com\/fr\/wp-json\/wp\/v2\/pages\/15","targetHints":{"allow":["GET"]}}],"collection":[{"href":"https:\/\/steponguides.com\/fr\/wp-json\/wp\/v2\/pages"}],"about":[{"href":"https:\/\/steponguides.com\/fr\/wp-json\/wp\/v2\/types\/page"}],"author":[{"embeddable":true,"href":"https:\/\/steponguides.com\/fr\/wp-json\/wp\/v2\/users\/1"}],"replies":[{"embeddable":true,"href":"https:\/\/steponguides.com\/fr\/wp-json\/wp\/v2\/comments?post=15"}],"version-history":[{"count":100,"href":"https:\/\/steponguides.com\/fr\/wp-json\/wp\/v2\/pages\/15\/revisions"}],"predecessor-version":[{"id":8765,"href":"https:\/\/steponguides.com\/fr\/wp-json\/wp\/v2\/pages\/15\/revisions\/8765"}],"wp:featuredmedia":[{"embeddable":true,"href":"https:\/\/steponguides.com\/fr\/wp-json\/wp\/v2\/media\/8691"}],"wp:attachment":[{"href":"https:\/\/steponguides.com\/fr\/wp-json\/wp\/v2\/media?parent=15"}],"curies":[{"name":"wp","href":"https:\/\/api.w.org\/{rel}","templated":true}]}}