{"id":1031,"date":"2021-08-25T07:38:59","date_gmt":"2021-08-25T07:38:59","guid":{"rendered":"https:\/\/www.hamelawp.demothemesflat.com\/?page_id=1031"},"modified":"2026-04-03T05:05:22","modified_gmt":"2026-04-03T05:05:22","slug":"receptive-services","status":"publish","type":"page","link":"https:\/\/steponguides.com\/fr\/receptive-services.html","title":{"rendered":"Services d'accueil"},"content":{"rendered":"<div data-elementor-type=\"wp-page\" data-elementor-id=\"1031\" class=\"elementor elementor-1031\">\n\t\t\t\t\t\t<section class=\"elementor-section elementor-top-section elementor-element elementor-element-4c15a9f elementor-section-boxed elementor-section-height-default elementor-section-height-default tf-sticky-no tf-sticky-scroll-down-yes\" data-id=\"4c15a9f\" data-element_type=\"section\" data-e-type=\"section\" data-settings=\"{&quot;background_background&quot;:&quot;classic&quot;,&quot;tf_sticky&quot;:&quot;no&quot;,&quot;tf_sticky_scroll_down&quot;:&quot;yes&quot;}\">\n\t\t\t\t\t\t<div class=\"elementor-container elementor-column-gap-no\">\n\t\t\t\t\t<div class=\"elementor-column elementor-col-100 elementor-top-column elementor-element elementor-element-67e80f8\" data-id=\"67e80f8\" data-element_type=\"column\" data-e-type=\"column\">\n\t\t\t<div class=\"elementor-widget-wrap elementor-element-populated\">\n\t\t\t\t\t\t<div class=\"elementor-element elementor-element-61950a9 elementor-widget elementor-widget-spacer\" data-id=\"61950a9\" data-element_type=\"widget\" data-e-type=\"widget\" data-widget_type=\"spacer.default\">\n\t\t\t\t<div class=\"elementor-widget-container\">\n\t\t\t\t\t\t\t<div class=\"elementor-spacer\">\n\t\t\t<div class=\"elementor-spacer-inner\"><\/div>\n\t\t<\/div>\n\t\t\t\t\t\t<\/div>\n\t\t\t\t<\/div>\n\t\t\t\t<div class=\"elementor-element elementor-element-6ee418d elementor-widget elementor-widget-heading\" data-id=\"6ee418d\" data-element_type=\"widget\" data-e-type=\"widget\" data-widget_type=\"heading.default\">\n\t\t\t\t<div class=\"elementor-widget-container\">\n\t\t\t\t\t<h2 class=\"elementor-heading-title elementor-size-default\">Nos services<\/h2>\t\t\t\t<\/div>\n\t\t\t\t<\/div>\n\t\t\t\t<div class=\"elementor-element elementor-element-5f83c8a elementor-widget elementor-widget-spacer\" data-id=\"5f83c8a\" data-element_type=\"widget\" data-e-type=\"widget\" data-widget_type=\"spacer.default\">\n\t\t\t\t<div class=\"elementor-widget-container\">\n\t\t\t\t\t\t\t<div class=\"elementor-spacer\">\n\t\t\t<div class=\"elementor-spacer-inner\"><\/div>\n\t\t<\/div>\n\t\t\t\t\t\t<\/div>\n\t\t\t\t<\/div>\n\t\t\t\t<section class=\"elementor-section elementor-inner-section elementor-element elementor-element-9a84475 elementor-section-boxed elementor-section-height-default elementor-section-height-default tf-sticky-no tf-sticky-scroll-down-yes\" data-id=\"9a84475\" data-element_type=\"section\" data-e-type=\"section\" data-settings=\"{&quot;tf_sticky&quot;:&quot;no&quot;,&quot;tf_sticky_scroll_down&quot;:&quot;yes&quot;}\">\n\t\t\t\t\t\t<div class=\"elementor-container elementor-column-gap-extended\">\n\t\t\t\t\t<div class=\"elementor-column elementor-col-50 elementor-inner-column elementor-element elementor-element-157223a tfl-col-7\" data-id=\"157223a\" data-element_type=\"column\" data-e-type=\"column\">\n\t\t\t<div class=\"elementor-widget-wrap elementor-element-populated\">\n\t\t\t\t\t\t<div class=\"elementor-element elementor-element-b0c7340 elementor-widget elementor-widget-spacer\" data-id=\"b0c7340\" data-element_type=\"widget\" data-e-type=\"widget\" data-widget_type=\"spacer.default\">\n\t\t\t\t<div class=\"elementor-widget-container\">\n\t\t\t\t\t\t\t<div class=\"elementor-spacer\">\n\t\t\t<div class=\"elementor-spacer-inner\"><\/div>\n\t\t<\/div>\n\t\t\t\t\t\t<\/div>\n\t\t\t\t<\/div>\n\t\t\t\t<div class=\"elementor-element elementor-element-ef41f1f elementor-widget elementor-widget-text-editor\" data-id=\"ef41f1f\" data-element_type=\"widget\" data-e-type=\"widget\" data-widget_type=\"text-editor.default\">\n\t\t\t\t<div class=\"elementor-widget-container\">\n\t\t\t\t\t\t\t\t\t<span class=\"style1\">Services d'accueil<\/span>\t\t\t\t\t\t\t\t<\/div>\n\t\t\t\t<\/div>\n\t\t\t\t<div class=\"elementor-element elementor-element-9bde178 elementor-widget elementor-widget-text-editor\" data-id=\"9bde178\" data-element_type=\"widget\" data-e-type=\"widget\" data-widget_type=\"text-editor.default\">\n\t\t\t\t<div class=\"elementor-widget-container\">\n\t\t\t\t\t\t\t\t\t<p>Step On Guides offre des services d'accueil \u00e0 Qu\u00e9bec, Montr\u00e9al, Ottawa et dans les r\u00e9gions avoisinantes et au-del\u00e0. Nous vous fournissons des services complets de planification et de r\u00e9servation, avec ou sans gestionnaire de tourn\u00e9e ou accompagnateur. Aucune visite dans la province de Qu\u00e9bec ou la r\u00e9gion d'Ottawa n'est compl\u00e8te sans nous.<\/p><p>Step On Guides est en activit\u00e9 depuis plus de 40 ans, et notre exp\u00e9rience parle d'elle-m\u00eame. Nous connaissons les h\u00f4tels, les restaurants et les activit\u00e9s pour tous types de groupes \u2013 \u00e9tudiants, seniors, ou tours \u00e0 th\u00e8me particulier. Nous pouvons mettre en avant les magnifiques aspects historiques de nos r\u00e9gions, ou nous concentrer sur les casinos et autres \u00e9v\u00e9nements th\u00e9matiques en soir\u00e9e.<\/p><p>Une visite dans notre r\u00e9gion offre une grande vari\u00e9t\u00e9 d'opportunit\u00e9s pour les groupes en autocar \u2013 observation des baleines, croisi\u00e8res, restaurants fantastiques et h\u00f4tels charmants. Notre volume assure des tarifs tr\u00e8s comp\u00e9titifs et un acc\u00e8s \u00e0 l'inaccessible, y compris au prestigieux Club Garrison de Qu\u00e9bec, l'un des plus anciens clubs priv\u00e9s en Am\u00e9rique du Nord. Step On Guides sait ce que les groupes d\u00e9sirent, et nous planifions des itin\u00e9raires parfaitement adapt\u00e9s \u00e0 chacun.<\/p><p>Nous avons des itin\u00e9raires sugg\u00e9r\u00e9s disponibles, mais chacun est sur mesure selon les sp\u00e9cifications de votre groupe.<\/p><p>Asseyez-vous et profitez du voyage \u2013 nous faisons tout le travail pour vous !<\/p>\t\t\t\t\t\t\t\t<\/div>\n\t\t\t\t<\/div>\n\t\t\t\t<div class=\"elementor-element elementor-element-e7d04d2 elementor-widget elementor-widget-spacer\" data-id=\"e7d04d2\" data-element_type=\"widget\" data-e-type=\"widget\" data-widget_type=\"spacer.default\">\n\t\t\t\t<div class=\"elementor-widget-container\">\n\t\t\t\t\t\t\t<div class=\"elementor-spacer\">\n\t\t\t<div class=\"elementor-spacer-inner\"><\/div>\n\t\t<\/div>\n\t\t\t\t\t\t<\/div>\n\t\t\t\t<\/div>\n\t\t\t\t\t<\/div>\n\t\t<\/div>\n\t\t\t\t<div class=\"elementor-column elementor-col-50 elementor-inner-column elementor-element elementor-element-a01be5b tfl-col-7\" data-id=\"a01be5b\" data-element_type=\"column\" data-e-type=\"column\">\n\t\t\t<div class=\"elementor-widget-wrap elementor-element-populated\">\n\t\t\t\t\t\t<div class=\"elementor-element elementor-element-d65cf32 elementor-widget elementor-widget-image\" data-id=\"d65cf32\" data-element_type=\"widget\" data-e-type=\"widget\" data-widget_type=\"image.default\">\n\t\t\t\t<div class=\"elementor-widget-container\">\n\t\t\t\t\t\t\t\t\t\t\t\t\t\t\t<img fetchpriority=\"high\" decoding=\"async\" width=\"1614\" height=\"1080\" src=\"https:\/\/steponguides.com\/wp-content\/uploads\/2024\/05\/Receptive-Services.png\" class=\"attachment-full size-full wp-image-8594\" alt=\"\" srcset=\"https:\/\/steponguides.com\/wp-content\/uploads\/2024\/05\/Receptive-Services.png 1614w, https:\/\/steponguides.com\/wp-content\/uploads\/2024\/05\/Receptive-Services-300x201.png 300w, https:\/\/steponguides.com\/wp-content\/uploads\/2024\/05\/Receptive-Services-1024x685.png 1024w, https:\/\/steponguides.com\/wp-content\/uploads\/2024\/05\/Receptive-Services-768x514.png 768w, https:\/\/steponguides.com\/wp-content\/uploads\/2024\/05\/Receptive-Services-1536x1028.png 1536w, https:\/\/steponguides.com\/wp-content\/uploads\/2024\/05\/Receptive-Services-18x12.png 18w\" sizes=\"(max-width: 1614px) 100vw, 1614px\" \/>\t\t\t\t\t\t\t\t\t\t\t\t\t\t\t<\/div>\n\t\t\t\t<\/div>\n\t\t\t\t\t<\/div>\n\t\t<\/div>\n\t\t\t\t\t<\/div>\n\t\t<\/section>\n\t\t\t\t<div class=\"elementor-element elementor-element-ccd96ca elementor-widget elementor-widget-spacer\" data-id=\"ccd96ca\" data-element_type=\"widget\" data-e-type=\"widget\" data-widget_type=\"spacer.default\">\n\t\t\t\t<div class=\"elementor-widget-container\">\n\t\t\t\t\t\t\t<div class=\"elementor-spacer\">\n\t\t\t<div class=\"elementor-spacer-inner\"><\/div>\n\t\t<\/div>\n\t\t\t\t\t\t<\/div>\n\t\t\t\t<\/div>\n\t\t\t\t\t<\/div>\n\t\t<\/div>\n\t\t\t\t\t<\/div>\n\t\t<\/section>\n\t\t\t\t<section class=\"elementor-section elementor-top-section elementor-element elementor-element-d6f6622 elementor-section-stretched text-center elementor-section-boxed elementor-section-height-default elementor-section-height-default tf-sticky-no tf-sticky-scroll-down-yes\" data-id=\"d6f6622\" data-element_type=\"section\" data-e-type=\"section\" data-settings=\"{&quot;stretch_section&quot;:&quot;section-stretched&quot;,&quot;background_background&quot;:&quot;classic&quot;,&quot;tf_sticky&quot;:&quot;no&quot;,&quot;tf_sticky_scroll_down&quot;:&quot;yes&quot;}\">\n\t\t\t\t\t\t\t<div class=\"elementor-background-overlay\"><\/div>\n\t\t\t\t\t\t\t<div class=\"elementor-container elementor-column-gap-default\">\n\t\t\t\t\t<div class=\"elementor-column elementor-col-100 elementor-top-column elementor-element elementor-element-5076029\" data-id=\"5076029\" data-element_type=\"column\" data-e-type=\"column\">\n\t\t\t<div class=\"elementor-widget-wrap elementor-element-populated\">\n\t\t\t\t\t\t<div class=\"elementor-element elementor-element-ef5bc8d elementor-widget elementor-widget-spacer\" data-id=\"ef5bc8d\" data-element_type=\"widget\" data-e-type=\"widget\" data-widget_type=\"spacer.default\">\n\t\t\t\t<div class=\"elementor-widget-container\">\n\t\t\t\t\t\t\t<div class=\"elementor-spacer\">\n\t\t\t<div class=\"elementor-spacer-inner\"><\/div>\n\t\t<\/div>\n\t\t\t\t\t\t<\/div>\n\t\t\t\t<\/div>\n\t\t\t\t<div class=\"elementor-element elementor-element-e8d69aa facts-style elementor-widget__width-initial elementor-widget elementor-widget-text-editor\" data-id=\"e8d69aa\" data-element_type=\"widget\" data-e-type=\"widget\" data-widget_type=\"text-editor.default\">\n\t\t\t\t<div class=\"elementor-widget-container\">\n\t\t\t\t\t\t\t\t\tNOUS SOMMES L\u00c0 POUR VOUS AIDER\t\t\t\t\t\t\t\t<\/div>\n\t\t\t\t<\/div>\n\t\t\t\t<div class=\"elementor-element elementor-element-4dfe869 elementor-widget elementor-widget-spacer\" data-id=\"4dfe869\" data-element_type=\"widget\" data-e-type=\"widget\" data-widget_type=\"spacer.default\">\n\t\t\t\t<div class=\"elementor-widget-container\">\n\t\t\t\t\t\t\t<div class=\"elementor-spacer\">\n\t\t\t<div class=\"elementor-spacer-inner\"><\/div>\n\t\t<\/div>\n\t\t\t\t\t\t<\/div>\n\t\t\t\t<\/div>\n\t\t\t\t<div class=\"elementor-element elementor-element-35e3692 elementor-widget elementor-widget-tfl-button\" data-id=\"35e3692\" data-element_type=\"widget\" data-e-type=\"widget\" data-widget_type=\"tfl-button.default\">\n\t\t\t\t<div class=\"elementor-widget-container\">\n\t\t\t\t\t\n<div class=\"tfl-button tfl-style1 tfl-align-left\" >\n    <div class=\"tfl-content-wrapper\">\n        <a href=\"https:\/\/steponguides.com\/contact.html\">\n        \t<span class=\"text\"> Contactez-nous<\/span>\n            <span class=\"icon\">\n                 <i class=\"fas fa-plus\"><\/i>            <\/span>\n        <\/a>\n    <\/div>\n<\/div>\t\t\t\t<\/div>\n\t\t\t\t<\/div>\n\t\t\t\t<div class=\"elementor-element elementor-element-a99ae3a elementor-widget elementor-widget-spacer\" data-id=\"a99ae3a\" data-element_type=\"widget\" data-e-type=\"widget\" data-widget_type=\"spacer.default\">\n\t\t\t\t<div class=\"elementor-widget-container\">\n\t\t\t\t\t\t\t<div class=\"elementor-spacer\">\n\t\t\t<div class=\"elementor-spacer-inner\"><\/div>\n\t\t<\/div>\n\t\t\t\t\t\t<\/div>\n\t\t\t\t<\/div>\n\t\t\t\t\t<\/div>\n\t\t<\/div>\n\t\t\t\t\t<\/div>\n\t\t<\/section>\n\t\t\t\t<section class=\"elementor-section elementor-top-section elementor-element elementor-element-6b8e57d our-testimonials elementor-section-boxed elementor-section-height-default elementor-section-height-default tf-sticky-no tf-sticky-scroll-down-yes\" data-id=\"6b8e57d\" data-element_type=\"section\" data-e-type=\"section\" data-settings=\"{&quot;tf_sticky&quot;:&quot;no&quot;,&quot;tf_sticky_scroll_down&quot;:&quot;yes&quot;}\">\n\t\t\t\t\t\t<div class=\"elementor-container elementor-column-gap-extended\">\n\t\t\t\t\t<div class=\"elementor-column elementor-col-100 elementor-top-column elementor-element elementor-element-85ba4f9\" data-id=\"85ba4f9\" data-element_type=\"column\" data-e-type=\"column\">\n\t\t\t<div class=\"elementor-widget-wrap elementor-element-populated\">\n\t\t\t\t\t\t<div class=\"elementor-element elementor-element-08c813c elementor-widget elementor-widget-spacer\" data-id=\"08c813c\" data-element_type=\"widget\" data-e-type=\"widget\" data-widget_type=\"spacer.default\">\n\t\t\t\t<div class=\"elementor-widget-container\">\n\t\t\t\t\t\t\t<div class=\"elementor-spacer\">\n\t\t\t<div class=\"elementor-spacer-inner\"><\/div>\n\t\t<\/div>\n\t\t\t\t\t\t<\/div>\n\t\t\t\t<\/div>\n\t\t\t\t<div class=\"elementor-element elementor-element-e0ae1ed sub-mb-19 elementor-widget elementor-widget-tfl-heading\" data-id=\"e0ae1ed\" data-element_type=\"widget\" data-e-type=\"widget\" data-widget_type=\"tfl-heading.default\">\n\t\t\t\t<div class=\"elementor-widget-container\">\n\t\t\t\t\t\n<div class=\"tfl-heading tfl-style1 tfl-aligncenter\" >\n            <div class=\"tfl-subtitle\">\n            Nos T\u00e9moignages\n        <\/div>\n        <div class=\"tfl-title\">\n     NOUS APPORTONS DES CONTRIBUTIONS FORMIDABLES POUR NOS CLIENTS.<br>D\u00c9COUVREZ CE QUE DISENT CERTAINS DE NOS CLIENTS !\n    \n<\/div>\n<\/div>\t\t\t\t<\/div>\n\t\t\t\t<\/div>\n\t\t\t\t<div class=\"elementor-element elementor-element-4c1d029 elementor-widget elementor-widget-spacer\" data-id=\"4c1d029\" data-element_type=\"widget\" data-e-type=\"widget\" data-widget_type=\"spacer.default\">\n\t\t\t\t<div class=\"elementor-widget-container\">\n\t\t\t\t\t\t\t<div class=\"elementor-spacer\">\n\t\t\t<div class=\"elementor-spacer-inner\"><\/div>\n\t\t<\/div>\n\t\t\t\t\t\t<\/div>\n\t\t\t\t<\/div>\n\t\t\t\t<div class=\"elementor-element elementor-element-cb5d2d0 elementor-widget elementor-widget-tf-testimonial-carousel\" data-id=\"cb5d2d0\" data-element_type=\"widget\" data-e-type=\"widget\" data-widget_type=\"tf-testimonial-carousel.default\">\n\t\t\t\t<div class=\"elementor-widget-container\">\n\t\t\t\t\t\t\t<div class=\"tf-testimonial-carousel style-1 no-arrow has-bullets\" data-loop=\"yes\" data-auto=\"yes\" data-column=\"1\" data-column2=\"1\" data-column3=\"1\" data-spacer=\"30\" data-prev_icon=\"\" data-next_icon=\"\" data-arrow=\"no\" data-bullets=\"yes\">\n\t\t\t<div class=\"owl-carousel owl-theme\">\n\t\t\t\t\t\t\t\n\t\t\t\t<div class=\"item\">\n\n\t\t\t\t\t\t<div class=\"item-testimonial\">\n                                                            <div class=\"icon-quote\">\n                                    <img decoding=\"async\" src=\"https:\/\/steponguides.com\/wp-content\/plugins\/themesflat-addons\/assets\/img\/quote.png\" alt=\"image\">\n                                <\/div>\n                            \n\t\t\t\t\t\t\t<div class=\"description\"><p>Step On Guides has been taking care of our groups for almost 15 years every time they travel to Montreal, Quebec and Ottawa. We've probably had several hundred groups that were served by Stepon Guides and every time, we can count on the guides being on time, bilingual and knowledgeable of the areas.<\/p><p>I strongly recommend Step on Guides to anybody!<\/p><\/div>\n\t\t\t\t\t\t\t<div class=\"wrap-author\">\t\t\t\t\n\t\t\t\t\t\t\t\t<div class=\"content\">\n\t\t\t\t\t\t\t\t\t<div class=\"name\">Adam Hyde<\/div>\n\t\t\t\t\t\t\t\t\t<div class=\"position\">Niagara Falls Tours<\/div>\n\t\t\t\t\t\t\t\t<\/div>\n\t\t\t\t\t\t<\/div>\n\t\t\t\t\t\t<\/div>\n\t\t\t\t<\/div>\n\t\t\t\t\t\t<\/div>\n\t\t<\/div>\n\t\t\t\t\t\t<\/div>\n\t\t\t\t<\/div>\n\t\t\t\t\t<\/div>\n\t\t<\/div>\n\t\t\t\t\t<\/div>\n\t\t<\/section>\n\t\t\t\t<\/div>","protected":false},"excerpt":{"rendered":"<p>Our services Receptive ServicesStep On Guides offers receptive services in Quebec City, Montreal, Ottawa and points between and beyond. We provide you with full planning and booking services with or without a tour manager or escort. No visit to the province of [&hellip;]<\/p>\n","protected":false},"author":1,"featured_media":8125,"parent":0,"menu_order":0,"comment_status":"closed","ping_status":"closed","template":"page-nopadding.php","meta":{"footnotes":""},"class_list":["post-1031","page","type-page","status-publish","has-post-thumbnail","hentry"],"yoast_head":"<!-- This site is optimized with the Yoast SEO plugin v27.4 - https:\/\/yoast.com\/product\/yoast-seo-wordpress\/ -->\n<title>Stepon Guides Canada Inc. | Receptive Services<\/title>\n<meta name=\"robots\" content=\"index, follow, max-snippet:-1, max-image-preview:large, max-video-preview:-1\" \/>\n<link rel=\"canonical\" href=\"https:\/\/www.steponguides.com\/receptive-services.html\" \/>\n<meta property=\"og:locale\" content=\"fr_FR\" \/>\n<meta property=\"og:type\" content=\"article\" \/>\n<meta property=\"og:title\" content=\"Stepon Guides Canada Inc. | Receptive Services\" \/>\n<meta property=\"og:description\" content=\"Our services Receptive ServicesStep On Guides offers receptive services in Quebec City, Montreal, Ottawa and points between and beyond. We provide you with full planning and booking services with or without a tour manager or escort. No visit to the province of [&hellip;]\" \/>\n<meta property=\"og:url\" content=\"https:\/\/www.steponguides.com\/receptive-services.html\" \/>\n<meta property=\"og:site_name\" content=\"Welcome to Stepon Guides Canada Inc.\" \/>\n<meta property=\"article:modified_time\" content=\"2026-04-03T05:05:22+00:00\" \/>\n<meta property=\"og:image\" content=\"https:\/\/www.steponguides.com\/wp-content\/uploads\/2024\/04\/Ottawa-img.jpg\" \/>\n\t<meta property=\"og:image:width\" content=\"1920\" \/>\n\t<meta property=\"og:image:height\" content=\"829\" \/>\n\t<meta property=\"og:image:type\" content=\"image\/jpeg\" \/>\n<meta name=\"twitter:card\" content=\"summary_large_image\" \/>\n<meta name=\"twitter:label1\" content=\"Dur\u00e9e de lecture estim\u00e9e\" \/>\n\t<meta name=\"twitter:data1\" content=\"4 minutes\" \/>\n<script type=\"application\/ld+json\" class=\"yoast-schema-graph\">{\"@context\":\"https:\\\/\\\/schema.org\",\"@graph\":[{\"@type\":\"WebPage\",\"@id\":\"https:\\\/\\\/www.steponguides.com\\\/receptive-services.html\",\"url\":\"https:\\\/\\\/www.steponguides.com\\\/receptive-services.html\",\"name\":\"Stepon Guides Canada Inc. | Receptive Services\",\"isPartOf\":{\"@id\":\"https:\\\/\\\/steponguides.com:443\\\/#website\"},\"primaryImageOfPage\":{\"@id\":\"https:\\\/\\\/www.steponguides.com\\\/receptive-services.html#primaryimage\"},\"image\":{\"@id\":\"https:\\\/\\\/www.steponguides.com\\\/receptive-services.html#primaryimage\"},\"thumbnailUrl\":\"https:\\\/\\\/steponguides.com\\\/wp-content\\\/uploads\\\/2024\\\/04\\\/Ottawa-img.jpg\",\"datePublished\":\"2021-08-25T07:38:59+00:00\",\"dateModified\":\"2026-04-03T05:05:22+00:00\",\"breadcrumb\":{\"@id\":\"https:\\\/\\\/www.steponguides.com\\\/receptive-services.html#breadcrumb\"},\"inLanguage\":\"fr-FR\",\"potentialAction\":[{\"@type\":\"ReadAction\",\"target\":[\"https:\\\/\\\/www.steponguides.com\\\/receptive-services.html\"]}]},{\"@type\":\"ImageObject\",\"inLanguage\":\"fr-FR\",\"@id\":\"https:\\\/\\\/www.steponguides.com\\\/receptive-services.html#primaryimage\",\"url\":\"https:\\\/\\\/steponguides.com\\\/wp-content\\\/uploads\\\/2024\\\/04\\\/Ottawa-img.jpg\",\"contentUrl\":\"https:\\\/\\\/steponguides.com\\\/wp-content\\\/uploads\\\/2024\\\/04\\\/Ottawa-img.jpg\",\"width\":1920,\"height\":829},{\"@type\":\"BreadcrumbList\",\"@id\":\"https:\\\/\\\/www.steponguides.com\\\/receptive-services.html#breadcrumb\",\"itemListElement\":[{\"@type\":\"ListItem\",\"position\":1,\"name\":\"Home\",\"item\":\"https:\\\/\\\/steponguides.com:443\\\/\"},{\"@type\":\"ListItem\",\"position\":2,\"name\":\"Receptive Services\"}]},{\"@type\":\"WebSite\",\"@id\":\"https:\\\/\\\/steponguides.com:443\\\/#website\",\"url\":\"https:\\\/\\\/steponguides.com:443\\\/\",\"name\":\"Welcome to Stepon Guides Canada Inc.\",\"description\":\"Welcome to Stepon Guides Canada Inc.\",\"potentialAction\":[{\"@type\":\"SearchAction\",\"target\":{\"@type\":\"EntryPoint\",\"urlTemplate\":\"https:\\\/\\\/steponguides.com:443\\\/?s={search_term_string}\"},\"query-input\":{\"@type\":\"PropertyValueSpecification\",\"valueRequired\":true,\"valueName\":\"search_term_string\"}}],\"inLanguage\":\"fr-FR\"}]}<\/script>\n<!-- \/ Yoast SEO plugin. -->","yoast_head_json":{"title":"Stepon Guides Canada Inc. | Receptive Services","robots":{"index":"index","follow":"follow","max-snippet":"max-snippet:-1","max-image-preview":"max-image-preview:large","max-video-preview":"max-video-preview:-1"},"canonical":"https:\/\/www.steponguides.com\/receptive-services.html","og_locale":"fr_FR","og_type":"article","og_title":"Stepon Guides Canada Inc. | Receptive Services","og_description":"Our services Receptive ServicesStep On Guides offers receptive services in Quebec City, Montreal, Ottawa and points between and beyond. We provide you with full planning and booking services with or without a tour manager or escort. No visit to the province of [&hellip;]","og_url":"https:\/\/www.steponguides.com\/receptive-services.html","og_site_name":"Welcome to Stepon Guides Canada Inc.","article_modified_time":"2026-04-03T05:05:22+00:00","og_image":[{"width":1920,"height":829,"url":"https:\/\/www.steponguides.com\/wp-content\/uploads\/2024\/04\/Ottawa-img.jpg","type":"image\/jpeg"}],"twitter_card":"summary_large_image","twitter_misc":{"Dur\u00e9e de lecture estim\u00e9e":"4 minutes"},"schema":{"@context":"https:\/\/schema.org","@graph":[{"@type":"WebPage","@id":"https:\/\/www.steponguides.com\/receptive-services.html","url":"https:\/\/www.steponguides.com\/receptive-services.html","name":"Stepon Guides Canada Inc. | Receptive Services","isPartOf":{"@id":"https:\/\/steponguides.com:443\/#website"},"primaryImageOfPage":{"@id":"https:\/\/www.steponguides.com\/receptive-services.html#primaryimage"},"image":{"@id":"https:\/\/www.steponguides.com\/receptive-services.html#primaryimage"},"thumbnailUrl":"https:\/\/steponguides.com\/wp-content\/uploads\/2024\/04\/Ottawa-img.jpg","datePublished":"2021-08-25T07:38:59+00:00","dateModified":"2026-04-03T05:05:22+00:00","breadcrumb":{"@id":"https:\/\/www.steponguides.com\/receptive-services.html#breadcrumb"},"inLanguage":"fr-FR","potentialAction":[{"@type":"ReadAction","target":["https:\/\/www.steponguides.com\/receptive-services.html"]}]},{"@type":"ImageObject","inLanguage":"fr-FR","@id":"https:\/\/www.steponguides.com\/receptive-services.html#primaryimage","url":"https:\/\/steponguides.com\/wp-content\/uploads\/2024\/04\/Ottawa-img.jpg","contentUrl":"https:\/\/steponguides.com\/wp-content\/uploads\/2024\/04\/Ottawa-img.jpg","width":1920,"height":829},{"@type":"BreadcrumbList","@id":"https:\/\/www.steponguides.com\/receptive-services.html#breadcrumb","itemListElement":[{"@type":"ListItem","position":1,"name":"Home","item":"https:\/\/steponguides.com:443\/"},{"@type":"ListItem","position":2,"name":"Receptive Services"}]},{"@type":"WebSite","@id":"https:\/\/steponguides.com:443\/#website","url":"https:\/\/steponguides.com:443\/","name":"Bienvenu \u00e0 Stepon Guides Canada Inc.","description":"Bienvenu \u00e0 Stepon Guides Canada Inc.","potentialAction":[{"@type":"SearchAction","target":{"@type":"EntryPoint","urlTemplate":"https:\/\/steponguides.com:443\/?s={search_term_string}"},"query-input":{"@type":"PropertyValueSpecification","valueRequired":true,"valueName":"search_term_string"}}],"inLanguage":"fr-FR"}]}},"_links":{"self":[{"href":"https:\/\/steponguides.com\/fr\/wp-json\/wp\/v2\/pages\/1031","targetHints":{"allow":["GET"]}}],"collection":[{"href":"https:\/\/steponguides.com\/fr\/wp-json\/wp\/v2\/pages"}],"about":[{"href":"https:\/\/steponguides.com\/fr\/wp-json\/wp\/v2\/types\/page"}],"author":[{"embeddable":true,"href":"https:\/\/steponguides.com\/fr\/wp-json\/wp\/v2\/users\/1"}],"replies":[{"embeddable":true,"href":"https:\/\/steponguides.com\/fr\/wp-json\/wp\/v2\/comments?post=1031"}],"version-history":[{"count":139,"href":"https:\/\/steponguides.com\/fr\/wp-json\/wp\/v2\/pages\/1031\/revisions"}],"predecessor-version":[{"id":8786,"href":"https:\/\/steponguides.com\/fr\/wp-json\/wp\/v2\/pages\/1031\/revisions\/8786"}],"wp:featuredmedia":[{"embeddable":true,"href":"https:\/\/steponguides.com\/fr\/wp-json\/wp\/v2\/media\/8125"}],"wp:attachment":[{"href":"https:\/\/steponguides.com\/fr\/wp-json\/wp\/v2\/media?parent=1031"}],"curies":[{"name":"wp","href":"https:\/\/api.w.org\/{rel}","templated":true}]}}